{"id":2132,"date":"2023-08-30T13:53:51","date_gmt":"2023-08-30T10:53:51","guid":{"rendered":"https:\/\/paripesa.partners\/app\/"},"modified":"2024-05-03T12:39:13","modified_gmt":"2024-05-03T09:39:13","slug":"app","status":"publish","type":"page","link":"https:\/\/paripesa.partners\/tr\/app\/","title":{"rendered":"PariPesa UYGULAMASI: UYGULAMAYI T\u00dcRK\u0130YE&#8217;DE \u0130ND\u0130R\u0130N"},"content":{"rendered":"<section class=\"l-section wpb_row us_custom_ed6495de height_auto width_custom\" style=\"--site-content-width:1100px;\"><div class=\"l-section-h i-cf\"><div class=\"g-cols vc_row via_grid cols_1 laptops-cols_inherit tablets-cols_inherit mobiles-cols_1 valign_top type_default stacking_default\"><div class=\"wpb_column vc_column_container\"><div class=\"vc_column-inner\"><div class=\"w-separator size_custom\" style=\"height:30px\"><\/div><ol class=\"g-breadcrumbs separator_icon align_none\" role=\"navigation\" itemscope itemtype=\"http:\/\/schema.org\/BreadcrumbList\"><li class=\"g-breadcrumbs-item\" itemscope itemprop=\"itemListElement\" itemtype=\"http:\/\/schema.org\/ListItem\"><a itemprop=\"item\" href=\"https:\/\/paripesa.partners\/tr\/\"><span itemprop=\"name\">Giri\u015f<\/span><\/a><meta itemprop=\"position\" content=\"1\"\/><\/li><li class=\"g-breadcrumbs-separator\"><i class=\"far fa-angle-right\"><\/i><\/li><li class=\"g-breadcrumbs-item\">Sayfalar<\/li><\/ol><div class=\"w-separator size_custom\" style=\"height:30px\"><\/div><div class=\"wpb_text_column\"><div class=\"wpb_wrapper\"><h1><span style=\"font-weight: 400;\">\ud83d\udcf1 Yeni PariPesa&#8217;ya ho\u015f geldinizmobil spor bahisleri uygulamas\u0131! \ud83c\udf89<\/span><\/h1>\n<p><span style=\"font-weight: 400;\">Kullan\u0131c\u0131 dostu ve yenilik\u00e7i uygulamam\u0131z sayesinde, art\u0131k nerede olursan\u0131z olun ak\u0131ll\u0131 telefonunuzda veya tabletinizde en sevdi\u011finiz Paripesa casino oyunlar\u0131n\u0131n keyfini \u00e7\u0131karabilirsiniz!<\/span><\/p>\n<h2><span style=\"font-weight: 400;\">PariPesa uygulamas\u0131n\u0131 kullanman\u0131n faydalar\u0131ndan baz\u0131lar\u0131 \u015funlard\u0131r:<\/span><\/h2>\n<ul>\n<li style=\"font-weight: 400;\" aria-level=\"1\"><span style=\"font-weight: 400;\">\ud83c\udfb0 \u00c7e\u015fitli oyunlar:<\/span><b>kumar bahis uygulamas\u0131<\/b><span style=\"font-weight: 400;\"> Slotlar, rulet, blackjack, poker ve \u00e7ok daha fazlas\u0131n\u0131 i\u00e7eren y\u00fczlerce heyecan verici oyun aras\u0131ndan se\u00e7im yapabilirsiniz.<\/span><\/li>\n<li style=\"font-weight: 400;\" aria-level=\"1\"><span style=\"font-weight: 400;\">\ud83d\udcb0 G\u00fcvenlik ve Kolayl\u0131k: Uygulamam\u0131z g\u00fcvenli\u011finizi ve gizlili\u011finizi sa\u011flayarak oyunun keyfini endi\u015felenmeden \u00e7\u0131karman\u0131za olanak tan\u0131r.<\/span><\/li>\n<li style=\"font-weight: 400;\" aria-level=\"1\"><span style=\"font-weight: 400;\">\ud83d\udcc8 \u0130lerleme ve kazan\u00e7lar: Her zaman oyunun zirvesinde olmak i\u00e7in ilerlemenizi takip edin ve kazanc\u0131n\u0131z\u0131 ger\u00e7ek zamanl\u0131 olarak kontrol edin.<\/span><\/li>\n<li style=\"font-weight: 400;\" aria-level=\"1\"><span style=\"font-weight: 400;\">\ud83d\udd25 \u00d6zel teklifler: Kendinize daha fazla kazanma \u015fans\u0131 vermek i\u00e7in yaln\u0131zca uygulamam\u0131z arac\u0131l\u0131\u011f\u0131yla sunulan \u00f6zel promosyonlara ve promosyon kodlar\u0131na eri\u015fin.<\/span><\/li>\n<\/ul>\n<p><span style=\"font-weight: 400;\">Do\u011frudan mobil cihaz\u0131n\u0131zda unutulmaz bir oyun deneyimi ve b\u00fcy\u00fck kazan\u00e7lar elde etme \u015fans\u0131n\u0131z\u0131 ka\u00e7\u0131rmay\u0131n! PariPesa &#8216;y\u0131 indirin <\/span><b>\u00e7evrimi\u00e7i bahis spor uygulamas\u0131<\/b> <span style=\"font-weight: 400;\">bug\u00fcn ve heyecan verici oyun toplulu\u011fumuza kat\u0131l\u0131n!<\/span><\/p>\n<\/div><\/div><div class=\"w-separator size_custom\" style=\"height:30px\"><\/div><div class=\"w-btn-wrapper align_center\"><a class=\"w-btn us-btn-style_1\" href=\"https:\/\/combodef.com\/L?tag=d_4824699m_147506c_&amp;site=4824699&amp;ad=147506\"><span class=\"w-btn-label\">\u015e\u0130MD\u0130 KATIL<\/span><\/a><\/div><div class=\"w-separator size_custom\" style=\"height:30px\"><\/div><h2 class=\"w-text us_custom_d01ea1f6 has_text_color\"><span url class=\"w-text-h\"><span class=\"w-text-value\">EN SIK SORULAN SORULAR<\/span><\/span><\/h2><div class=\"w-separator size_custom\" style=\"height:30px\"><\/div><div class=\"w-tabs us_custom_3fbb5980 has_text_color style_default switch_click accordion has_scrolling\" style=\"--sections-title-size:22px\"><div class=\"w-tabs-sections titles-align_none icon_chevron cpos_right\"><div class=\"w-tabs-section\" id=\"f2b6\"><button class=\"w-tabs-section-header\" aria-controls=\"content-f2b6\" aria-expanded=\"false\"><div class=\"w-tabs-section-title\">CEP C\u0130HAZIMI KULLANARAK GER\u00c7EK PARA BAH\u0130SLER\u0130 OYNAYAB\u0130L\u0130R M\u0130Y\u0130M?<\/div><div class=\"w-tabs-section-control\"><\/div><\/button><div  class=\"w-tabs-section-content\" id=\"content-f2b6\"><div class=\"w-tabs-section-content-h i-cf\"><div class=\"wpb_text_column us_custom_dcb976c1 has_text_color\"><div class=\"wpb_wrapper\"><p>Evet, t\u00fcm para yat\u0131rma y\u00f6ntemlerini kullanabilir ve ger\u00e7ek parayla bahis oynayabilirsiniz.<\/p>\n<\/div><\/div><\/div><\/div><\/div><div class=\"w-tabs-section\" id=\"x39e\"><button class=\"w-tabs-section-header\" aria-controls=\"content-x39e\" aria-expanded=\"false\"><div class=\"w-tabs-section-title\">PariPesa UYGULAMASINDA HO\u015eGELD\u0130N\u0130Z BONUSU ALAB\u0130L\u0130R M\u0130Y\u0130M?<\/div><div class=\"w-tabs-section-control\"><\/div><\/button><div  class=\"w-tabs-section-content\" id=\"content-x39e\"><div class=\"w-tabs-section-content-h i-cf\"><div class=\"wpb_text_column us_custom_dcb976c1 has_text_color\"><div class=\"wpb_wrapper\"><p>Evet, mobil cihaz\u0131n\u0131 kullanarak kaydolan herkes para yat\u0131rd\u0131ktan sonra ho\u015f geldin bonusu alabilir.<\/p>\n<\/div><\/div><\/div><\/div><\/div><div class=\"w-tabs-section\" id=\"s47c\"><button class=\"w-tabs-section-header\" aria-controls=\"content-s47c\" aria-expanded=\"false\"><div class=\"w-tabs-section-title\">BOOKMAKER MOB\u0130L UYGULAMASINI KULLANARAK KAZANDIKLARIMI \u00c7EKEB\u0130L\u0130R M\u0130Y\u0130M?<\/div><div class=\"w-tabs-section-control\"><\/div><\/button><div  class=\"w-tabs-section-content\" id=\"content-s47c\"><div class=\"w-tabs-section-content-h i-cf\"><div class=\"wpb_text_column us_custom_dcb976c1 has_text_color\"><div class=\"wpb_wrapper\"><p>Evet, kazanc\u0131n\u0131z\u0131 almak i\u00e7in bir\u00e7ok para \u00e7ekme y\u00f6ntemi aras\u0131ndan se\u00e7im yapabilirsiniz.<\/p>\n<\/div><\/div><\/div><\/div><\/div><div class=\"w-tabs-section\" id=\"e550\"><button class=\"w-tabs-section-header\" aria-controls=\"content-e550\" aria-expanded=\"false\"><div class=\"w-tabs-section-title\">AKILLI TELEFONUMA UYGULAMA Y\u00dcKLEYEB\u0130L\u0130R M\u0130Y\u0130M?<\/div><div class=\"w-tabs-section-control\"><\/div><\/button><div  class=\"w-tabs-section-content\" id=\"content-e550\"><div class=\"w-tabs-section-content-h i-cf\"><div class=\"wpb_text_column us_custom_dcb976c1 has_text_color\"><div class=\"wpb_wrapper\"><p>Evet, Apple Store&#8217;dan, Google Play&#8217;den veya PariPesa web sitesinden indirebilirsiniz.<\/p>\n<\/div><\/div><\/div><\/div><\/div><\/div><\/div><div class=\"w-separator size_custom\" style=\"height:30px\"><\/div><\/div><\/div><\/div><\/div><\/section>\n","protected":false},"excerpt":{"rendered":"Giri\u015fSayfalar\ud83d\udcf1 Yeni PariPesa&#8217;ya ho\u015f geldinizmobil spor bahisleri uygulamas\u0131! \ud83c\udf89 Kullan\u0131c\u0131 dostu ve yenilik\u00e7i uygulamam\u0131z sayesinde, art\u0131k nerede olursan\u0131z olun ak\u0131ll\u0131 telefonunuzda veya tabletinizde en sevdi\u011finiz Paripesa casino oyunlar\u0131n\u0131n keyfini \u00e7\u0131karabilirsiniz! PariPesa uygulamas\u0131n\u0131 kullanman\u0131n faydalar\u0131ndan baz\u0131lar\u0131 \u015funlard\u0131r: \ud83c\udfb0 \u00c7e\u015fitli oyunlar:kumar bahis uygulamas\u0131 Slotlar, rulet, blackjack, poker ve \u00e7ok daha fazlas\u0131n\u0131 i\u00e7eren y\u00fczlerce heyecan verici oyun aras\u0131ndan...","protected":false},"author":1,"featured_media":2778,"parent":0,"menu_order":0,"comment_status":"closed","ping_status":"closed","template":"","meta":{"footnotes":""},"class_list":["post-2132","page","type-page","status-publish","has-post-thumbnail","hentry"],"_links":{"self":[{"href":"https:\/\/paripesa.partners\/tr\/wp-json\/wp\/v2\/pages\/2132","targetHints":{"allow":["GET"]}}],"collection":[{"href":"https:\/\/paripesa.partners\/tr\/wp-json\/wp\/v2\/pages"}],"about":[{"href":"https:\/\/paripesa.partners\/tr\/wp-json\/wp\/v2\/types\/page"}],"author":[{"embeddable":true,"href":"https:\/\/paripesa.partners\/tr\/wp-json\/wp\/v2\/users\/1"}],"replies":[{"embeddable":true,"href":"https:\/\/paripesa.partners\/tr\/wp-json\/wp\/v2\/comments?post=2132"}],"version-history":[{"count":2,"href":"https:\/\/paripesa.partners\/tr\/wp-json\/wp\/v2\/pages\/2132\/revisions"}],"predecessor-version":[{"id":3568,"href":"https:\/\/paripesa.partners\/tr\/wp-json\/wp\/v2\/pages\/2132\/revisions\/3568"}],"wp:featuredmedia":[{"embeddable":true,"href":"https:\/\/paripesa.partners\/tr\/wp-json\/wp\/v2\/media\/2778"}],"wp:attachment":[{"href":"https:\/\/paripesa.partners\/tr\/wp-json\/wp\/v2\/media?parent=2132"}],"curies":[{"name":"wp","href":"https:\/\/api.w.org\/{rel}","templated":true}]}}