{"id":2130,"date":"2023-08-30T09:17:46","date_gmt":"2023-08-30T06:17:46","guid":{"rendered":"https:\/\/paripesa.partners\/home\/"},"modified":"2025-06-11T14:33:14","modified_gmt":"2025-06-11T11:33:14","slug":"home","status":"publish","type":"page","link":"https:\/\/paripesa.partners\/tr\/","title":{"rendered":"PariPesa PARTNERLER\u0130 &#8211; EN \u0130Y\u0130 CAS\u0130NO ORTAKLIK PROGRAMI"},"content":{"rendered":"<section class=\"l-section wpb_row height_auto width_custom\" style=\"--site-content-width:1100px;\"><div class=\"l-section-h i-cf\"><div class=\"g-cols vc_row via_grid cols_1 laptops-cols_inherit tablets-cols_inherit mobiles-cols_1 valign_top type_default stacking_default\"><div class=\"wpb_column vc_column_container\"><div class=\"vc_column-inner\"><div class=\"w-separator size_custom\" style=\"height:30px\"><\/div><div class=\"wpb_text_column\"><div class=\"wpb_wrapper\"><h1><b>PariPesa Ortakl\u0131k Program\u0131na Nas\u0131l \u00dcye Olunur?<\/b><\/h1>\n<p><span style=\"font-weight: 400;\">Ba\u015flarken <\/span><span style=\"font-weight: 400;\">PariPesa ortakl\u0131k program\u0131<\/span><span style=\"font-weight: 400;\"> Herhangi bir spor bahis\u00e7isi i\u00e7in inan\u0131lmaz derecede basittir. Yolculu\u011funuza ba\u015flamak i\u00e7in <\/span><span style=\"font-weight: 400;\">\u00e7evrimi\u00e7i bahis\u00e7i PariPesa<\/span><span style=\"font-weight: 400;\"> Web sitesi i\u00e7in \u00f6ncelikle h\u0131zl\u0131 bir kay\u0131t s\u00fcrecinden ge\u00e7mek gerekiyor. Nas\u0131l \u00fcye olaca\u011f\u0131n\u0131z a\u015fa\u011f\u0131da a\u00e7\u0131klanm\u0131\u015ft\u0131r:<\/span><\/p>\n<ol>\n<li><span style=\"font-weight: 400;\"> PariPesa web sitesine kay\u0131t ol. Kullan\u0131c\u0131 ad\u0131n\u0131z, \u015fifreniz, diliniz, ki\u015fisel bilgileriniz, \u00f6deme y\u00f6nteminiz vb. gibi gerekli bilgileri sa\u011flayan formu doldurun. Devam etmek i\u00e7in kayd\u0131 tamamlay\u0131n.<\/span><\/li>\n<li><span style=\"font-weight: 400;\"> \u0130\u015fletmeniz i\u00e7in kazan\u00e7 modelini se\u00e7in <\/span><span style=\"font-weight: 400;\">PariPesa ba\u011fl\u0131 kurulu\u015fu<\/span><span style=\"font-weight: 400;\"> program\u0131. Mevcut \u00fc\u00e7 kazan\u00e7 modelini de\u011ferlendirin ve size en uygun olan\u0131 se\u00e7in.<\/span><\/li>\n<li><span style=\"font-weight: 400;\"> \u015eartlar ve ko\u015fullar\u0131 kabul edin <\/span><span style=\"font-weight: 400;\">PariPesa ortaklar\u0131 <\/span><span style=\"font-weight: 400;\">program\u0131. Web sitesinin h\u00fck\u00fcm ve ko\u015fullar\u0131n\u0131 kabul etmeden \u00f6nce t\u00fcm kurallar\u0131 dikkatlice oldu\u011funuzdan emin olun.<\/span><\/li>\n<\/ol>\n<p><span style=\"font-weight: 400;\">Bu \u00fc\u00e7 kolay ad\u0131m\u0131 takip ederek ortakl\u0131k program\u0131yla hemen para kazanmaya ba\u015flayabilirsiniz.<\/span><\/p>\n<h2><b>Bahis ortakl\u0131k programlar\u0131nda nas\u0131l m\u00fc\u015fteri edinir?<\/b><\/h2>\n<p><span style=\"font-weight: 400;\">Ba\u015flamak i\u00e7in <\/span><span style=\"font-weight: 400;\">PariPesa ba\u011fl\u0131 kurulu\u015fu<\/span><span style=\"font-weight: 400;\"> yolculuk, web sitesine kat\u0131lmak ve bahis yapmaya ba\u015flamak i\u00e7in yeni kullan\u0131c\u0131lar alman\u0131z gerekecektir. Bu, y\u00f6nlendirme ba\u011flant\u0131lar\u0131n\u0131z arac\u0131l\u0131\u011f\u0131yla yeni m\u00fc\u015fteriler \u00e7ekerek ve onlara promosyon kodlar\u0131 sunarak yap\u0131labilir. Hedef kitlenizi biliyorsan\u0131z spor bahis\u00e7ilerinin ve kumarhane kumarbazlar\u0131n\u0131n promosyon tekliflerini sevdi\u011fini bilirsiniz. Promosyon koduyla yeni kullan\u0131c\u0131lar\u0131 nas\u0131l \u00e7ekece\u011finiz a\u015fa\u011f\u0131da a\u00e7\u0131klanm\u0131\u015ft\u0131r:<\/span><\/p>\n<ul>\n<li><span style=\"font-weight: 400;\"> Do\u011frudan hesab\u0131n\u0131zda bir promosyon kodu olu\u015fturun.<\/span><\/li>\n<li><span style=\"font-weight: 400;\"> Yeni kullan\u0131c\u0131lara bir kupon kodu sunun; bu, y\u00f6nlendirme paras\u0131 kazanman\u0131z i\u00e7in oynat\u0131c\u0131y\u0131 size ba\u011flar.<\/span><\/li>\n<li><span style=\"font-weight: 400;\"> Teklifi yeni bahis\u00e7iler i\u00e7in daha da cazip hale getirmek amac\u0131yla m\u00fcmk\u00fcn oldu\u011funca \u00e7ok say\u0131da bonus f\u0131rsat\u0131 toplamak i\u00e7in promosyon kodlar\u0131n\u0131 kullan\u0131n.<\/span><\/li>\n<\/ul>\n<p><span style=\"font-weight: 400;\">PariPesa bunlardan biri <\/span><span style=\"font-weight: 400;\">en iyi spor bahis ortakl\u0131k programlar\u0131<\/span><span style=\"font-weight: 400;\"> ziyaret\u00e7ilerine sundu\u011fu kazan\u00e7l\u0131 bonuslar sayesinde.<\/span><\/p>\n<h2><b>Y\u00f6nlendirme ba\u011flant\u0131lar\u0131<\/b><\/h2>\n<p><span style=\"font-weight: 400;\">Y\u00f6nlendirme ba\u011flant\u0131lar\u0131yla \u00e7al\u0131\u015fmak basittir. Spor bahislerine benzersiz ba\u011flant\u0131lar olu\u015fturabilirsiniz ve <\/span><span style=\"font-weight: 400;\">casino \u00e7evrimi\u00e7i ortakl\u0131k program\u0131<\/span><span style=\"font-weight: 400;\"> hesab\u0131n\u0131za ekleyin ve bunlar\u0131 \u00e7evrimi\u00e7i olarak da\u011f\u0131t\u0131n. Ba\u011flant\u0131lar, t\u00fcm etkile\u015fimleri ve onlar arac\u0131l\u0131\u011f\u0131yla kat\u0131lan yeni kullan\u0131c\u0131lar\u0131 g\u00f6rmek i\u00e7in hesab\u0131n\u0131zda da izlenecektir.<\/span><\/p>\n<h2><b>M\u00fc\u015fterinizin selam\u0131n\u0131n ne oldu\u011funu nas\u0131l anlars\u0131n\u0131z?<\/b><\/h2>\n<p><span style=\"font-weight: 400;\">Farkl\u0131 t\u00fcrleri var <\/span><span style=\"font-weight: 400;\">spor bahisleri ortakl\u0131k programlar\u0131 <\/span><span style=\"font-weight: 400;\">Kazan\u00e7lar\u0131n\u0131z i\u00e7in se\u00e7ti\u011finiz t\u00fcre ba\u011fl\u0131 olarak \u00f6zel \u00f6d\u00fcllerinizi alacaks\u0131n\u0131z. Bir CPA program\u0131 (edinme ba\u015f\u0131na maliyet) se\u00e7erseniz, yeni bir abone hesap olu\u015fturmak i\u00e7in ba\u011flant\u0131n\u0131z\u0131 her kulland\u0131\u011f\u0131nda \u00f6deme al\u0131rs\u0131n\u0131z. Ayn\u0131 durum di\u011fer \u00fcyelik planlar\u0131 i\u00e7in de ge\u00e7erlidir.<\/span><\/p>\n<h2><b>Kazan\u00e7lar\u0131n\u0131z\u0131 PariPesa ortaklar\u0131ndan nas\u0131l \u00e7ekersiniz?<\/b><\/h2>\n<p><span style=\"font-weight: 400;\">PariPesa bunlardan biri <\/span><span style=\"font-weight: 400;\">en y\u00fcksek \u00f6deme yapan casino ortakl\u0131k programlar\u0131,<\/span><span style=\"font-weight: 400;\"> ve kazan\u00e7lar\u0131n\u0131z\u0131 kolayca \u00e7ekebilmeniz \u00f6nemlidir. Minimum para \u00e7ekme tutar\u0131 30 dolard\u0131r ve \u00f6demenizi alabilmeniz i\u00e7in \u00f6ncelikle bu tutar\u0131 biriktirmemiz gerekir. Elektronik c\u00fczdanlardan kripto para birimi \u00e7\u00f6z\u00fcmlerine kadar herkese uygun \u00e7ok say\u0131da \u00f6deme y\u00f6ntemi mevcuttur. Paran\u0131z\u0131 \u015furadan alabilirsiniz <\/span><span style=\"font-weight: 400;\">bahis ortakl\u0131k programlar\u0131<\/span><span style=\"font-weight: 400;\"> Neteller, Ecopayz, banka havaleleri ve di\u011fer y\u00f6ntemleri kullanarak.<\/span><\/p>\n<h2><b>Casino ortakl\u0131k program\u0131ndaki \u00fccretin \u015fekli ve miktar\u0131<\/b><\/h2>\n<p style=\"text-align: left;\"><span style=\"font-weight: 400;\">PariPesa ortaklar\u0131<\/span><span style=\"font-weight: 400;\"> Program hem spor bahisleri hem de casino oyuncular\u0131 i\u00e7in \u00e7al\u0131\u015f\u0131r. Bu g\u00f6receli olarak biri <\/span><span style=\"font-weight: 400;\">yeni casino ortakl\u0131k programlar\u0131<\/span><span style=\"font-weight: 400;\"> 2019 y\u0131l\u0131nda kuruldu\u011fu gibi. Ortakl\u0131k program\u0131 kat\u0131l\u0131mc\u0131lar\u0131, bahis web sitesini tan\u0131tmak ve yeni kullan\u0131c\u0131lar \u00e7ekmek i\u00e7in ger\u00e7ek para al\u0131rlar.<\/span><\/p>\n<\/div><\/div><div class=\"w-separator size_custom\" style=\"height:50px\"><\/div><div class=\"w-hwrapper valign_top stack_on_mobiles align_center\" style=\"--hwrapper-gap:20px\"><div class=\"w-btn-wrapper align_center\"><a class=\"w-btn us-btn-style_3 us_custom_d5c74bc1\" href=\"https:\/\/combodef.com\/L?tag=d_4824699m_147506c_&amp;site=4824699&amp;ad=147506\"><span class=\"w-btn-label\">KAYIT OL<\/span><\/a><\/div><div class=\"w-btn-wrapper align_center\"><a class=\"w-btn us-btn-style_1 us_custom_d5c74bc1\" href=\"https:\/\/combodef.com\/L?tag=d_4824699m_147506c_&amp;site=4824699&amp;ad=147506\"><span class=\"w-btn-label\">KAYIT OL<\/span><\/a><\/div><\/div><div class=\"w-separator size_custom\" style=\"height:50px\"><\/div><div class=\"g-cols wpb_row us_custom_b6b7bf55 via_grid cols_3 laptops-cols_inherit tablets-cols_inherit mobiles-cols_1 valign_middle type_default stacking_default\"><div class=\"wpb_column vc_column_container\"><div class=\"vc_column-inner\"><div class=\"w-image align_center\"><div url class=\"w-image-h\"><img loading=\"lazy\" decoding=\"async\" width=\"53\" height=\"49\" src=\"https:\/\/paripesa.partners\/wp-content\/uploads\/2023\/09\/steps-icon-1-2.png\" class=\"attachment-full size-full\" alt=\"PariPesa PARTNERLER\u0130 - EN \u0130Y\u0130 CAS\u0130NO ORTAKLIK PROGRAMI\" title=\"PariPesa PARTNERLER\u0130 - EN \u0130Y\u0130 CAS\u0130NO ORTAKLIK PROGRAMI\" \/><\/div><\/div><div class=\"w-separator size_custom\" style=\"height:20px\"><\/div><div class=\"w-text us_custom_9371a4c5 has_text_color\"><span url class=\"w-text-h\"><span class=\"w-text-value\">PariPesa ortakl\u0131k program\u0131<\/span><\/span><\/div><\/div><\/div><div class=\"wpb_column vc_column_container\"><div class=\"vc_column-inner\"><div class=\"w-image align_center\"><div url class=\"w-image-h\"><img loading=\"lazy\" decoding=\"async\" width=\"49\" height=\"49\" src=\"https:\/\/paripesa.partners\/wp-content\/uploads\/2023\/09\/steps-icon-2-2.png\" class=\"attachment-full size-full\" alt=\"PariPesa PARTNERLER\u0130 - EN \u0130Y\u0130 CAS\u0130NO ORTAKLIK PROGRAMI\" title=\"PariPesa PARTNERLER\u0130 - EN \u0130Y\u0130 CAS\u0130NO ORTAKLIK PROGRAMI\" \/><\/div><\/div><div class=\"w-separator size_custom\" style=\"height:20px\"><\/div><div class=\"w-text us_custom_9371a4c5 has_text_color\"><span url class=\"w-text-h\"><span class=\"w-text-value\">PariPesa ortakl\u0131k program\u0131<\/span><\/span><\/div><\/div><\/div><div class=\"wpb_column vc_column_container\"><div class=\"vc_column-inner\"><div class=\"w-image align_center\"><div url class=\"w-image-h\"><img loading=\"lazy\" decoding=\"async\" width=\"92\" height=\"49\" src=\"https:\/\/paripesa.partners\/wp-content\/uploads\/2023\/09\/steps-icon-3-1.png\" class=\"attachment-full size-full\" alt=\"PariPesa PARTNERLER\u0130 - EN \u0130Y\u0130 CAS\u0130NO ORTAKLIK PROGRAMI\" title=\"PariPesa PARTNERLER\u0130 - EN \u0130Y\u0130 CAS\u0130NO ORTAKLIK PROGRAMI\" \/><\/div><\/div><div class=\"w-separator size_custom\" style=\"height:20px\"><\/div><div class=\"w-text us_custom_9371a4c5 has_text_color\"><span url class=\"w-text-h\"><span class=\"w-text-value\">PariPesa ortakl\u0131k program\u0131<\/span><\/span><\/div><\/div><\/div><\/div><div class=\"w-separator size_custom\" style=\"height:50px\"><\/div><\/div><\/div><\/div><\/div><\/section><section class=\"l-section wpb_row us_custom_45afd6fa height_auto\"><div class=\"l-section-overlay\" style=\"background:rgba(0,7,86,0.50)\"><\/div><div class=\"l-section-h i-cf\"><div class=\"g-cols vc_row via_grid cols_1 laptops-cols_inherit tablets-cols_inherit mobiles-cols_1 valign_top type_default stacking_default\"><div class=\"wpb_column vc_column_container\"><div class=\"vc_column-inner\"><div class=\"w-separator size_custom\" style=\"height:50px\"><\/div><div class=\"g-cols wpb_row via_grid cols_1 laptops-cols_inherit tablets-cols_inherit mobiles-cols_1 valign_top type_default stacking_default\"><div class=\"wpb_column vc_column_container\"><div class=\"vc_column-inner\"><div class=\"wpb_text_column us_custom_81aa4fc5 has_text_color\"><div class=\"wpb_wrapper\"><h2 style=\"text-align: center;\"><span style=\"font-weight: 400;\">PariPesa ortaklar\u0131<\/span><\/h2>\n<\/div><\/div><div class=\"w-separator size_custom\" style=\"height:30px\"><\/div><div class=\"w-btn-wrapper align_center\"><a class=\"w-btn us-btn-style_1 us_custom_d5c74bc1\" href=\"https:\/\/combodef.com\/L?tag=d_4824699m_147506c_&amp;site=4824699&amp;ad=147506\"><span class=\"w-btn-label\">\u015e\u0130MD\u0130 KATILIN<\/span><\/a><\/div><\/div><\/div><\/div><div class=\"w-separator size_custom\" style=\"height:50px\"><\/div><\/div><\/div><\/div><\/div><\/section><section class=\"l-section wpb_row us_custom_ed6495de height_auto width_custom\" style=\"--site-content-width:1100px;\"><div class=\"l-section-h i-cf\"><div class=\"g-cols vc_row via_grid cols_1 laptops-cols_inherit tablets-cols_inherit mobiles-cols_1 valign_top type_default stacking_default\"><div class=\"wpb_column vc_column_container\"><div class=\"vc_column-inner\"><div class=\"w-separator size_custom\" style=\"height:50px\"><\/div><div class=\"wpb_text_column us_custom_6df4bc3a has_text_color\"><div class=\"wpb_wrapper\"><\/div><\/div><div class=\"w-separator size_custom\" style=\"height:30px\"><\/div><div class=\"w-text us_custom_ae916b83 has_text_color\"><span url class=\"w-text-h\"><span class=\"w-text-value\">SIK\u00c7A SORULAN SORULAR<\/span><\/span><\/div><div class=\"w-separator size_custom\" style=\"height:30px\"><\/div><div class=\"w-tabs us_custom_3fbb5980 has_text_color style_default switch_click accordion has_scrolling\" style=\"--sections-title-size:22px\"><div class=\"w-tabs-sections titles-align_none icon_chevron cpos_right\"><div class=\"w-tabs-section\" id=\"l7ad\"><button class=\"w-tabs-section-header\" aria-controls=\"content-l7ad\" aria-expanded=\"false\"><div class=\"w-tabs-section-title\">Ba\u011fl\u0131 kurulu\u015f program\u0131 nedir?<\/div><div class=\"w-tabs-section-control\"><\/div><\/button><div  class=\"w-tabs-section-content\" id=\"content-l7ad\"><div class=\"w-tabs-section-content-h i-cf\"><div class=\"wpb_text_column us_custom_dcb976c1 has_text_color\"><div class=\"wpb_wrapper\"><p><span style=\"font-weight: 400;\">A <\/span><span style=\"font-weight: 400;\">bahis sitesi ortakl\u0131\u011f\u0131<\/span><span style=\"font-weight: 400;\"> Program, kullan\u0131c\u0131lar\u0131n \u00fcr\u00fcnlerini veya hizmetlerini ba\u015fkalar\u0131na pazarlamak i\u00e7in para kazanmalar\u0131na olanak tan\u0131r. \u00d6rne\u011fin, PariPesa program\u0131, ortaklara siteye yeni kullan\u0131c\u0131lar y\u00f6nlendirmeleri i\u00e7in komisyon sa\u011flar.<\/span><\/p>\n<\/div><\/div><\/div><\/div><\/div><div class=\"w-tabs-section\" id=\"h8d3\"><button class=\"w-tabs-section-header\" aria-controls=\"content-h8d3\" aria-expanded=\"false\"><div class=\"w-tabs-section-title\">En iyi spor bahis ortakl\u0131k programlar\u0131 nas\u0131l se\u00e7ilir?<\/div><div class=\"w-tabs-section-control\"><\/div><\/button><div  class=\"w-tabs-section-content\" id=\"content-h8d3\"><div class=\"w-tabs-section-content-h i-cf\"><div class=\"wpb_text_column us_custom_dcb976c1 has_text_color\"><div class=\"wpb_wrapper\"><p><span style=\"font-weight: 400;\">Se\u00e7im <\/span><span style=\"font-weight: 400;\">bahis ortakl\u0131k programlar\u0131<\/span><span style=\"font-weight: 400;\"> bahis siteleri se\u00e7meye benzer. \u00d6ncelikle bahis sa\u011flay\u0131c\u0131s\u0131n\u0131 de\u011ferlendirmek \u00f6nemlidir. Hizmetlerin kalitesini ve markan\u0131n itibar\u0131n\u0131 \u00f6\u011frenerek ba\u015flay\u0131n. G\u00fcvenilir bir sa\u011flay\u0131c\u0131 bulduktan sonra program\u0131n kendisini de\u011ferlendirmeye \u00e7al\u0131\u015f\u0131n. Komisyon miktar\u0131n\u0131 g\u00f6r\u00fcn ve uygun \u00f6deme y\u00f6ntemleri olup olmad\u0131\u011f\u0131n\u0131 kontrol edin.<\/span><\/p>\n<\/div><\/div><\/div><\/div><\/div><div class=\"w-tabs-section\" id=\"l9dc\"><button class=\"w-tabs-section-header\" aria-controls=\"content-l9dc\" aria-expanded=\"false\"><div class=\"w-tabs-section-title\">Ba\u011fl\u0131 kurulu\u015f programlar\u0131n\u0131n t\u00fcrleri nelerdir?<\/div><div class=\"w-tabs-section-control\"><\/div><\/button><div  class=\"w-tabs-section-content\" id=\"content-l9dc\"><div class=\"w-tabs-section-content-h i-cf\"><div class=\"wpb_text_column us_custom_dcb976c1 has_text_color\"><div class=\"wpb_wrapper\"><p><span style=\"font-weight: 400;\">Bahis ortakl\u0131k programlar\u0131n\u0131n farkl\u0131 t\u00fcrleri vard\u0131r. <\/span><span style=\"font-weight: 400;\">bahis ortakl\u0131klar\u0131n\u0131n kazan\u00e7lar\u0131<\/span><span style=\"font-weight: 400;\"> \u00e7\u00f6z\u00fcmler. Bir t\u00fcr, web sitesine y\u00f6nlendirilen her yeni oyuncu i\u00e7in para teklif eder. \u0130kinci t\u00fcr, y\u00f6nlendirilen kullan\u0131c\u0131lar\u0131n kazanc\u0131na g\u00f6re komisyon sa\u011flar. \u00dc\u00e7\u00fcnc\u00fc t\u00fcr ise bu ortakl\u0131k program\u0131 t\u00fcrlerinden ikisinin birle\u015fimidir.<\/span><\/p>\n<\/div><\/div><\/div><\/div><\/div><div class=\"w-tabs-section\" id=\"waff\"><button class=\"w-tabs-section-header\" aria-controls=\"content-waff\" aria-expanded=\"false\"><div class=\"w-tabs-section-title\">Affiliate bahis sitelerinin t\u00fcrleri nelerdir?<\/div><div class=\"w-tabs-section-control\"><\/div><\/button><div  class=\"w-tabs-section-content\" id=\"content-waff\"><div class=\"w-tabs-section-content-h i-cf\"><div class=\"wpb_text_column us_custom_dcb976c1 has_text_color\"><div class=\"wpb_wrapper\"><p><span style=\"font-weight: 400;\">Farkl\u0131 oldu\u011fu i\u00e7in <\/span><span style=\"font-weight: 400;\">bahis ortakl\u0131k programlar\u0131 <\/span><span style=\"font-weight: 400;\">Kullan\u0131c\u0131lar ayr\u0131ca \u00e7e\u015fitli bahis sitelerini de ke\u015ffedebilirler. Bahis siteleri \u00e7e\u015fitli \u00f6zelliklere g\u00f6re farkl\u0131 kategorilere ayr\u0131labilir. \u00d6rne\u011fin futbol, \u200b\u200bfutbol, \u200b\u200bbasketbol, \u200b\u200btenis ve daha fazlas\u0131 gibi belirli spor t\u00fcrlerine adanm\u0131\u015f spor bahis siteleri vard\u0131r. Alternatif olarak spor bahis platformlar\u0131, baz\u0131 spor bahisleri gibi farkl\u0131 hizmetler sunabilir.<\/span><span style=\"font-weight: 400;\">en iyi casino ortakl\u0131k programlar\u0131<\/span><span style=\"font-weight: 400;\">, dijital spor bahisleri ve hatta spor d\u0131\u015f\u0131 etkinliklere bahis oynamak<\/span><\/p>\n<\/div><\/div><\/div><\/div><\/div><\/div><\/div><div class=\"w-separator size_custom\" style=\"height:30px\"><\/div><\/div><\/div><\/div><\/div><\/section>\n","protected":false},"excerpt":{"rendered":"PariPesa Ortakl\u0131k Program\u0131na Nas\u0131l \u00dcye Olunur? Ba\u015flarken PariPesa ortakl\u0131k program\u0131 Herhangi bir spor bahis\u00e7isi i\u00e7in inan\u0131lmaz derecede basittir. Yolculu\u011funuza ba\u015flamak i\u00e7in \u00e7evrimi\u00e7i bahis\u00e7i PariPesa Web sitesi i\u00e7in \u00f6ncelikle h\u0131zl\u0131 bir kay\u0131t s\u00fcrecinden ge\u00e7mek gerekiyor. Nas\u0131l \u00fcye olaca\u011f\u0131n\u0131z a\u015fa\u011f\u0131da a\u00e7\u0131klanm\u0131\u015ft\u0131r: PariPesa web sitesine kay\u0131t ol. Kullan\u0131c\u0131 ad\u0131n\u0131z, \u015fifreniz, diliniz, ki\u015fisel bilgileriniz, \u00f6deme y\u00f6nteminiz vb. gibi gerekli...","protected":false},"author":1,"featured_media":2840,"parent":0,"menu_order":0,"comment_status":"closed","ping_status":"closed","template":"","meta":{"footnotes":""},"class_list":["post-2130","page","type-page","status-publish","has-post-thumbnail","hentry"],"_links":{"self":[{"href":"https:\/\/paripesa.partners\/tr\/wp-json\/wp\/v2\/pages\/2130","targetHints":{"allow":["GET"]}}],"collection":[{"href":"https:\/\/paripesa.partners\/tr\/wp-json\/wp\/v2\/pages"}],"about":[{"href":"https:\/\/paripesa.partners\/tr\/wp-json\/wp\/v2\/types\/page"}],"author":[{"embeddable":true,"href":"https:\/\/paripesa.partners\/tr\/wp-json\/wp\/v2\/users\/1"}],"replies":[{"embeddable":true,"href":"https:\/\/paripesa.partners\/tr\/wp-json\/wp\/v2\/comments?post=2130"}],"version-history":[{"count":2,"href":"https:\/\/paripesa.partners\/tr\/wp-json\/wp\/v2\/pages\/2130\/revisions"}],"predecessor-version":[{"id":12667,"href":"https:\/\/paripesa.partners\/tr\/wp-json\/wp\/v2\/pages\/2130\/revisions\/12667"}],"wp:featuredmedia":[{"embeddable":true,"href":"https:\/\/paripesa.partners\/tr\/wp-json\/wp\/v2\/media\/2840"}],"wp:attachment":[{"href":"https:\/\/paripesa.partners\/tr\/wp-json\/wp\/v2\/media?parent=2130"}],"curies":[{"name":"wp","href":"https:\/\/api.w.org\/{rel}","templated":true}]}}