{"id":2142,"date":"2023-08-30T13:53:51","date_gmt":"2023-08-30T10:53:51","guid":{"rendered":"https:\/\/paripesa.partners\/app\/"},"modified":"2024-05-03T12:35:26","modified_gmt":"2024-05-03T09:35:26","slug":"app","status":"publish","type":"page","link":"https:\/\/paripesa.partners\/sl\/app\/","title":{"rendered":"APLIK\u00c1CIA PariPesa: STIAHNITE SI APLIK\u00c1CIU NA SLOVENSKU"},"content":{"rendered":"<section class=\"l-section wpb_row us_custom_ed6495de height_auto width_custom\" style=\"--site-content-width:1100px;\"><div class=\"l-section-h i-cf\"><div class=\"g-cols vc_row via_grid cols_1 laptops-cols_inherit tablets-cols_inherit mobiles-cols_1 valign_top type_default stacking_default\"><div class=\"wpb_column vc_column_container\"><div class=\"vc_column-inner\"><div class=\"w-separator size_custom\" style=\"height:30px\"><\/div><ol class=\"g-breadcrumbs separator_icon align_none\" role=\"navigation\" itemscope itemtype=\"http:\/\/schema.org\/BreadcrumbList\"><li class=\"g-breadcrumbs-item\" itemscope itemprop=\"itemListElement\" itemtype=\"http:\/\/schema.org\/ListItem\"><a itemprop=\"item\" href=\"https:\/\/paripesa.partners\/sl\/\"><span itemprop=\"name\">Domov<\/span><\/a><meta itemprop=\"position\" content=\"1\"\/><\/li><li class=\"g-breadcrumbs-separator\"><i class=\"far fa-angle-right\"><\/i><\/li><li class=\"g-breadcrumbs-item\">Strani<\/li><\/ol><div class=\"w-separator size_custom\" style=\"height:30px\"><\/div><div class=\"wpb_text_column\"><div class=\"wpb_wrapper\"><h1><span style=\"font-weight: 400;\">\ud83d\udcf1 Dobrodo\u0161li v novi PariPesa mobilna aplikacija za \u0161portne stave! \ud83c\udf89<\/span><\/h1>\n<p><span style=\"font-weight: 400;\">Zahvaljujo\u010d na\u0161i uporabniku prijazni in inovativni aplikaciji lahko zdaj u\u017eivate v svojih najljub\u0161ih igralni\u0161kih igrah Paripesa kar na svojem pametnem telefonu ali tablici, kjerkoli \u017ee ste!<\/span><\/p>\n<h2><span style=\"font-weight: 400;\">Tukaj je nekaj prednosti uporabe aplikacije PariPesa:<\/span><\/h2>\n<ul>\n<li style=\"font-weight: 400;\" aria-level=\"1\"><span style=\"font-weight: 400;\">\ud83c\udfb0 Razli\u010dne igre: z <\/span><b>aplikacija za stave na sre\u010do<\/b><span style=\"font-weight: 400;\"> izbirate lahko med stotinami razburljivih iger, vklju\u010dno z igralnimi avtomati, ruleto, blackjackom, pokrom in \u0161tevilnimi drugimi.<\/span><\/li>\n<li style=\"font-weight: 400;\" aria-level=\"1\"><span style=\"font-weight: 400;\">\ud83d\udcb0 Varnost in priro\u010dnost: na\u0161a aplikacija zagotavlja va\u0161o varnost in zasebnost ter vam omogo\u010da brezskrbno u\u017eivanje v igri.<\/span><\/li>\n<li style=\"font-weight: 400;\" aria-level=\"1\"><span style=\"font-weight: 400;\">\ud83d\udcc8 Napredek in dobitki: spremljajte svoj napredek in preverite dobitke v realnem \u010dasu, da boste vedno na teko\u010dem.<\/span><\/li>\n<li style=\"font-weight: 400;\" aria-level=\"1\"><span style=\"font-weight: 400;\">\ud83d\udd25 Ekskluzivne ponudbe: pridobite dostop do ekskluzivnih promocij in promocijskih kod, ki so na voljo samo prek na\u0161e aplikacije, da si zagotovite \u0161e ve\u010d mo\u017enosti za zmago.<\/span><\/li>\n<\/ul>\n<p><span style=\"font-weight: 400;\">Ne zamudite prilo\u017enosti, da si zagotovite nepozabno igralno izku\u0161njo in ogromne dobitke kar na svoji mobilni napravi! Prenesite PariPesa <\/span><b>\u0161portna aplikacija za spletne stave<\/b> <span style=\"font-weight: 400;\">danes in se pridru\u017eite na\u0161i vznemirljivi skupnosti iger!<\/span><\/p>\n<\/div><\/div><div class=\"w-separator size_custom\" style=\"height:30px\"><\/div><div class=\"w-btn-wrapper align_center\"><a class=\"w-btn us-btn-style_1\" href=\"https:\/\/combodef.com\/L?tag=d_4824699m_147506c_&amp;site=4824699&amp;ad=147506\"><span class=\"w-btn-label\">PRIDRU\u017dI SE ZDAJ<\/span><\/a><\/div><div class=\"w-separator size_custom\" style=\"height:30px\"><\/div><h2 class=\"w-text us_custom_d01ea1f6 has_text_color\"><span url class=\"w-text-h\"><span class=\"w-text-value\">NAJBOLJ POGOSTA VPRA\u0160ANJA<\/span><\/span><\/h2><div class=\"w-separator size_custom\" style=\"height:30px\"><\/div><div class=\"w-tabs us_custom_3fbb5980 has_text_color style_default switch_click accordion has_scrolling\" style=\"--sections-title-size:22px\"><div class=\"w-tabs-sections titles-align_none icon_chevron cpos_right\"><div class=\"w-tabs-section\" id=\"o6e7\"><button class=\"w-tabs-section-header\" aria-controls=\"content-o6e7\" aria-expanded=\"false\"><div class=\"w-tabs-section-title\">ALI LAHKO STAVIM ZA PRAVI DENAR S SVOJIM MOBILNIM TELEFONOM?<\/div><div class=\"w-tabs-section-control\"><\/div><\/button><div  class=\"w-tabs-section-content\" id=\"content-o6e7\"><div class=\"w-tabs-section-content-h i-cf\"><div class=\"wpb_text_column us_custom_dcb976c1 has_text_color\"><div class=\"wpb_wrapper\"><p>Da, uporabite lahko vse na\u010dine depozita in stavite za pravi denar.<\/p>\n<\/div><\/div><\/div><\/div><\/div><div class=\"w-tabs-section\" id=\"r7dc\"><button class=\"w-tabs-section-header\" aria-controls=\"content-r7dc\" aria-expanded=\"false\"><div class=\"w-tabs-section-title\">ALI LAHKO DOBIM BONUS DOBRODO\u0160LICE V APLIKACIJI PariPesa?<\/div><div class=\"w-tabs-section-control\"><\/div><\/button><div  class=\"w-tabs-section-content\" id=\"content-r7dc\"><div class=\"w-tabs-section-content-h i-cf\"><div class=\"wpb_text_column us_custom_dcb976c1 has_text_color\"><div class=\"wpb_wrapper\"><p>Da, vsi, ki se prijavijo s svojo mobilno napravo, lahko po nakazilu prejmejo bonus dobrodo\u0161lice.<\/p>\n<\/div><\/div><\/div><\/div><\/div><div class=\"w-tabs-section\" id=\"z8b0\"><button class=\"w-tabs-section-header\" aria-controls=\"content-z8b0\" aria-expanded=\"false\"><div class=\"w-tabs-section-title\">ALI LAHKO DVIGNEM SVOJE DOBITKE Z MOBILNO APLIKACIJO STAVNICE?<\/div><div class=\"w-tabs-section-control\"><\/div><\/button><div  class=\"w-tabs-section-content\" id=\"content-z8b0\"><div class=\"w-tabs-section-content-h i-cf\"><div class=\"wpb_text_column us_custom_dcb976c1 has_text_color\"><div class=\"wpb_wrapper\"><p>Da, izbirate lahko med \u0161tevilnimi na\u010dini dviga, da dobite svoje dobitke.<\/p>\n<\/div><\/div><\/div><\/div><\/div><div class=\"w-tabs-section\" id=\"w982\"><button class=\"w-tabs-section-header\" aria-controls=\"content-w982\" aria-expanded=\"false\"><div class=\"w-tabs-section-title\">ALI LAHKO NALO\u017dIM APLIKACIJO NA SVOJ PAMETNI TELEFON?<\/div><div class=\"w-tabs-section-control\"><\/div><\/button><div  class=\"w-tabs-section-content\" id=\"content-w982\"><div class=\"w-tabs-section-content-h i-cf\"><div class=\"wpb_text_column us_custom_dcb976c1 has_text_color\"><div class=\"wpb_wrapper\"><p>Da, lahko ga prenesete iz Apple Store, Google Play ali spletnega mesta PariPesa.<\/p>\n<\/div><\/div><\/div><\/div><\/div><\/div><\/div><div class=\"w-separator size_custom\" style=\"height:30px\"><\/div><\/div><\/div><\/div><\/div><\/section>\n","protected":false},"excerpt":{"rendered":"DomovStrani\ud83d\udcf1 Dobrodo\u0161li v novi PariPesa mobilna aplikacija za \u0161portne stave! \ud83c\udf89 Zahvaljujo\u010d na\u0161i uporabniku prijazni in inovativni aplikaciji lahko zdaj u\u017eivate v svojih najljub\u0161ih igralni\u0161kih igrah Paripesa kar na svojem pametnem telefonu ali tablici, kjerkoli \u017ee ste! Tukaj je nekaj prednosti uporabe aplikacije PariPesa: \ud83c\udfb0 Razli\u010dne igre: z aplikacija za stave na sre\u010do izbirate lahko...","protected":false},"author":1,"featured_media":2776,"parent":0,"menu_order":0,"comment_status":"closed","ping_status":"closed","template":"","meta":{"footnotes":""},"class_list":["post-2142","page","type-page","status-publish","has-post-thumbnail","hentry"],"_links":{"self":[{"href":"https:\/\/paripesa.partners\/sl\/wp-json\/wp\/v2\/pages\/2142","targetHints":{"allow":["GET"]}}],"collection":[{"href":"https:\/\/paripesa.partners\/sl\/wp-json\/wp\/v2\/pages"}],"about":[{"href":"https:\/\/paripesa.partners\/sl\/wp-json\/wp\/v2\/types\/page"}],"author":[{"embeddable":true,"href":"https:\/\/paripesa.partners\/sl\/wp-json\/wp\/v2\/users\/1"}],"replies":[{"embeddable":true,"href":"https:\/\/paripesa.partners\/sl\/wp-json\/wp\/v2\/comments?post=2142"}],"version-history":[{"count":2,"href":"https:\/\/paripesa.partners\/sl\/wp-json\/wp\/v2\/pages\/2142\/revisions"}],"predecessor-version":[{"id":3564,"href":"https:\/\/paripesa.partners\/sl\/wp-json\/wp\/v2\/pages\/2142\/revisions\/3564"}],"wp:featuredmedia":[{"embeddable":true,"href":"https:\/\/paripesa.partners\/sl\/wp-json\/wp\/v2\/media\/2776"}],"wp:attachment":[{"href":"https:\/\/paripesa.partners\/sl\/wp-json\/wp\/v2\/media?parent=2142"}],"curies":[{"name":"wp","href":"https:\/\/api.w.org\/{rel}","templated":true}]}}