{"id":2141,"date":"2023-08-30T09:17:46","date_gmt":"2023-08-30T06:17:46","guid":{"rendered":"https:\/\/paripesa.partners\/home\/"},"modified":"2025-06-11T14:31:42","modified_gmt":"2025-06-11T11:31:42","slug":"home","status":"publish","type":"page","link":"https:\/\/paripesa.partners\/sl\/","title":{"rendered":"PariPesa PARTNERS \u2013 NAJLEP\u0160\u00cd PARTNERSK\u00dd PROGRAM KAS\u00cdNA"},"content":{"rendered":"<section class=\"l-section wpb_row height_auto width_custom\" style=\"--site-content-width:1100px;\"><div class=\"l-section-h i-cf\"><div class=\"g-cols vc_row via_grid cols_1 laptops-cols_inherit tablets-cols_inherit mobiles-cols_1 valign_top type_default stacking_default\"><div class=\"wpb_column vc_column_container\"><div class=\"vc_column-inner\"><div class=\"w-separator size_custom\" style=\"height:30px\"><\/div><div class=\"wpb_text_column\"><div class=\"wpb_wrapper\"><h1><b>Kako postati \u010dlan partnerskega programa PariPesa?<\/b><\/h1>\n<p><span style=\"font-weight: 400;\">Za\u010detek uporabe <\/span><span style=\"font-weight: 400;\">Pridru\u017eeni program PariPesa<\/span><span style=\"font-weight: 400;\"> je neverjetno preprost za vsakega igralca \u0161portnih stav. Da za\u010dnete svoje potovanje na <\/span><span style=\"font-weight: 400;\">spletna stavnica PariPesa<\/span><span style=\"font-weight: 400;\"> spletne strani, je treba najprej opraviti hiter postopek registracije. Tako postane\u0161 pridru\u017eeni partner:<\/span><\/p>\n<ol>\n<li><span style=\"font-weight: 400;\"> Registrirajte se na spletni strani PariPesa. Izpolnite obrazec s potrebnimi informacijami, kot so uporabni\u0161ko ime, geslo, jezik, osebni podatki, na\u010din pla\u010dila itd. Za nadaljevanje dokon\u010danje registracijo.<\/span><\/li>\n<li><span style=\"font-weight: 400;\"> Izberite model zaslu\u017eka za svoj <\/span><span style=\"font-weight: 400;\">Podru\u017enica PariPesa<\/span><span style=\"font-weight: 400;\"> program. Ocenite tri razpolo\u017eljive modele zaslu\u017eka in izberite tistega, ki vam najbolj ustreza.<\/span><\/li>\n<li><span style=\"font-weight: 400;\"> Sprejmite dolo\u010dila in pogoje <\/span><span style=\"font-weight: 400;\">PariPesa partnerji <\/span><span style=\"font-weight: 400;\">program. Pozorno preberite vsa pravila, preden se strinjate s pogoji in dolo\u010dili spletnega mesta.<\/span><\/li>\n<\/ol>\n<p><span style=\"font-weight: 400;\">\u010ce sledite tem trem preprostim korakom, lahko takoj za\u010dnete slu\u017eiti denar s partnerskim programom.<\/span><\/p>\n<h2><b>Kako pridobiti stranko v partnerskih programih za stave?<\/b><\/h2>\n<p><span style=\"font-weight: 400;\">Za za\u010detek svojega <\/span><span style=\"font-weight: 400;\">Podru\u017enica PariPesa<\/span><span style=\"font-weight: 400;\"> journey, boste morali poiskati nove uporabnike, da se pridru\u017eijo spletnemu mestu in za\u010dnejo staviti. To lahko storite tako, da pritegnete nove stranke prek svojih referen\u010dnih povezav in jim ponudite promocijske kode. \u010ce poznate svojo ciljno publiko, boste vedeli, da igralci \u0161portnih stav in hazarderji v igralnicah obo\u017eujejo promocijske ponudbe. Nove uporabnike s promocijsko kodo privabite tako:<\/span><\/p>\n<ul>\n<li><span style=\"font-weight: 400;\"> Ustvarite promocijsko kodo kar v svojem ra\u010dunu.<\/span><\/li>\n<li><span style=\"font-weight: 400;\"> Ponudite kodo kupona novim uporabnikom, ki vam bo privezala igralca za zaslu\u017eek priporo\u010denega denarja.<\/span><\/li>\n<li><span style=\"font-weight: 400;\"> Uporabite promocijske kode, da zberete \u010dim ve\u010d bonus ponudb, da bo ponudba \u0161e bolj privla\u010dna za nove igralce stav.<\/span><\/li>\n<\/ul>\n<p><span style=\"font-weight: 400;\">PariPesa je ena od <\/span><span style=\"font-weight: 400;\">najbolj\u0161i pridru\u017eeni programi za \u0161portne stave<\/span><span style=\"font-weight: 400;\"> zahvaljujo\u010d donosnim bonusom, ki jih ponuja obiskovalcem.<\/span><\/p>\n<h2><b>Napotitvene povezave<\/b><\/h2>\n<p><span style=\"font-weight: 400;\">Delo z napotitvenim povezavami je preprosto. Ustvarite lahko edinstvene povezave do \u0161portne stavnice in <\/span><span style=\"font-weight: 400;\">igralni\u0161ki spletni partnerski program<\/span><span style=\"font-weight: 400;\"> v va\u0161em ra\u010dunu in jih razdelite na spletu. Povezavam se bo sledilo tudi v va\u0161em ra\u010dunu, da boste videli vse interakcije in nove uporabnike, ki se bodo pridru\u017eili prek njih.<\/span><\/p>\n<h2><b>Kako veste, kak\u0161en je pozdrav va\u0161e stranke?<\/b><\/h2>\n<p><span style=\"font-weight: 400;\">Obstajajo razli\u010dne vrste <\/span><span style=\"font-weight: 400;\">pridru\u017eeni programi \u0161portnih stav<\/span><span style=\"font-weight: 400;\">, in glede na vrsto, ki jo izberete za svoj zaslu\u017eek, boste prejeli svoje posebne nagrade. \u010ce izberete program CPA (cena na pridobitev), boste pla\u010dani vsaki\u010d, ko nov naro\u010dnik uporabi va\u0161o povezavo za ustvarjanje ra\u010duna. Enako velja za druge na\u010drte pridru\u017eenosti.<\/span><\/p>\n<h2><b>Kako dvigniti svoj zaslu\u017eek pri partnerjih PariPesa?<\/b><\/h2>\n<p><span style=\"font-weight: 400;\">PariPesa je ena od <\/span><span style=\"font-weight: 400;\">najbolje pla\u010dani igralni\u0161ki partnerski programi,<\/span><span style=\"font-weight: 400;\"> in pomembno je, da lahko svoj zaslu\u017eek enostavno dvignete. Najmanj\u0161i znesek dviga je 30 dolarjev in to vsoto morate najprej zbrati, preden lahko dobite izpla\u010dilo. Na voljo je veliko na\u010dinov pla\u010dila, ki ustrezajo vsem \u2013 od elektronskih denarnic do re\u0161itev za kriptovalute. Denar lahko dobite pri <\/span><span style=\"font-weight: 400;\">partnerski programi za stave<\/span><span style=\"font-weight: 400;\"> z uporabo Netellerja, Ecopayza, ban\u010dnih nakazil in drugih metod.<\/span><\/p>\n<h2><b>Oblika in vi\u0161ina pla\u010dila v igralni\u0161kem affiliate programu<\/b><\/h2>\n<p style=\"text-align: left;\"><span style=\"font-weight: 400;\">PariPesa partnerji<\/span><span style=\"font-weight: 400;\"> program deluje tako za igralce \u0161portnih stav kot za igralce v igralnicah. Je eden od relativno <\/span><span style=\"font-weight: 400;\">novi igralni\u0161ki partnerski programi<\/span><span style=\"font-weight: 400;\"> saj je bilo ustanovljeno leta 2019. Udele\u017eenci affiliate programa prejmejo pravi denar za promocijo stavnega spletnega mesta in privabljanje novih uporabnikov.<\/span><\/p>\n<\/div><\/div><div class=\"w-separator size_custom\" style=\"height:50px\"><\/div><div class=\"w-hwrapper valign_top stack_on_mobiles align_center\" style=\"--hwrapper-gap:20px\"><div class=\"w-btn-wrapper align_center\"><a class=\"w-btn us-btn-style_3 us_custom_d5c74bc1\" href=\"https:\/\/combodef.com\/L?tag=d_4824699m_147506c_&amp;site=4824699&amp;ad=147506\"><span class=\"w-btn-label\">PRIJAVITE SE<\/span><\/a><\/div><div class=\"w-btn-wrapper align_center\"><a class=\"w-btn us-btn-style_1 us_custom_d5c74bc1\" href=\"https:\/\/combodef.com\/L?tag=d_4824699m_147506c_&amp;site=4824699&amp;ad=147506\"><span class=\"w-btn-label\">PRIJAVITE SE<\/span><\/a><\/div><\/div><div class=\"w-separator size_custom\" style=\"height:50px\"><\/div><div class=\"g-cols wpb_row us_custom_b6b7bf55 via_grid cols_3 laptops-cols_inherit tablets-cols_inherit mobiles-cols_1 valign_middle type_default stacking_default\"><div class=\"wpb_column vc_column_container\"><div class=\"vc_column-inner\"><div class=\"w-image align_center\"><div url class=\"w-image-h\"><img loading=\"lazy\" decoding=\"async\" width=\"53\" height=\"49\" src=\"https:\/\/paripesa.partners\/wp-content\/uploads\/2023\/09\/steps-icon-1-2.png\" class=\"attachment-full size-full\" alt=\"PariPesa PARTNERS \u2013 NAJLEP\u0160\u00cd PARTNERSK\u00dd PROGRAM KAS\u00cdNA\" title=\"PariPesa PARTNERS \u2013 NAJLEP\u0160\u00cd PARTNERSK\u00dd PROGRAM KAS\u00cdNA\" \/><\/div><\/div><div class=\"w-separator size_custom\" style=\"height:20px\"><\/div><div class=\"w-text us_custom_9371a4c5 has_text_color\"><span url class=\"w-text-h\"><span class=\"w-text-value\">Partnerski program PariPesa<\/span><\/span><\/div><\/div><\/div><div class=\"wpb_column vc_column_container\"><div class=\"vc_column-inner\"><div class=\"w-image align_center\"><div url class=\"w-image-h\"><img loading=\"lazy\" decoding=\"async\" width=\"49\" height=\"49\" src=\"https:\/\/paripesa.partners\/wp-content\/uploads\/2023\/09\/steps-icon-2-2.png\" class=\"attachment-full size-full\" alt=\"PariPesa PARTNERS \u2013 NAJLEP\u0160\u00cd PARTNERSK\u00dd PROGRAM KAS\u00cdNA\" title=\"PariPesa PARTNERS \u2013 NAJLEP\u0160\u00cd PARTNERSK\u00dd PROGRAM KAS\u00cdNA\" \/><\/div><\/div><div class=\"w-separator size_custom\" style=\"height:20px\"><\/div><div class=\"w-text us_custom_9371a4c5 has_text_color\"><span url class=\"w-text-h\"><span class=\"w-text-value\">Partnerski program PariPesa<\/span><\/span><\/div><\/div><\/div><div class=\"wpb_column vc_column_container\"><div class=\"vc_column-inner\"><div class=\"w-image align_center\"><div url class=\"w-image-h\"><img loading=\"lazy\" decoding=\"async\" width=\"92\" height=\"49\" src=\"https:\/\/paripesa.partners\/wp-content\/uploads\/2023\/09\/steps-icon-3-1.png\" class=\"attachment-full size-full\" alt=\"PariPesa PARTNERS \u2013 NAJLEP\u0160\u00cd PARTNERSK\u00dd PROGRAM KAS\u00cdNA\" title=\"PariPesa PARTNERS \u2013 NAJLEP\u0160\u00cd PARTNERSK\u00dd PROGRAM KAS\u00cdNA\" \/><\/div><\/div><div class=\"w-separator size_custom\" style=\"height:20px\"><\/div><div class=\"w-text us_custom_9371a4c5 has_text_color\"><span url class=\"w-text-h\"><span class=\"w-text-value\">Partnerski program PariPesa<\/span><\/span><\/div><\/div><\/div><\/div><div class=\"w-separator size_custom\" style=\"height:50px\"><\/div><\/div><\/div><\/div><\/div><\/section><section class=\"l-section wpb_row us_custom_45afd6fa height_auto\"><div class=\"l-section-overlay\" style=\"background:rgba(0,7,86,0.50)\"><\/div><div class=\"l-section-h i-cf\"><div class=\"g-cols vc_row via_grid cols_1 laptops-cols_inherit tablets-cols_inherit mobiles-cols_1 valign_top type_default stacking_default\"><div class=\"wpb_column vc_column_container\"><div class=\"vc_column-inner\"><div class=\"w-separator size_custom\" style=\"height:50px\"><\/div><div class=\"g-cols wpb_row via_grid cols_1 laptops-cols_inherit tablets-cols_inherit mobiles-cols_1 valign_top type_default stacking_default\"><div class=\"wpb_column vc_column_container\"><div class=\"vc_column-inner\"><div class=\"wpb_text_column us_custom_81aa4fc5 has_text_color\"><div class=\"wpb_wrapper\"><h2 style=\"text-align: center;\">Partnerji PariPesa<\/h2>\n<\/div><\/div><div class=\"w-separator size_custom\" style=\"height:30px\"><\/div><div class=\"w-btn-wrapper align_center\"><a class=\"w-btn us-btn-style_1 us_custom_d5c74bc1\" href=\"https:\/\/combodef.com\/L?tag=d_4824699m_147506c_&amp;site=4824699&amp;ad=147506\"><span class=\"w-btn-label\">PRIJAVA ZDAJ<\/span><\/a><\/div><\/div><\/div><\/div><div class=\"w-separator size_custom\" style=\"height:50px\"><\/div><\/div><\/div><\/div><\/div><\/section><section class=\"l-section wpb_row us_custom_ed6495de height_auto width_custom\" style=\"--site-content-width:1100px;\"><div class=\"l-section-h i-cf\"><div class=\"g-cols vc_row via_grid cols_1 laptops-cols_inherit tablets-cols_inherit mobiles-cols_1 valign_top type_default stacking_default\"><div class=\"wpb_column vc_column_container\"><div class=\"vc_column-inner\"><div class=\"w-separator size_custom\" style=\"height:50px\"><\/div><div class=\"wpb_text_column us_custom_6df4bc3a has_text_color\"><div class=\"wpb_wrapper\"><\/div><\/div><div class=\"w-separator size_custom\" style=\"height:30px\"><\/div><h2 class=\"w-text us_custom_ae916b83 has_text_color\"><span url class=\"w-text-h\"><span class=\"w-text-value\">POGOSTO ZASTAVLJENO VPRA\u0160ANJE<\/span><\/span><\/h2><div class=\"w-separator size_custom\" style=\"height:30px\"><\/div><div class=\"w-tabs us_custom_3fbb5980 has_text_color style_default switch_click accordion has_scrolling\" style=\"--sections-title-size:22px\"><div class=\"w-tabs-sections titles-align_none icon_chevron cpos_right\"><div class=\"w-tabs-section\" id=\"je53\"><button class=\"w-tabs-section-header\" aria-controls=\"content-je53\" aria-expanded=\"false\"><div class=\"w-tabs-section-title\">Kaj je affiliate program?<\/div><div class=\"w-tabs-section-control\"><\/div><\/button><div  class=\"w-tabs-section-content\" id=\"content-je53\"><div class=\"w-tabs-section-content-h i-cf\"><div class=\"wpb_text_column us_custom_dcb976c1 has_text_color\"><div class=\"wpb_wrapper\"><p><span style=\"font-weight: 400;\">A <\/span><span style=\"font-weight: 400;\">partner stavnega mesta<\/span><span style=\"font-weight: 400;\"> omogo\u010da uporabnikom, da zaslu\u017eijo denar za tr\u017eenje svojih izdelkov ali storitev drugim ljudem. Na primer, program PariPesa zagotavlja provizije za partnerje za napotitev novih uporabnikov na spletno mesto.<\/span><\/p>\n<\/div><\/div><\/div><\/div><\/div><div class=\"w-tabs-section\" id=\"uf81\"><button class=\"w-tabs-section-header\" aria-controls=\"content-uf81\" aria-expanded=\"false\"><div class=\"w-tabs-section-title\">Kako izbrati najbolj\u0161e pridru\u017eene programe za \u0161portne stave?<\/div><div class=\"w-tabs-section-control\"><\/div><\/button><div  class=\"w-tabs-section-content\" id=\"content-uf81\"><div class=\"w-tabs-section-content-h i-cf\"><div class=\"wpb_text_column us_custom_dcb976c1 has_text_color\"><div class=\"wpb_wrapper\"><p><span style=\"font-weight: 400;\">Izbira <\/span><span style=\"font-weight: 400;\">partnerski programi za stave<\/span><span style=\"font-weight: 400;\"> je podobno izbiranju stavnih mest. Pomembno je, da najprej ocenite ponudnika stav. Za\u010dnite s spoznavanjem kakovosti storitev in slovesa blagovne znamke. Poskusite oceniti sam program, potem ko najdete zanesljivega ponudnika. Oglejte si vi\u0161ino provizij in preverite, ali obstajajo priro\u010dni na\u010dini izpla\u010dila.<\/span><\/p>\n<\/div><\/div><\/div><\/div><\/div><div class=\"w-tabs-section\" id=\"e091\"><button class=\"w-tabs-section-header\" aria-controls=\"content-e091\" aria-expanded=\"false\"><div class=\"w-tabs-section-title\">Kak\u0161ne so vrste partnerskih programov?<\/div><div class=\"w-tabs-section-control\"><\/div><\/button><div  class=\"w-tabs-section-content\" id=\"content-e091\"><div class=\"w-tabs-section-content-h i-cf\"><div class=\"wpb_text_column us_custom_dcb976c1 has_text_color\"><div class=\"wpb_wrapper\"><p><span style=\"font-weight: 400;\">Obstajajo razli\u010dne vrste stavnih pridru\u017eenih programov, ki temeljijo na <\/span><span style=\"font-weight: 400;\">zaslu\u017eek pridru\u017eenih stav<\/span><span style=\"font-weight: 400;\"> re\u0161itve. Ena vrsta ponuja denar za vsakega novega igralca, ki ga napoti na spletno stran. Druga vrsta zagotavlja provizije na podlagi zaslu\u017eka priporo\u010denih uporabnikov. In tretja vrsta je kombinacija dveh od teh vrst partnerskih programov.<\/span><\/p>\n<\/div><\/div><\/div><\/div><\/div><div class=\"w-tabs-section\" id=\"s1ad\"><button class=\"w-tabs-section-header\" aria-controls=\"content-s1ad\" aria-expanded=\"false\"><div class=\"w-tabs-section-title\">Kak\u0161ne so vrste pridru\u017eenih stavnih mest?<\/div><div class=\"w-tabs-section-control\"><\/div><\/button><div  class=\"w-tabs-section-content\" id=\"content-s1ad\"><div class=\"w-tabs-section-content-h i-cf\"><div class=\"wpb_text_column us_custom_dcb976c1 has_text_color\"><div class=\"wpb_wrapper\"><p><span style=\"font-weight: 400;\">Kot obstajajo razli\u010dni <\/span><span style=\"font-weight: 400;\">partnerski programi za stave<\/span><span style=\"font-weight: 400;\">, lahko uporabniki odkrijejo tudi razli\u010dna spletna mesta za stave. Stavna mesta lahko razdelimo v razli\u010dne kategorije glede na razli\u010dne zna\u010dilnosti. Na primer, obstajajo spletna mesta za \u0161portne stave, namenjena dolo\u010denim vrstam \u0161portov, kot so nogomet, nogomet, ko\u0161arka, tenis itd. Druga mo\u017enost je, da platforme za \u0161portne stave ponujajo razli\u010dne storitve, kot so nekatere od <\/span><span style=\"font-weight: 400;\">najbolj\u0161i casino partnerski programi<\/span><span style=\"font-weight: 400;\">, stave na digitalne \u0161porte ali celo stave na \u0161portne dogodke.<\/span><\/p>\n<\/div><\/div><\/div><\/div><\/div><\/div><\/div><div class=\"w-separator size_custom\" style=\"height:30px\"><\/div><\/div><\/div><\/div><\/div><\/section>\n","protected":false},"excerpt":{"rendered":"Kako postati \u010dlan partnerskega programa PariPesa? Za\u010detek uporabe Pridru\u017eeni program PariPesa je neverjetno preprost za vsakega igralca \u0161portnih stav. Da za\u010dnete svoje potovanje na spletna stavnica PariPesa spletne strani, je treba najprej opraviti hiter postopek registracije. Tako postane\u0161 pridru\u017eeni partner: Registrirajte se na spletni strani PariPesa. Izpolnite obrazec s potrebnimi informacijami, kot so uporabni\u0161ko ime,...","protected":false},"author":1,"featured_media":2838,"parent":0,"menu_order":0,"comment_status":"closed","ping_status":"closed","template":"","meta":{"footnotes":""},"class_list":["post-2141","page","type-page","status-publish","has-post-thumbnail","hentry"],"_links":{"self":[{"href":"https:\/\/paripesa.partners\/sl\/wp-json\/wp\/v2\/pages\/2141","targetHints":{"allow":["GET"]}}],"collection":[{"href":"https:\/\/paripesa.partners\/sl\/wp-json\/wp\/v2\/pages"}],"about":[{"href":"https:\/\/paripesa.partners\/sl\/wp-json\/wp\/v2\/types\/page"}],"author":[{"embeddable":true,"href":"https:\/\/paripesa.partners\/sl\/wp-json\/wp\/v2\/users\/1"}],"replies":[{"embeddable":true,"href":"https:\/\/paripesa.partners\/sl\/wp-json\/wp\/v2\/comments?post=2141"}],"version-history":[{"count":2,"href":"https:\/\/paripesa.partners\/sl\/wp-json\/wp\/v2\/pages\/2141\/revisions"}],"predecessor-version":[{"id":12665,"href":"https:\/\/paripesa.partners\/sl\/wp-json\/wp\/v2\/pages\/2141\/revisions\/12665"}],"wp:featuredmedia":[{"embeddable":true,"href":"https:\/\/paripesa.partners\/sl\/wp-json\/wp\/v2\/media\/2838"}],"wp:attachment":[{"href":"https:\/\/paripesa.partners\/sl\/wp-json\/wp\/v2\/media?parent=2141"}],"curies":[{"name":"wp","href":"https:\/\/api.w.org\/{rel}","templated":true}]}}