{"id":2500,"date":"2023-08-30T13:53:51","date_gmt":"2023-08-30T10:53:51","guid":{"rendered":"https:\/\/paripesa.partners\/app\/"},"modified":"2024-05-03T12:27:36","modified_gmt":"2024-05-03T09:27:36","slug":"app","status":"publish","type":"page","link":"https:\/\/paripesa.partners\/ro\/app\/","title":{"rendered":"APLICA\u021aIA"},"content":{"rendered":"<section class=\"l-section wpb_row us_custom_ed6495de height_auto width_custom\" style=\"--site-content-width:1100px;\"><div class=\"l-section-h i-cf\"><div class=\"g-cols vc_row via_grid cols_1 laptops-cols_inherit tablets-cols_inherit mobiles-cols_1 valign_top type_default stacking_default\"><div class=\"wpb_column vc_column_container\"><div class=\"vc_column-inner\"><div class=\"w-separator size_custom\" style=\"height:30px\"><\/div><ol class=\"g-breadcrumbs separator_icon align_none\" role=\"navigation\" itemscope itemtype=\"http:\/\/schema.org\/BreadcrumbList\"><li class=\"g-breadcrumbs-item\" itemscope itemprop=\"itemListElement\" itemtype=\"http:\/\/schema.org\/ListItem\"><a itemprop=\"item\" href=\"https:\/\/paripesa.partners\/ro\/\"><span itemprop=\"name\">Prima pagin\u0103<\/span><\/a><meta itemprop=\"position\" content=\"1\"\/><\/li><li class=\"g-breadcrumbs-separator\"><i class=\"far fa-angle-right\"><\/i><\/li><li class=\"g-breadcrumbs-item\">Pagini<\/li><\/ol><div class=\"w-separator size_custom\" style=\"height:30px\"><\/div><div class=\"wpb_text_column\"><div class=\"wpb_wrapper\"><h1><span style=\"font-weight: 400;\">\ud83d\udcf1 Bun venit la noua PariPesa aplica\u021bie mobil\u0103 de pariuri sportive! \ud83c\udf89<\/span><\/h1>\n<p><span style=\"font-weight: 400;\">Datorit\u0103 aplica\u021biei noastre u\u0219or de utilizat \u0219i inovatoare, acum v\u0103 pute\u021bi bucura de jocurile preferate de cazinou Paripesa chiar pe smartphone sau tablet\u0103, oriunde v-a\u021bi afla!<\/span><\/p>\n<h2><span style=\"font-weight: 400;\">Iat\u0103 c\u00e2teva dintre beneficiile utiliz\u0103rii aplica\u021biei PariPesa:<\/span><\/h2>\n<ul>\n<li style=\"font-weight: 400;\" aria-level=\"1\"><span style=\"font-weight: 400;\">\ud83c\udfb0 Varietate de jocuri: Cu <\/span><b>aplica\u021bie de pariuri pentru jocuri de noroc<\/b><span style=\"font-weight: 400;\"> pute\u021bi alege dintre sute de jocuri interesante, inclusiv sloturi, rulet\u0103, blackjack, poker \u0219i multe altele.<\/span><\/li>\n<li style=\"font-weight: 400;\" aria-level=\"1\"><span style=\"font-weight: 400;\">\ud83d\udcb0 Siguran\u021b\u0103 \u0219i comoditate: aplica\u021bia noastr\u0103 v\u0103 asigur\u0103 siguran\u021ba \u0219i confiden\u021bialitatea, permitandu-va s\u0103 v\u0103 bucura\u021bi de joc f\u0103r\u0103 nicio grij\u0103.<\/span><\/li>\n<li style=\"font-weight: 400;\" aria-level=\"1\"><span style=\"font-weight: 400;\">\ud83d\udcc8 Progres \u0219i c\u00e2\u0219tiguri: urm\u0103re\u0219te-\u021bi progresul \u0219i verific\u0103-\u021bi c\u00e2\u0219tigurile \u00een timp real pentru a fi mereu \u00een fruntea jocului t\u0103u.<\/span><\/li>\n<li style=\"font-weight: 400;\" aria-level=\"1\"><span style=\"font-weight: 400;\">\ud83d\udd25 Oferte exclusive: ob\u021bine\u021bi acces la promo\u021bii exclusive \u0219i coduri promo\u021bionale disponibile numai prin aplica\u021bia noastr\u0103 pentru a v\u0103 oferi \u0219i mai multe \u0219anse de a c\u00e2\u0219tiga.<\/span><\/li>\n<\/ul>\n<p><span style=\"font-weight: 400;\">Nu rata \u0219ansa de a ob\u021bine o experien\u021b\u0103 de joc de neuitat \u0219i c\u00e2\u0219tiguri uria\u0219e chiar pe dispozitivul t\u0103u mobil! Desc\u0103rca\u021bi PariPesa <\/span><b>aplica\u021bie sportiv\u0103 de pariuri online<\/b> <span style=\"font-weight: 400;\">ast\u0103zi \u0219i al\u0103tura\u021bi-v\u0103 comunit\u0103\u021bii noastre de jocuri!<\/span><\/p>\n<\/div><\/div><div class=\"w-separator size_custom\" style=\"height:30px\"><\/div><div class=\"w-btn-wrapper align_center\"><a class=\"w-btn us-btn-style_1\" href=\"https:\/\/combodef.com\/L?tag=d_4824699m_147506c_&amp;site=4824699&amp;ad=147506\"><span class=\"w-btn-label\">AL\u0102TUR\u0102-TE ACUM<\/span><\/a><\/div><div class=\"w-separator size_custom\" style=\"height:30px\"><\/div><h2 class=\"w-text us_custom_d01ea1f6 has_text_color\"><span url class=\"w-text-h\"><span class=\"w-text-value\">CELE MAI FRECUENTE \u00ceNTREB\u0102RI<\/span><\/span><\/h2><div class=\"w-separator size_custom\" style=\"height:30px\"><\/div><div class=\"w-tabs us_custom_3fbb5980 has_text_color style_default switch_click accordion has_scrolling\" style=\"--sections-title-size:22px\"><div class=\"w-tabs-sections titles-align_none icon_chevron cpos_right\"><div class=\"w-tabs-section\" id=\"p845\"><button class=\"w-tabs-section-header\" aria-controls=\"content-p845\" aria-expanded=\"false\"><div class=\"w-tabs-section-title\">POT PLASA PARIURI PE BANI REALI FOLOSIND MOBILUL MEU?<\/div><div class=\"w-tabs-section-control\"><\/div><\/button><div  class=\"w-tabs-section-content\" id=\"content-p845\"><div class=\"w-tabs-section-content-h i-cf\"><div class=\"wpb_text_column us_custom_dcb976c1 has_text_color\"><div class=\"wpb_wrapper\"><p>Da, pute\u021bi folosi toate metodele de depunere \u0219i pute\u021bi plasa pariuri pe bani reali.<\/p>\n<\/div><\/div><\/div><\/div><\/div><div class=\"w-tabs-section\" id=\"u98d\"><button class=\"w-tabs-section-header\" aria-controls=\"content-u98d\" aria-expanded=\"false\"><div class=\"w-tabs-section-title\">POT OB\u021aINE UN BONUS DE BUN VENIT \u00ceN APLICA\u021aIA PariPesa?<\/div><div class=\"w-tabs-section-control\"><\/div><\/button><div  class=\"w-tabs-section-content\" id=\"content-u98d\"><div class=\"w-tabs-section-content-h i-cf\"><div class=\"wpb_text_column us_custom_dcb976c1 has_text_color\"><div class=\"wpb_wrapper\"><p>Da, to\u021bi cei care se \u00eenscriu folosind dispozitivul mobil pot primi un bonus de bun venit dup\u0103 ce a f\u0103cut o depunere.<\/p>\n<\/div><\/div><\/div><\/div><\/div><div class=\"w-tabs-section\" id=\"lac2\"><button class=\"w-tabs-section-header\" aria-controls=\"content-lac2\" aria-expanded=\"false\"><div class=\"w-tabs-section-title\">\u00ceMI POT RETRAGE C\u00c2\u0218TIGELE UTILIZAND APLICA\u021aIA MOBIL\u0102 BOOKMAKER?<\/div><div class=\"w-tabs-section-control\"><\/div><\/button><div  class=\"w-tabs-section-content\" id=\"content-lac2\"><div class=\"w-tabs-section-content-h i-cf\"><div class=\"wpb_text_column us_custom_dcb976c1 has_text_color\"><div class=\"wpb_wrapper\"><p>Da, pute\u021bi alege dintre multe metode de retragere pentru a ob\u021bine c\u00e2\u0219tigurile.<\/p>\n<\/div><\/div><\/div><\/div><\/div><div class=\"w-tabs-section\" id=\"ibfd\"><button class=\"w-tabs-section-header\" aria-controls=\"content-ibfd\" aria-expanded=\"false\"><div class=\"w-tabs-section-title\">POT DESCARC\u0102 O APLICA\u021aIE PE SMARTPHONE-UL MEU?<\/div><div class=\"w-tabs-section-control\"><\/div><\/button><div  class=\"w-tabs-section-content\" id=\"content-ibfd\"><div class=\"w-tabs-section-content-h i-cf\"><div class=\"wpb_text_column us_custom_dcb976c1 has_text_color\"><div class=\"wpb_wrapper\"><p>Da, \u00eel pute\u021bi desc\u0103rca de pe Apple Store, Google Play sau site-ul web PariPesa.<\/p>\n<\/div><\/div><\/div><\/div><\/div><\/div><\/div><div class=\"w-separator size_custom\" style=\"height:30px\"><\/div><\/div><\/div><\/div><\/div><\/section>\n","protected":false},"excerpt":{"rendered":"Prima pagin\u0103Pagini\ud83d\udcf1 Bun venit la noua PariPesa aplica\u021bie mobil\u0103 de pariuri sportive! \ud83c\udf89 Datorit\u0103 aplica\u021biei noastre u\u0219or de utilizat \u0219i inovatoare, acum v\u0103 pute\u021bi bucura de jocurile preferate de cazinou Paripesa chiar pe smartphone sau tablet\u0103, oriunde v-a\u021bi afla! Iat\u0103 c\u00e2teva dintre beneficiile utiliz\u0103rii aplica\u021biei PariPesa: \ud83c\udfb0 Varietate de jocuri: Cu aplica\u021bie de pariuri pentru...","protected":false},"author":1,"featured_media":2775,"parent":0,"menu_order":0,"comment_status":"closed","ping_status":"closed","template":"","meta":{"footnotes":""},"class_list":["post-2500","page","type-page","status-publish","has-post-thumbnail","hentry"],"_links":{"self":[{"href":"https:\/\/paripesa.partners\/ro\/wp-json\/wp\/v2\/pages\/2500","targetHints":{"allow":["GET"]}}],"collection":[{"href":"https:\/\/paripesa.partners\/ro\/wp-json\/wp\/v2\/pages"}],"about":[{"href":"https:\/\/paripesa.partners\/ro\/wp-json\/wp\/v2\/types\/page"}],"author":[{"embeddable":true,"href":"https:\/\/paripesa.partners\/ro\/wp-json\/wp\/v2\/users\/1"}],"replies":[{"embeddable":true,"href":"https:\/\/paripesa.partners\/ro\/wp-json\/wp\/v2\/comments?post=2500"}],"version-history":[{"count":2,"href":"https:\/\/paripesa.partners\/ro\/wp-json\/wp\/v2\/pages\/2500\/revisions"}],"predecessor-version":[{"id":3560,"href":"https:\/\/paripesa.partners\/ro\/wp-json\/wp\/v2\/pages\/2500\/revisions\/3560"}],"wp:featuredmedia":[{"embeddable":true,"href":"https:\/\/paripesa.partners\/ro\/wp-json\/wp\/v2\/media\/2775"}],"wp:attachment":[{"href":"https:\/\/paripesa.partners\/ro\/wp-json\/wp\/v2\/media?parent=2500"}],"curies":[{"name":"wp","href":"https:\/\/api.w.org\/{rel}","templated":true}]}}