{"id":2499,"date":"2023-08-30T09:17:46","date_gmt":"2023-08-30T06:17:46","guid":{"rendered":"https:\/\/paripesa.partners\/home\/"},"modified":"2025-06-11T14:31:26","modified_gmt":"2025-06-11T11:31:26","slug":"home","status":"publish","type":"page","link":"https:\/\/paripesa.partners\/ro\/","title":{"rendered":"PariPesa PARTENERI \u2013 PROGRAMUL DE AFILIERE AL UNUI CAZINOU DE TOP"},"content":{"rendered":"<section class=\"l-section wpb_row height_auto width_custom\" style=\"--site-content-width:1100px;\"><div class=\"l-section-h i-cf\"><div class=\"g-cols vc_row via_grid cols_1 laptops-cols_inherit tablets-cols_inherit mobiles-cols_1 valign_top type_default stacking_default\"><div class=\"wpb_column vc_column_container\"><div class=\"vc_column-inner\"><div class=\"w-separator size_custom\" style=\"height:30px\"><\/div><div class=\"wpb_text_column\"><div class=\"wpb_wrapper\"><h1><b>Cum s\u0103 devii membru al programului de afiliere PariPesa?<\/b><\/h1>\n<p><span style=\"font-weight: 400;\">\u00cencepe\u021bi cu <\/span><span style=\"font-weight: 400;\">Programul de afiliere PariPesa<\/span><span style=\"font-weight: 400;\"> este incredibil de simplu pentru orice parior sportiv. Pentru a-\u021bi \u00eencepe c\u0103l\u0103toria pe <\/span><span style=\"font-weight: 400;\">casa de pariuri online PariPesa<\/span><span style=\"font-weight: 400;\"> site-ul web, este necesar s\u0103 parcurge\u021bi mai \u00eent\u00e2i un proces rapid de \u00eenregistrare. Iat\u0103 cum devii afiliat:<\/span><\/p>\n<ol>\n<li><span style=\"font-weight: 400;\"> \u00cenregistra\u021bi-v\u0103 pe site-ul PariPesa. Completa\u021bi formularul furniz\u00e2nd informa\u021biile necesare, cum ar fi numele dvs. de utilizator, parola, limba, informa\u021biile personale, metoda de plat\u0103 etc. Finaliza\u021bi \u00eenregistrarea pentru a continua.<\/span><\/li>\n<li><span style=\"font-weight: 400;\"> Alege\u021bi modelul de c\u00e2\u0219tig pentru dvs <\/span><span style=\"font-weight: 400;\">afiliat PariPesa<\/span><span style=\"font-weight: 400;\"> program. Evalueaz\u0103 cele trei modele de c\u00e2\u0219tig disponibile \u0219i alege unul care \u021bi se potrive\u0219te cel mai mult.<\/span><\/li>\n<li><span style=\"font-weight: 400;\"> Accepta\u021bi termenii \u0219i condi\u021biile <\/span><span style=\"font-weight: 400;\">Partenerii PariPesa<\/span><span style=\"font-weight: 400;\">program. Asigura\u021bi-v\u0103 c\u0103 citi\u021bi cu aten\u021bie toate regulile \u00eenainte de a fi de acord cu termenii \u0219i condi\u021biile site-ului.<\/span><\/li>\n<\/ol>\n<p><span style=\"font-weight: 400;\">Urm\u00e2nd ace\u0219ti trei pa\u0219i simpli, pute\u021bi \u00eencepe imediat s\u0103 c\u00e2\u0219tiga\u021bi bani cu programul de afiliere.<\/span><\/p>\n<h2><b>Cum s\u0103 atrage\u021bi un client \u00een programele de afiliere de pariuri?<\/b><\/h2>\n<p><span style=\"font-weight: 400;\">Pentru a \u00eencepe dvs <\/span><span style=\"font-weight: 400;\">afiliat PariPesa<\/span><span style=\"font-weight: 400;\"> c\u0103l\u0103torie, va trebui s\u0103 g\u0103si\u021bi noi utilizatori care s\u0103 se al\u0103ture site-ului \u0219i s\u0103 \u00eenceap\u0103 s\u0103 parieze. Acest lucru se poate face prin atragerea de noi clien\u021bi prin link-urile dvs. de recomandare \u0219i oferindu-le coduri promo\u021bionale. Dac\u0103 v\u0103 cunoa\u0219te\u021bi publicul \u021bint\u0103, ve\u021bi \u0219ti c\u0103 pariorii sportivi \u0219i juc\u0103torii de cazinou ador\u0103 ofertele promo\u021bionale. Iat\u0103 cum atrage\u021bi noi utilizatori cu un cod promo\u021bional:<\/span><\/p>\n<ul>\n<li><span style=\"font-weight: 400;\"> Crea\u021bi un cod promo\u021bional chiar \u00een contul dvs.<\/span><\/li>\n<li><span style=\"font-weight: 400;\"> Oferi\u021bi un cod de cupon utilizatorilor noi \u0219i acesta v\u0103 va ata\u0219a juc\u0103torul pentru a c\u00e2\u0219tiga bani de recomandare.<\/span><\/li>\n<li><span style=\"font-weight: 400;\"> Folosi\u021bi coduri promo\u021bionale pentru a aduna c\u00e2t mai multe oferte bonus posibil pentru a face oferta \u0219i mai atractiv\u0103 pentru noii pariori.<\/span><\/li>\n<\/ul>\n<p><span style=\"font-weight: 400;\">PariPesa este unul dintre <\/span><span style=\"font-weight: 400;\">cele mai bune programe de afiliere pentru pariuri sportive<\/span><span style=\"font-weight: 400;\"> datorit\u0103 bonusurilor profitabile pe care le ofer\u0103 vizitatorilor.<\/span><\/p>\n<h2><b>Link-uri de referin\u021b\u0103<\/b><\/h2>\n<p><span style=\"font-weight: 400;\">Lucrul cu link-uri de recomandare este simplu. Pute\u021bi crea linkuri unice c\u0103tre casa de pariuri sportive \u0219i <\/span><span style=\"font-weight: 400;\">program de afiliere online de cazinou<\/span><span style=\"font-weight: 400;\"> \u00een contul dvs. \u0219i distribuiti-le online. Linkurile vor fi urm\u0103rite \u0219i \u00een contul dvs. pentru a vedea toate interac\u021biunile \u0219i noii utilizatori care se al\u0103tur\u0103 prin ele.<\/span><\/p>\n<h2><b>De unde \u0219tii care este salutul clientului t\u0103u?<\/b><\/h2>\n<p><span style=\"font-weight: 400;\">Exist\u0103 diferite tipuri de <\/span><span style=\"font-weight: 400;\">programe de afiliere pentru pariuri sportive<\/span><span style=\"font-weight: 400;\">, \u0219i \u00een func\u021bie de tipul pe care \u00eel alege\u021bi pentru c\u00e2\u0219tigurile dvs., ve\u021bi primi recompensele dvs. specifice. Dac\u0103 alege\u021bi un program CPA (cost pe achizitie), ve\u021bi fi pl\u0103tit de fiecare dat\u0103 c\u00e2nd un nou abonat v\u0103 folose\u0219te link-ul pentru a crea un cont. Acela\u0219i lucru este valabil \u0219i pentru alte planuri de afiliere.<\/span><\/p>\n<h2><b>Cum s\u0103 v\u0103 retrage\u021bi c\u00e2\u0219tigurile de la partenerii PariPesa?<\/b><\/h2>\n<p><span style=\"font-weight: 400;\">PariPesa este unul dintre <\/span><span style=\"font-weight: 400;\">programele de afiliere de cazinou cele mai pl\u0103tite,<\/span><span style=\"font-weight: 400;\"> \u0219i este important s\u0103 v\u0103 pute\u021bi retrage cu u\u0219urin\u021b\u0103 c\u00e2\u0219tigurile. Suma minim\u0103 de retragere este de 30 de dolari \u0219i trebuie s\u0103 acumula\u021bi mai \u00eent\u00e2i aceast\u0103 sum\u0103 \u00eenainte de a putea primi plata. Exist\u0103 o mul\u021bime de metode de plat\u0103 disponibile pentru a se potrivi tuturor &#8211; de la portofele electronice la solu\u021bii de criptomonede. Pute\u021bi ob\u021bine banii de la <\/span><span style=\"font-weight: 400;\">programe de afiliere de pariuri<\/span><span style=\"font-weight: 400;\"> folosind Neteller, Ecopayz, transferuri bancare \u0219i alte metode.<\/span><\/p>\n<h2><b>Forma \u0219i valoarea remunera\u021biei \u00een programul de afiliere al cazinoului<\/b><\/h2>\n<p style=\"text-align: left;\"><span style=\"font-weight: 400;\">Partenerii PariPesa<\/span><span style=\"font-weight: 400;\"> programul func\u021bioneaz\u0103 at\u00e2t pentru pariorii sportivi, c\u00e2t \u0219i pentru juc\u0103torii de cazinou. Este unul dintre relativ <\/span><span style=\"font-weight: 400;\">noi programe de afiliere de cazinou<\/span><span style=\"font-weight: 400;\"> a\u0219a cum a fost \u00eenfiin\u021bat\u0103 \u00een 2019. Participan\u021bii la programul de afiliere primesc bani reali pentru promovarea site-ului de pariuri \u0219i pentru atragerea de noi utilizatori.<\/span><\/p>\n<\/div><\/div><div class=\"w-separator size_custom\" style=\"height:50px\"><\/div><div class=\"w-hwrapper valign_top stack_on_mobiles align_center\" style=\"--hwrapper-gap:20px\"><div class=\"w-btn-wrapper align_center\"><a class=\"w-btn us-btn-style_3 us_custom_d5c74bc1\" href=\"https:\/\/combodef.com\/L?tag=d_4824699m_147506c_&amp;site=4824699&amp;ad=147506\"><span class=\"w-btn-label\">\u00ceNSCRIE\u021aI-V\u0102<\/span><\/a><\/div><div class=\"w-btn-wrapper align_center\"><a class=\"w-btn us-btn-style_1 us_custom_d5c74bc1\" href=\"https:\/\/combodef.com\/L?tag=d_4824699m_147506c_&amp;site=4824699&amp;ad=147506\"><span class=\"w-btn-label\">\u00ceNSCRIE\u021aI-V\u0102<\/span><\/a><\/div><\/div><div class=\"w-separator size_custom\" style=\"height:50px\"><\/div><div class=\"g-cols wpb_row us_custom_b6b7bf55 via_grid cols_3 laptops-cols_inherit tablets-cols_inherit mobiles-cols_1 valign_middle type_default stacking_default\"><div class=\"wpb_column vc_column_container\"><div class=\"vc_column-inner\"><div class=\"w-image align_center\"><div url class=\"w-image-h\"><img loading=\"lazy\" decoding=\"async\" width=\"53\" height=\"49\" src=\"https:\/\/paripesa.partners\/wp-content\/uploads\/2023\/09\/steps-icon-1-2.png\" class=\"attachment-full size-full\" alt=\"PariPesa PARTENERI \u2013 PROGRAMUL DE AFILIERE AL UNUI CAZINOU DE TOP\" title=\"PariPesa PARTENERI \u2013 PROGRAMUL DE AFILIERE AL UNUI CAZINOU DE TOP\" \/><\/div><\/div><div class=\"w-separator size_custom\" style=\"height:20px\"><\/div><div class=\"w-text us_custom_9371a4c5 has_text_color\"><span url class=\"w-text-h\"><span class=\"w-text-value\">Programul de afiliere PariPesa<\/span><\/span><\/div><\/div><\/div><div class=\"wpb_column vc_column_container\"><div class=\"vc_column-inner\"><div class=\"w-image align_center\"><div url class=\"w-image-h\"><img loading=\"lazy\" decoding=\"async\" width=\"49\" height=\"49\" src=\"https:\/\/paripesa.partners\/wp-content\/uploads\/2023\/09\/steps-icon-2-2.png\" class=\"attachment-full size-full\" alt=\"PariPesa PARTENERI \u2013 PROGRAMUL DE AFILIERE AL UNUI CAZINOU DE TOP\" title=\"PariPesa PARTENERI \u2013 PROGRAMUL DE AFILIERE AL UNUI CAZINOU DE TOP\" \/><\/div><\/div><div class=\"w-separator size_custom\" style=\"height:20px\"><\/div><div class=\"w-text us_custom_9371a4c5 has_text_color\"><span url class=\"w-text-h\"><span class=\"w-text-value\">Programul de afiliere PariPesa<\/span><\/span><\/div><\/div><\/div><div class=\"wpb_column vc_column_container\"><div class=\"vc_column-inner\"><div class=\"w-image align_center\"><div url class=\"w-image-h\"><img loading=\"lazy\" decoding=\"async\" width=\"92\" height=\"49\" src=\"https:\/\/paripesa.partners\/wp-content\/uploads\/2023\/09\/steps-icon-3-1.png\" class=\"attachment-full size-full\" alt=\"PariPesa PARTENERI \u2013 PROGRAMUL DE AFILIERE AL UNUI CAZINOU DE TOP\" title=\"PariPesa PARTENERI \u2013 PROGRAMUL DE AFILIERE AL UNUI CAZINOU DE TOP\" \/><\/div><\/div><div class=\"w-separator size_custom\" style=\"height:20px\"><\/div><div class=\"w-text us_custom_9371a4c5 has_text_color\"><span url class=\"w-text-h\"><span class=\"w-text-value\">Programul de afiliere PariPesa<\/span><\/span><\/div><\/div><\/div><\/div><div class=\"w-separator size_custom\" style=\"height:50px\"><\/div><\/div><\/div><\/div><\/div><\/section><section class=\"l-section wpb_row us_custom_45afd6fa height_auto\"><div class=\"l-section-overlay\" style=\"background:rgba(0,7,86,0.50)\"><\/div><div class=\"l-section-h i-cf\"><div class=\"g-cols vc_row via_grid cols_1 laptops-cols_inherit tablets-cols_inherit mobiles-cols_1 valign_top type_default stacking_default\"><div class=\"wpb_column vc_column_container\"><div class=\"vc_column-inner\"><div class=\"w-separator size_custom\" style=\"height:50px\"><\/div><div class=\"g-cols wpb_row via_grid cols_1 laptops-cols_inherit tablets-cols_inherit mobiles-cols_1 valign_top type_default stacking_default\"><div class=\"wpb_column vc_column_container\"><div class=\"vc_column-inner\"><div class=\"wpb_text_column us_custom_81aa4fc5 has_text_color\"><div class=\"wpb_wrapper\"><h2 style=\"text-align: center;\">Partenerii PariPesa<\/h2>\n<\/div><\/div><div class=\"w-separator size_custom\" style=\"height:30px\"><\/div><div class=\"w-btn-wrapper align_center\"><a class=\"w-btn us-btn-style_1 us_custom_d5c74bc1\" href=\"https:\/\/combodef.com\/L?tag=d_4824699m_147506c_&amp;site=4824699&amp;ad=147506\"><span class=\"w-btn-label\">ADER\u0102 ACUM<\/span><\/a><\/div><\/div><\/div><\/div><div class=\"w-separator size_custom\" style=\"height:50px\"><\/div><\/div><\/div><\/div><\/div><\/section><section class=\"l-section wpb_row us_custom_ed6495de height_auto width_custom\" style=\"--site-content-width:1100px;\"><div class=\"l-section-h i-cf\"><div class=\"g-cols vc_row via_grid cols_1 laptops-cols_inherit tablets-cols_inherit mobiles-cols_1 valign_top type_default stacking_default\"><div class=\"wpb_column vc_column_container\"><div class=\"vc_column-inner\"><div class=\"w-separator size_custom\" style=\"height:50px\"><\/div><div class=\"wpb_text_column us_custom_6df4bc3a has_text_color\"><div class=\"wpb_wrapper\"><\/div><\/div><div class=\"w-separator size_custom\" style=\"height:30px\"><\/div><h2 class=\"w-text us_custom_ae916b83 has_text_color\"><span url class=\"w-text-h\"><span class=\"w-text-value\">\u00ceNTREBARE FRECVENT\u0102<\/span><\/span><\/h2><div class=\"w-separator size_custom\" style=\"height:30px\"><\/div><div class=\"w-tabs us_custom_3fbb5980 has_text_color style_default switch_click accordion has_scrolling\" style=\"--sections-title-size:22px\"><div class=\"w-tabs-sections titles-align_none icon_chevron cpos_right\"><div class=\"w-tabs-section\" id=\"la0c\"><button class=\"w-tabs-section-header\" aria-controls=\"content-la0c\" aria-expanded=\"false\"><div class=\"w-tabs-section-title\">Ce este un program de afiliere?<\/div><div class=\"w-tabs-section-control\"><\/div><\/button><div  class=\"w-tabs-section-content\" id=\"content-la0c\"><div class=\"w-tabs-section-content-h i-cf\"><div class=\"wpb_text_column us_custom_dcb976c1 has_text_color\"><div class=\"wpb_wrapper\"><p><span style=\"font-weight: 400;\">A <\/span><span style=\"font-weight: 400;\">afiliat site-ului de pariuri<\/span><span style=\"font-weight: 400;\"> programul permite utilizatorilor s\u0103 c\u00e2\u0219tige bani pentru comercializarea produselor sau serviciilor lor c\u0103tre alte persoane. De exemplu, programul PariPesa ofer\u0103 partenerilor comisioane pentru trimiterea de noi utilizatori c\u0103tre site.<\/span><\/p>\n<\/div><\/div><\/div><\/div><\/div><div class=\"w-tabs-section\" id=\"abd4\"><button class=\"w-tabs-section-header\" aria-controls=\"content-abd4\" aria-expanded=\"false\"><div class=\"w-tabs-section-title\">Cum s\u0103 alegi cele mai bune programe de afiliere pentru pariuri sportive?<\/div><div class=\"w-tabs-section-control\"><\/div><\/button><div  class=\"w-tabs-section-content\" id=\"content-abd4\"><div class=\"w-tabs-section-content-h i-cf\"><div class=\"wpb_text_column us_custom_dcb976c1 has_text_color\"><div class=\"wpb_wrapper\"><p><span style=\"font-weight: 400;\">Alegerea <\/span><span style=\"font-weight: 400;\">programe de afiliere de pariuri<\/span><span style=\"font-weight: 400;\"> este similar cu alegerea site-urilor de pariuri. Este important s\u0103 evaluezi mai \u00eent\u00e2i furnizorul de pariuri. \u00cencepe\u021bi prin a afla despre calitatea serviciilor \u0219i reputa\u021bia m\u0103rcii. \u00cencerca\u021bi s\u0103 evalua\u021bi programul \u00een sine dup\u0103 ce g\u0103si\u021bi un furnizor de \u00eencredere. Vede\u021bi valoarea comisiilor \u0219i verifica\u021bi dac\u0103 exist\u0103 metode convenabile de plat\u0103.<\/span><\/p>\n<\/div><\/div><\/div><\/div><\/div><div class=\"w-tabs-section\" id=\"rd81\"><button class=\"w-tabs-section-header\" aria-controls=\"content-rd81\" aria-expanded=\"false\"><div class=\"w-tabs-section-title\">Care sunt tipurile de programe de afiliere?<\/div><div class=\"w-tabs-section-control\"><\/div><\/button><div  class=\"w-tabs-section-content\" id=\"content-rd81\"><div class=\"w-tabs-section-content-h i-cf\"><div class=\"wpb_text_column us_custom_dcb976c1 has_text_color\"><div class=\"wpb_wrapper\"><p><span style=\"font-weight: 400;\">Exist\u0103 diferite tipuri de programe afiliate de pariuri bazate pe <\/span><span style=\"font-weight: 400;\">c\u00e2\u0219tigurile afilia\u021bilor la pariuri<\/span><span style=\"font-weight: 400;\"> solu\u021bii. Un tip ofer\u0103 bani pentru fiecare juc\u0103tor nou referit la site. Al doilea tip ofer\u0103 comisioane bazate pe c\u00e2\u0219tigurile utilizatorilor recomanda\u021bi. Iar al treilea tip este o combina\u021bie a dou\u0103 dintre aceste tipuri de programe de afiliere.<\/span><\/p>\n<\/div><\/div><\/div><\/div><\/div><div class=\"w-tabs-section\" id=\"af76\"><button class=\"w-tabs-section-header\" aria-controls=\"content-af76\" aria-expanded=\"false\"><div class=\"w-tabs-section-title\">Care sunt tipurile de site-uri de pariuri afiliate?<\/div><div class=\"w-tabs-section-control\"><\/div><\/button><div  class=\"w-tabs-section-content\" id=\"content-af76\"><div class=\"w-tabs-section-content-h i-cf\"><div class=\"wpb_text_column us_custom_dcb976c1 has_text_color\"><div class=\"wpb_wrapper\"><p><span style=\"font-weight: 400;\">Cum sunt diferite <\/span><span style=\"font-weight: 400;\">programe de afiliere de pariuri<\/span><span style=\"font-weight: 400;\">, utilizatorii pot descoperi \u0219i diverse site-uri de pariuri. Site-urile de pariuri pot fi \u00eemp\u0103r\u021bite \u00een diferite categorii \u00een func\u021bie de diferite caracteristici. De exemplu, exist\u0103 site-uri web de pariuri sportive dedicate anumitor tipuri de sport, cum ar fi fotbal, fotbal, baschet, tenis \u0219i multe altele. Alternativ, platformele de pariuri sportive pot oferi diferite servicii, cum ar fi unele dintre ele <\/span><span style=\"font-weight: 400;\">cele mai bune programe de afiliere de cazinou<\/span><span style=\"font-weight: 400;\">, p\u0103r\u00e2nd pe suporturi digitale sau chiar p\u0103r\u00e2nd pe evenimente non-sportive.<\/span><\/p>\n<\/div><\/div><\/div><\/div><\/div><\/div><\/div><div class=\"w-separator size_custom\" style=\"height:30px\"><\/div><\/div><\/div><\/div><\/div><\/section>\n","protected":false},"excerpt":{"rendered":"Cum s\u0103 devii membru al programului de afiliere PariPesa? \u00cencepe\u021bi cu Programul de afiliere PariPesa este incredibil de simplu pentru orice parior sportiv. Pentru a-\u021bi \u00eencepe c\u0103l\u0103toria pe casa de pariuri online PariPesa site-ul web, este necesar s\u0103 parcurge\u021bi mai \u00eent\u00e2i un proces rapid de \u00eenregistrare. Iat\u0103 cum devii afiliat: \u00cenregistra\u021bi-v\u0103 pe site-ul PariPesa. Completa\u021bi...","protected":false},"author":1,"featured_media":2837,"parent":0,"menu_order":0,"comment_status":"closed","ping_status":"closed","template":"","meta":{"footnotes":""},"class_list":["post-2499","page","type-page","status-publish","has-post-thumbnail","hentry"],"_links":{"self":[{"href":"https:\/\/paripesa.partners\/ro\/wp-json\/wp\/v2\/pages\/2499","targetHints":{"allow":["GET"]}}],"collection":[{"href":"https:\/\/paripesa.partners\/ro\/wp-json\/wp\/v2\/pages"}],"about":[{"href":"https:\/\/paripesa.partners\/ro\/wp-json\/wp\/v2\/types\/page"}],"author":[{"embeddable":true,"href":"https:\/\/paripesa.partners\/ro\/wp-json\/wp\/v2\/users\/1"}],"replies":[{"embeddable":true,"href":"https:\/\/paripesa.partners\/ro\/wp-json\/wp\/v2\/comments?post=2499"}],"version-history":[{"count":2,"href":"https:\/\/paripesa.partners\/ro\/wp-json\/wp\/v2\/pages\/2499\/revisions"}],"predecessor-version":[{"id":12664,"href":"https:\/\/paripesa.partners\/ro\/wp-json\/wp\/v2\/pages\/2499\/revisions\/12664"}],"wp:featuredmedia":[{"embeddable":true,"href":"https:\/\/paripesa.partners\/ro\/wp-json\/wp\/v2\/media\/2837"}],"wp:attachment":[{"href":"https:\/\/paripesa.partners\/ro\/wp-json\/wp\/v2\/media?parent=2499"}],"curies":[{"name":"wp","href":"https:\/\/api.w.org\/{rel}","templated":true}]}}