{"id":1999,"date":"2023-08-30T13:53:51","date_gmt":"2023-08-30T10:53:51","guid":{"rendered":"https:\/\/paripesa.partners\/app\/"},"modified":"2024-05-03T12:17:37","modified_gmt":"2024-05-03T09:17:37","slug":"app","status":"publish","type":"page","link":"https:\/\/paripesa.partners\/no\/app\/","title":{"rendered":"PariPesa APP: LAST NED APPEN I NORGE"},"content":{"rendered":"<section class=\"l-section wpb_row us_custom_ed6495de height_auto width_custom\" style=\"--site-content-width:1100px;\"><div class=\"l-section-h i-cf\"><div class=\"g-cols vc_row via_grid cols_1 laptops-cols_inherit tablets-cols_inherit mobiles-cols_1 valign_top type_default stacking_default\"><div class=\"wpb_column vc_column_container\"><div class=\"vc_column-inner\"><div class=\"w-separator size_custom\" style=\"height:30px\"><\/div><ol class=\"g-breadcrumbs separator_icon align_none\" role=\"navigation\" itemscope itemtype=\"http:\/\/schema.org\/BreadcrumbList\"><li class=\"g-breadcrumbs-item\" itemscope itemprop=\"itemListElement\" itemtype=\"http:\/\/schema.org\/ListItem\"><a itemprop=\"item\" href=\"https:\/\/paripesa.partners\/no\/\"><span itemprop=\"name\">Hjem<\/span><\/a><meta itemprop=\"position\" content=\"1\"\/><\/li><li class=\"g-breadcrumbs-separator\"><i class=\"far fa-angle-right\"><\/i><\/li><li class=\"g-breadcrumbs-item\">Sider<\/li><\/ol><div class=\"w-separator size_custom\" style=\"height:30px\"><\/div><div class=\"wpb_text_column\"><div class=\"wpb_wrapper\"><h1><span style=\"font-weight: 400;\">\ud83d\udcf1 Velkommen til nye PariPesa mobil sportsbetting-app! \ud83c\udf89<\/span><\/h1>\n<p><span style=\"font-weight: 400;\">Takket v\u00e6re v\u00e5r brukervennlige og innovative app kan du n\u00e5 nyte dine favoritt Paripesa kasinospill rett p\u00e5 smarttelefonen eller nettbrettet, uansett hvor du er!<\/span><\/p>\n<h2><span style=\"font-weight: 400;\">Her er noen av fordelene ved \u00e5 bruke PariPesa-appen:<\/span><\/h2>\n<ul>\n<li style=\"font-weight: 400;\" aria-level=\"1\"><span style=\"font-weight: 400;\">\ud83c\udfb0 Utvalg av spill: Med <\/span><b>app for gamblingspill<\/b><span style=\"font-weight: 400;\"> du kan velge mellom hundrevis av spennende spill inkludert spilleautomater, rulett, blackjack, poker og mange flere.<\/span><\/li>\n<li style=\"font-weight: 400;\" aria-level=\"1\"><span style=\"font-weight: 400;\">\ud83d\udcb0 Sikkerhet og bekvemmelighet: Appen v\u00e5r sikrer din sikkerhet og personvern, slik at du kan nyte spillet uten bekymringer.<\/span><\/li>\n<li style=\"font-weight: 400;\" aria-level=\"1\"><span style=\"font-weight: 400;\">\ud83d\udcc8 Fremgang og gevinster: Spor fremgangen din og sjekk gevinstene dine i sanntid for alltid \u00e5 v\u00e6re p\u00e5 topp med spillet ditt.<\/span><\/li>\n<li style=\"font-weight: 400;\" aria-level=\"1\"><span style=\"font-weight: 400;\">\ud83d\udd25 Eksklusive tilbud: F\u00e5 tilgang til eksklusive kampanjer og kampanjekoder kun tilgjengelig gjennom appen v\u00e5r for \u00e5 gi deg selv enda flere sjanser til \u00e5 vinne.<\/span><\/li>\n<\/ul>\n<p><span style=\"font-weight: 400;\">Ikke g\u00e5 glipp av sjansen din til \u00e5 f\u00e5 en uforglemmelig spillopplevelse og enorme gevinster rett p\u00e5 din mobile enhet! Last ned PariPesa <\/span><b>online betting sport app<\/b> <span style=\"font-weight: 400;\">i dag og bli med i v\u00e5rt spennende spill fellesskap!<\/span><\/p>\n<\/div><\/div><div class=\"w-separator size_custom\" style=\"height:30px\"><\/div><div class=\"w-btn-wrapper align_center\"><a class=\"w-btn us-btn-style_1\" href=\"https:\/\/combodef.com\/L?tag=d_4824699m_147506c_&amp;site=4824699&amp;ad=147506\"><span class=\"w-btn-label\">BLI MED N\u00c5<\/span><\/a><\/div><div class=\"w-separator size_custom\" style=\"height:30px\"><\/div><h2 class=\"w-text us_custom_d01ea1f6 has_text_color\"><span url class=\"w-text-h\"><span class=\"w-text-value\">VANLIGSTE SP\u00d8RSM\u00c5L<\/span><\/span><\/h2><div class=\"w-separator size_custom\" style=\"height:30px\"><\/div><div class=\"w-tabs us_custom_3fbb5980 has_text_color style_default switch_click accordion has_scrolling\" style=\"--sections-title-size:22px\"><div class=\"w-tabs-sections titles-align_none icon_chevron cpos_right\"><div class=\"w-tabs-section\" id=\"r6a0\"><button class=\"w-tabs-section-header\" aria-controls=\"content-r6a0\" aria-expanded=\"false\"><div class=\"w-tabs-section-title\">KAN JEG PLASSERE EKTE PENGER VED \u00c5 BRUKE MOBILEN MIN?<\/div><div class=\"w-tabs-section-control\"><\/div><\/button><div  class=\"w-tabs-section-content\" id=\"content-r6a0\"><div class=\"w-tabs-section-content-h i-cf\"><div class=\"wpb_text_column us_custom_dcb976c1 has_text_color\"><div class=\"wpb_wrapper\"><p>Ja, du kan bruke alle innskuddsmetoder og satse med ekte penger.<\/p>\n<\/div><\/div><\/div><\/div><\/div><div class=\"w-tabs-section\" id=\"j7dc\"><button class=\"w-tabs-section-header\" aria-controls=\"content-j7dc\" aria-expanded=\"false\"><div class=\"w-tabs-section-title\">KAN JEG F\u00c5 EN VELKOMSTBONUS I PariPesa-S\u00d8KNADEN?<\/div><div class=\"w-tabs-section-control\"><\/div><\/button><div  class=\"w-tabs-section-content\" id=\"content-j7dc\"><div class=\"w-tabs-section-content-h i-cf\"><div class=\"wpb_text_column us_custom_dcb976c1 has_text_color\"><div class=\"wpb_wrapper\"><p>Ja, alle som registrerer seg med mobilenheten sin kan f\u00e5 en velkomstbonus etter \u00e5 ha gjort et innskudd.<\/p>\n<\/div><\/div><\/div><\/div><\/div><div class=\"w-tabs-section\" id=\"f90a\"><button class=\"w-tabs-section-header\" aria-controls=\"content-f90a\" aria-expanded=\"false\"><div class=\"w-tabs-section-title\">KAN JEG TA UT GEVINSTEN MINE VED \u00c5 BRUKE BOOKMAKER-MOBILEN?<\/div><div class=\"w-tabs-section-control\"><\/div><\/button><div  class=\"w-tabs-section-content\" id=\"content-f90a\"><div class=\"w-tabs-section-content-h i-cf\"><div class=\"wpb_text_column us_custom_dcb976c1 has_text_color\"><div class=\"wpb_wrapper\"><p>Ja, du kan velge blant mange uttaksmetoder for \u00e5 f\u00e5 gevinstene dine.<\/p>\n<\/div><\/div><\/div><\/div><\/div><div class=\"w-tabs-section\" id=\"ma40\"><button class=\"w-tabs-section-header\" aria-controls=\"content-ma40\" aria-expanded=\"false\"><div class=\"w-tabs-section-title\">KAN JEG LASTE NED EN APP P\u00c5 SMARTTELEFONEN MIN?<\/div><div class=\"w-tabs-section-control\"><\/div><\/button><div  class=\"w-tabs-section-content\" id=\"content-ma40\"><div class=\"w-tabs-section-content-h i-cf\"><div class=\"wpb_text_column us_custom_dcb976c1 has_text_color\"><div class=\"wpb_wrapper\"><p>Ja, du kan laste den ned fra Apple Store, Google Play eller PariPesa-nettstedet.<\/p>\n<\/div><\/div><\/div><\/div><\/div><\/div><\/div><div class=\"w-separator size_custom\" style=\"height:30px\"><\/div><\/div><\/div><\/div><\/div><\/section>\n","protected":false},"excerpt":{"rendered":"HjemSider\ud83d\udcf1 Velkommen til nye PariPesa mobil sportsbetting-app! \ud83c\udf89 Takket v\u00e6re v\u00e5r brukervennlige og innovative app kan du n\u00e5 nyte dine favoritt Paripesa kasinospill rett p\u00e5 smarttelefonen eller nettbrettet, uansett hvor du er! Her er noen av fordelene ved \u00e5 bruke PariPesa-appen: \ud83c\udfb0 Utvalg av spill: Med app for gamblingspill du kan velge mellom hundrevis av...","protected":false},"author":1,"featured_media":2770,"parent":0,"menu_order":0,"comment_status":"closed","ping_status":"closed","template":"","meta":{"footnotes":""},"class_list":["post-1999","page","type-page","status-publish","has-post-thumbnail","hentry"],"_links":{"self":[{"href":"https:\/\/paripesa.partners\/no\/wp-json\/wp\/v2\/pages\/1999","targetHints":{"allow":["GET"]}}],"collection":[{"href":"https:\/\/paripesa.partners\/no\/wp-json\/wp\/v2\/pages"}],"about":[{"href":"https:\/\/paripesa.partners\/no\/wp-json\/wp\/v2\/types\/page"}],"author":[{"embeddable":true,"href":"https:\/\/paripesa.partners\/no\/wp-json\/wp\/v2\/users\/1"}],"replies":[{"embeddable":true,"href":"https:\/\/paripesa.partners\/no\/wp-json\/wp\/v2\/comments?post=1999"}],"version-history":[{"count":2,"href":"https:\/\/paripesa.partners\/no\/wp-json\/wp\/v2\/pages\/1999\/revisions"}],"predecessor-version":[{"id":3556,"href":"https:\/\/paripesa.partners\/no\/wp-json\/wp\/v2\/pages\/1999\/revisions\/3556"}],"wp:featuredmedia":[{"embeddable":true,"href":"https:\/\/paripesa.partners\/no\/wp-json\/wp\/v2\/media\/2770"}],"wp:attachment":[{"href":"https:\/\/paripesa.partners\/no\/wp-json\/wp\/v2\/media?parent=1999"}],"curies":[{"name":"wp","href":"https:\/\/api.w.org\/{rel}","templated":true}]}}