{"id":1997,"date":"2023-08-30T09:17:46","date_gmt":"2023-08-30T06:17:46","guid":{"rendered":"https:\/\/paripesa.partners\/home\/"},"modified":"2025-06-11T13:50:53","modified_gmt":"2025-06-11T10:50:53","slug":"home","status":"publish","type":"page","link":"https:\/\/paripesa.partners\/no\/","title":{"rendered":"PariPesa PARTNERE \u2013 TOPP KASINO SAMARBEIDSPARTNER PROGRAM"},"content":{"rendered":"<section class=\"l-section wpb_row height_auto width_custom\" style=\"--site-content-width:1100px;\"><div class=\"l-section-h i-cf\"><div class=\"g-cols vc_row via_grid cols_1 laptops-cols_inherit tablets-cols_inherit mobiles-cols_1 valign_top type_default stacking_default\"><div class=\"wpb_column vc_column_container\"><div class=\"vc_column-inner\"><div class=\"w-separator size_custom\" style=\"height:30px\"><\/div><div class=\"wpb_text_column\"><div class=\"wpb_wrapper\"><h1><b>Hvordan bli medlem av PariPesa Affiliate Program?<\/b><\/h1>\n<p><span style=\"font-weight: 400;\">Komme i gang med <\/span><span style=\"font-weight: 400;\">PariPesa tilknyttede program<\/span><span style=\"font-weight: 400;\"> er utrolig enkelt for enhver sportsbetting. For \u00e5 starte reisen p\u00e5 <\/span><span style=\"font-weight: 400;\">online bookmaker PariPesa<\/span><span style=\"font-weight: 400;\"> nettstedet, er det n\u00f8dvendig \u00e5 g\u00e5 gjennom en rask registreringsprosess f\u00f8rst. Slik blir du en affiliate:<\/span><\/p>\n<ol>\n<li><span style=\"font-weight: 400;\"> Registrer deg p\u00e5 PariPesa-nettstedet. Fyll ut skjemaet som gir n\u00f8dvendig informasjon, slik som brukernavn, passord, spr\u00e5k, personlig informasjon, betalingsm\u00e5te osv. Fullf\u00f8r registreringen for \u00e5 fortsette.<\/span><\/li>\n<li><span style=\"font-weight: 400;\"> Velg opptjeningsmodellen for din <\/span><span style=\"font-weight: 400;\">PariPesa-tilknyttet<\/span><span style=\"font-weight: 400;\"> program. Vurder de tre tilgjengelige inntektsmodellene og velg den som passer deg best.<\/span><\/li>\n<li><span style=\"font-weight: 400;\"> Godta vilk\u00e5rene i <\/span><span style=\"font-weight: 400;\">PariPesa-partnere <\/span><span style=\"font-weight: 400;\">program. S\u00f8rg for \u00e5 lese alle reglene n\u00f8ye f\u00f8r du godtar vilk\u00e5rene og betingelsene for nettstedet.<\/span><\/li>\n<\/ol>\n<p><span style=\"font-weight: 400;\">Ved \u00e5 f\u00f8lge disse tre enkle trinnene kan du begynne \u00e5 tjene penger med affiliateprogrammet med en gang.<\/span><\/p>\n<h2><b>Hvordan f\u00e5 en klient til \u00e5 spille tilknyttede programmer?<\/b><\/h2>\n<p><span style=\"font-weight: 400;\">For \u00e5 starte din <\/span><span style=\"font-weight: 400;\">PariPesa-tilknyttet<\/span><span style=\"font-weight: 400;\"> reise, m\u00e5 du finne nye brukere for \u00e5 bli med p\u00e5 nettstedet og begynne \u00e5 satse. Dette kan gj\u00f8res ved \u00e5 tiltrekke nye kunder via henvisning lenkene dine og ved \u00e5 tilby dem kampanjekoder. Hvis du kjenner m\u00e5lgruppen din, vil du vite at sports spillere og kasino gamblere elsker kampanjetilbud. Slik tiltrekker du deg nye brukere med en kampanjekode:<\/span><\/p>\n<ul>\n<li><span style=\"font-weight: 400;\"> Opprett en kampanjekode direkte p\u00e5 kontoen din.<\/span><\/li>\n<li><span style=\"font-weight: 400;\"> Tilby en kupongkode til nye brukere, og den vil knytte spilleren til deg for \u00e5 tjene henvisning penger.<\/span><\/li>\n<li><span style=\"font-weight: 400;\"> Bruk kampanjekoder for \u00e5 samle s\u00e5 mange bonustilbud som mulig for \u00e5 gj\u00f8re tilbudet enda mer fristende for nye spillere.<\/span><\/li>\n<\/ul>\n<p><span style=\"font-weight: 400;\">PariPesa er en av de <\/span><span style=\"font-weight: 400;\">beste sportsbetting tilknyttede programmer<\/span><span style=\"font-weight: 400;\"> takket v\u00e6re de lukrative bonusene den tilbyr bes\u00f8kende.<\/span><\/p>\n<h2><b>Henvisning Lenker<\/b><\/h2>\n<p><span style=\"font-weight: 400;\">Det er enkelt \u00e5 jobbe med henvisnings lenker. Du kan lage unike lenker til sportsbooken og <\/span><span style=\"font-weight: 400;\">kasino online affiliate program<\/span><span style=\"font-weight: 400;\"> p\u00e5 kontoen din og distribuere dem p\u00e5 nettet. Linkene vil ogs\u00e5 bli sporet i kontoen din for \u00e5 se alle interaksjoner og nye brukere som blir med gjennom dem.<\/span><\/p>\n<h2><b>Hvordan vet du hva kundens hilsen er?<\/b><\/h2>\n<p><span style=\"font-weight: 400;\">Det finnes forskjellige typer <\/span><span style=\"font-weight: 400;\">tilknyttede programmer for sportsbetting<\/span><span style=\"font-weight: 400;\">, og basert p\u00e5 typen du velger for inntektene dine, vil du motta dine spesifikke bel\u00f8nninger. Hvis du velger et CPA-program (kostnad per anskaffelse), vil du f\u00e5 betalt hver gang en ny abonnent bruker linken din til \u00e5 opprette en konto. Det samme gjelder andre tilknytning planer.<\/span><\/p>\n<h2><b>Hvordan ta ut inntektene dine fra PariPesa-partnere?<\/b><\/h2>\n<p><span style=\"font-weight: 400;\">PariPesa er en av de <\/span><span style=\"font-weight: 400;\">best betalende kasino tilknyttede programmer,<\/span><span style=\"font-weight: 400;\"> og det er viktig \u00e5 kunne ta ut inntektene dine enkelt. Minste uttaksbel\u00f8p er 30 dollar, og du m\u00e5 akkumulere denne summen f\u00f8rst f\u00f8r du kan f\u00e5 utbetalingen din. Det finnes en haug med betalingsmetoder tilgjengelig for alle \u2013 fra elektroniske lommeb\u00f8ker til kryptovaluta l\u00f8sninger. Du kan f\u00e5 pengene dine fra <\/span><span style=\"font-weight: 400;\">tipping tilknyttede programmer<\/span><span style=\"font-weight: 400;\"> ved \u00e5 bruke Neteller, Ecopayz, bankoverf\u00f8ringer og andre metoder.<\/span><\/p>\n<h2><b>Form og bel\u00f8p for godtgj\u00f8relse i kasinoets tilknyttede program<\/b><\/h2>\n<p style=\"text-align: left;\"><span style=\"font-weight: 400;\">De <\/span><span style=\"font-weight: 400;\">PariPesa-partnere<\/span><span style=\"font-weight: 400;\"> Programmet fungerer for b\u00e5de sports spillere og casinospillere. Det er en av de relativt <\/span><span style=\"font-weight: 400;\">nye kasinotilknyttede programmer<\/span><span style=\"font-weight: 400;\"> slik det ble grunnlagt i 2019. Deltakerne i affiliateprogrammet mottar ekte penger for \u00e5 promotere datingnettstedet og tiltrekke seg nye brukere.<\/span><\/p>\n<\/div><\/div><div class=\"w-separator size_custom\" style=\"height:50px\"><\/div><div class=\"w-hwrapper valign_top stack_on_mobiles align_center\" style=\"--hwrapper-gap:20px\"><div class=\"w-btn-wrapper align_center\"><a class=\"w-btn us-btn-style_3 us_custom_d5c74bc1\" href=\"https:\/\/combodef.com\/L?tag=d_4824699m_147506c_&amp;site=4824699&amp;ad=147506\"><span class=\"w-btn-label\">MELDE DEG P\u00c5<\/span><\/a><\/div><div class=\"w-btn-wrapper align_center\"><a class=\"w-btn us-btn-style_1 us_custom_d5c74bc1\" href=\"https:\/\/combodef.com\/L?tag=d_4824699m_147506c_&amp;site=4824699&amp;ad=147506\"><span class=\"w-btn-label\">MELDE DEG P\u00c5<\/span><\/a><\/div><\/div><div class=\"w-separator size_custom\" style=\"height:50px\"><\/div><div class=\"g-cols wpb_row us_custom_b6b7bf55 via_grid cols_3 laptops-cols_inherit tablets-cols_inherit mobiles-cols_1 valign_middle type_default stacking_default\"><div class=\"wpb_column vc_column_container\"><div class=\"vc_column-inner\"><div class=\"w-image align_center\"><div url class=\"w-image-h\"><img loading=\"lazy\" decoding=\"async\" width=\"53\" height=\"49\" src=\"https:\/\/paripesa.partners\/wp-content\/uploads\/2023\/09\/steps-icon-1-2.png\" class=\"attachment-full size-full\" alt=\"PariPesa PARTNERE \u2013 TOPP KASINO SAMARBEIDSPARTNER PROGRAM\" title=\"PariPesa PARTNERE \u2013 TOPP KASINO SAMARBEIDSPARTNER PROGRAM\" \/><\/div><\/div><div class=\"w-separator size_custom\" style=\"height:20px\"><\/div><div class=\"w-text us_custom_9371a4c5 has_text_color\"><span url class=\"w-text-h\"><span class=\"w-text-value\">PariPesa tilknyttede program<\/span><\/span><\/div><\/div><\/div><div class=\"wpb_column vc_column_container\"><div class=\"vc_column-inner\"><div class=\"w-image align_center\"><div url class=\"w-image-h\"><img loading=\"lazy\" decoding=\"async\" width=\"49\" height=\"49\" src=\"https:\/\/paripesa.partners\/wp-content\/uploads\/2023\/09\/steps-icon-2-2.png\" class=\"attachment-full size-full\" alt=\"PariPesa PARTNERE \u2013 TOPP KASINO SAMARBEIDSPARTNER PROGRAM\" title=\"PariPesa PARTNERE \u2013 TOPP KASINO SAMARBEIDSPARTNER PROGRAM\" \/><\/div><\/div><div class=\"w-separator size_custom\" style=\"height:20px\"><\/div><div class=\"w-text us_custom_9371a4c5 has_text_color\"><span url class=\"w-text-h\"><span class=\"w-text-value\">PariPesa tilknyttede program<\/span><\/span><\/div><\/div><\/div><div class=\"wpb_column vc_column_container\"><div class=\"vc_column-inner\"><div class=\"w-image align_center\"><div url class=\"w-image-h\"><img loading=\"lazy\" decoding=\"async\" width=\"92\" height=\"49\" src=\"https:\/\/paripesa.partners\/wp-content\/uploads\/2023\/09\/steps-icon-3-1.png\" class=\"attachment-full size-full\" alt=\"PariPesa PARTNERE \u2013 TOPP KASINO SAMARBEIDSPARTNER PROGRAM\" title=\"PariPesa PARTNERE \u2013 TOPP KASINO SAMARBEIDSPARTNER PROGRAM\" \/><\/div><\/div><div class=\"w-separator size_custom\" style=\"height:20px\"><\/div><div class=\"w-text us_custom_9371a4c5 has_text_color\"><span url class=\"w-text-h\"><span class=\"w-text-value\">PariPesa tilknyttede program<\/span><\/span><\/div><\/div><\/div><\/div><div class=\"w-separator size_custom\" style=\"height:50px\"><\/div><\/div><\/div><\/div><\/div><\/section><section class=\"l-section wpb_row us_custom_45afd6fa height_auto\"><div class=\"l-section-overlay\" style=\"background:rgba(0,7,86,0.50)\"><\/div><div class=\"l-section-h i-cf\"><div class=\"g-cols vc_row via_grid cols_1 laptops-cols_inherit tablets-cols_inherit mobiles-cols_1 valign_top type_default stacking_default\"><div class=\"wpb_column vc_column_container\"><div class=\"vc_column-inner\"><div class=\"w-separator size_custom\" style=\"height:50px\"><\/div><div class=\"g-cols wpb_row via_grid cols_1 laptops-cols_inherit tablets-cols_inherit mobiles-cols_1 valign_top type_default stacking_default\"><div class=\"wpb_column vc_column_container\"><div class=\"vc_column-inner\"><div class=\"wpb_text_column us_custom_81aa4fc5 has_text_color\"><div class=\"wpb_wrapper\"><p style=\"text-align: center;\">PariPesa-partnere<\/p>\n<\/div><\/div><div class=\"w-separator size_custom\" style=\"height:30px\"><\/div><div class=\"w-btn-wrapper align_center\"><a class=\"w-btn us-btn-style_1 us_custom_d5c74bc1\" href=\"https:\/\/combodef.com\/L?tag=d_4824699m_147506c_&amp;site=4824699&amp;ad=147506\"><span class=\"w-btn-label\">BLI MED N\u00c5<\/span><\/a><\/div><\/div><\/div><\/div><div class=\"w-separator size_custom\" style=\"height:50px\"><\/div><\/div><\/div><\/div><\/div><\/section><section class=\"l-section wpb_row us_custom_ed6495de height_auto width_custom\" style=\"--site-content-width:1100px;\"><div class=\"l-section-h i-cf\"><div class=\"g-cols vc_row via_grid cols_1 laptops-cols_inherit tablets-cols_inherit mobiles-cols_1 valign_top type_default stacking_default\"><div class=\"wpb_column vc_column_container\"><div class=\"vc_column-inner\"><div class=\"w-separator size_custom\" style=\"height:50px\"><\/div><div class=\"wpb_text_column us_custom_6df4bc3a has_text_color\"><div class=\"wpb_wrapper\"><\/div><\/div><div class=\"w-separator size_custom\" style=\"height:30px\"><\/div><h2 class=\"w-text us_custom_ae916b83 has_text_color\"><span url class=\"w-text-h\"><span class=\"w-text-value\">OFTE STILTE SP\u00d8RSM\u00c5L<\/span><\/span><\/h2><div class=\"w-separator size_custom\" style=\"height:30px\"><\/div><div class=\"w-tabs us_custom_3fbb5980 has_text_color style_default switch_click accordion has_scrolling\" style=\"--sections-title-size:22px\"><div class=\"w-tabs-sections titles-align_none icon_chevron cpos_right\"><div class=\"w-tabs-section\" id=\"d69e\"><button class=\"w-tabs-section-header\" aria-controls=\"content-d69e\" aria-expanded=\"false\"><div class=\"w-tabs-section-title\">Hva er et tilknyttet program?<\/div><div class=\"w-tabs-section-control\"><\/div><\/button><div  class=\"w-tabs-section-content\" id=\"content-d69e\"><div class=\"w-tabs-section-content-h i-cf\"><div class=\"wpb_text_column us_custom_dcb976c1 has_text_color\"><div class=\"wpb_wrapper\"><p><span style=\"font-weight: 400;\">Dekkene<\/span><span style=\"font-weight: 400;\"> tilknyttet<\/span><span style=\"font-weight: 400;\"> programmet lar brukere tjene penger for \u00e5 markedsf\u00f8re produktene eller tjenestene sine til andre mennesker. For eksempel gir PariPesa-programmet provisjoner til partnere for \u00e5 henvise nye brukere til nettstedet. <\/span><\/p>\n<\/div><\/div><\/div><\/div><\/div><div class=\"w-tabs-section\" id=\"e820\"><button class=\"w-tabs-section-header\" aria-controls=\"content-e820\" aria-expanded=\"false\"><div class=\"w-tabs-section-title\">Hvordan velge de beste tilknyttede programmene for sportsbetting?<\/div><div class=\"w-tabs-section-control\"><\/div><\/button><div  class=\"w-tabs-section-content\" id=\"content-e820\"><div class=\"w-tabs-section-content-h i-cf\"><div class=\"wpb_text_column us_custom_dcb976c1 has_text_color\"><div class=\"wpb_wrapper\"><p><span style=\"font-weight: 400;\">Velger <\/span><span style=\"font-weight: 400;\">tipping tilknyttede programmer<\/span><span style=\"font-weight: 400;\"> ligner p\u00e5 \u00e5 velge bettingsider. Det er viktig \u00e5 vurdere spill leverand\u00f8ren f\u00f8rst. Start med \u00e5 l\u00e6re om kvaliteten p\u00e5 tjenestene og omd\u00f8mmet til merkevaren. Pr\u00f8v \u00e5 evaluere selve programmet etter \u00e5 ha funnet en p\u00e5litelig leverand\u00f8r. Se mengden av provisjoner og sjekk om det finnes noen praktiske utbetalingsmetoder.<\/span><\/p>\n<\/div><\/div><\/div><\/div><\/div><div class=\"w-tabs-section\" id=\"c9a7\"><button class=\"w-tabs-section-header\" aria-controls=\"content-c9a7\" aria-expanded=\"false\"><div class=\"w-tabs-section-title\">Hva er typene tilknyttede programmer?<\/div><div class=\"w-tabs-section-control\"><\/div><\/button><div  class=\"w-tabs-section-content\" id=\"content-c9a7\"><div class=\"w-tabs-section-content-h i-cf\"><div class=\"wpb_text_column us_custom_dcb976c1 has_text_color\"><div class=\"wpb_wrapper\"><p><span style=\"font-weight: 400;\">Det finnes forskjellige typer tipping-tilknyttede programmer basert p\u00e5 <\/span><span style=\"font-weight: 400;\">betting tilknyttede inntekter<\/span><span style=\"font-weight: 400;\"> l\u00f8sninger. En type tilbyr penger for hver nye spiller som henvises til nettstedet. Den andre typen gir provisjon basert p\u00e5 inntektene til henviste brukere. Og den tredje typen er en kombinasjon av to av disse tilknyttede programtypene.<\/span><\/p>\n<\/div><\/div><\/div><\/div><\/div><div class=\"w-tabs-section\" id=\"gb5d\"><button class=\"w-tabs-section-header\" aria-controls=\"content-gb5d\" aria-expanded=\"false\"><div class=\"w-tabs-section-title\">Hva er typene tilknyttede bettingsider?<\/div><div class=\"w-tabs-section-control\"><\/div><\/button><div  class=\"w-tabs-section-content\" id=\"content-gb5d\"><div class=\"w-tabs-section-content-h i-cf\"><div class=\"wpb_text_column us_custom_dcb976c1 has_text_color\"><div class=\"wpb_wrapper\"><p><span style=\"font-weight: 400;\">Som det er forskjellige <\/span><span style=\"font-weight: 400;\">tipping tilknyttede programmer<\/span><span style=\"font-weight: 400;\">, kan brukere ogs\u00e5 oppdage ulike spillnettsteder. Spillsider kan deles inn i ulike kategorier basert p\u00e5 ulike egenskaper. For eksempel er det nettsteder for sportsbetting dedikert til spesifikke typer sport, som fotball, fotball, basketball, tennis og mer. Alternativt kan sportsspill plattformer tilby forskjellige tjenester, for eksempel noen av de <\/span><span style=\"font-weight: 400;\">beste kasino tilknyttede programmer<\/span><span style=\"font-weight: 400;\">, satser p\u00e5 digital sport, eller til og med satser p\u00e5 ikke-sportsbegivenheter.<\/span><\/p>\n<\/div><\/div><\/div><\/div><\/div><\/div><\/div><div class=\"w-separator size_custom\" style=\"height:30px\"><\/div><\/div><\/div><\/div><\/div><\/section>\n","protected":false},"excerpt":{"rendered":"Hvordan bli medlem av PariPesa Affiliate Program? Komme i gang med PariPesa tilknyttede program er utrolig enkelt for enhver sportsbetting. For \u00e5 starte reisen p\u00e5 online bookmaker PariPesa nettstedet, er det n\u00f8dvendig \u00e5 g\u00e5 gjennom en rask registreringsprosess f\u00f8rst. Slik blir du en affiliate: Registrer deg p\u00e5 PariPesa-nettstedet. Fyll ut skjemaet som gir n\u00f8dvendig informasjon,...","protected":false},"author":1,"featured_media":2832,"parent":0,"menu_order":0,"comment_status":"closed","ping_status":"closed","template":"","meta":{"footnotes":""},"class_list":["post-1997","page","type-page","status-publish","has-post-thumbnail","hentry"],"_links":{"self":[{"href":"https:\/\/paripesa.partners\/no\/wp-json\/wp\/v2\/pages\/1997","targetHints":{"allow":["GET"]}}],"collection":[{"href":"https:\/\/paripesa.partners\/no\/wp-json\/wp\/v2\/pages"}],"about":[{"href":"https:\/\/paripesa.partners\/no\/wp-json\/wp\/v2\/types\/page"}],"author":[{"embeddable":true,"href":"https:\/\/paripesa.partners\/no\/wp-json\/wp\/v2\/users\/1"}],"replies":[{"embeddable":true,"href":"https:\/\/paripesa.partners\/no\/wp-json\/wp\/v2\/comments?post=1997"}],"version-history":[{"count":2,"href":"https:\/\/paripesa.partners\/no\/wp-json\/wp\/v2\/pages\/1997\/revisions"}],"predecessor-version":[{"id":12644,"href":"https:\/\/paripesa.partners\/no\/wp-json\/wp\/v2\/pages\/1997\/revisions\/12644"}],"wp:featuredmedia":[{"embeddable":true,"href":"https:\/\/paripesa.partners\/no\/wp-json\/wp\/v2\/media\/2832"}],"wp:attachment":[{"href":"https:\/\/paripesa.partners\/no\/wp-json\/wp\/v2\/media?parent=1997"}],"curies":[{"name":"wp","href":"https:\/\/api.w.org\/{rel}","templated":true}]}}