{"id":1789,"date":"2023-08-30T13:53:51","date_gmt":"2023-08-30T10:53:51","guid":{"rendered":"https:\/\/paripesa.partners\/app\/"},"modified":"2024-05-02T18:28:54","modified_gmt":"2024-05-02T15:28:54","slug":"app","status":"publish","type":"page","link":"https:\/\/paripesa.partners\/hu\/app\/","title":{"rendered":"PariPesa APP: MAGYARORSZ\u00c1GI ALKALMAZ\u00c1S LET\u00d6LT\u00c9SE"},"content":{"rendered":"<section class=\"l-section wpb_row us_custom_ed6495de height_auto width_custom\" style=\"--site-content-width:1100px;\"><div class=\"l-section-h i-cf\"><div class=\"g-cols vc_row via_grid cols_1 laptops-cols_inherit tablets-cols_inherit mobiles-cols_1 valign_top type_default stacking_default\"><div class=\"wpb_column vc_column_container\"><div class=\"vc_column-inner\"><div class=\"w-separator size_custom\" style=\"height:30px\"><\/div><ol class=\"g-breadcrumbs separator_icon align_none\" role=\"navigation\" itemscope itemtype=\"http:\/\/schema.org\/BreadcrumbList\"><li class=\"g-breadcrumbs-item\" itemscope itemprop=\"itemListElement\" itemtype=\"http:\/\/schema.org\/ListItem\"><a itemprop=\"item\" href=\"https:\/\/paripesa.partners\/hu\/\"><span itemprop=\"name\">Kezd\u0151lap<\/span><\/a><meta itemprop=\"position\" content=\"1\"\/><\/li><li class=\"g-breadcrumbs-separator\"><i class=\"far fa-angle-right\"><\/i><\/li><li class=\"g-breadcrumbs-item\">Oldalak<\/li><\/ol><div class=\"w-separator size_custom\" style=\"height:30px\"><\/div><div class=\"wpb_text_column\"><div class=\"wpb_wrapper\"><h1><span style=\"font-weight: 400;\">\ud83d\udcf1 \u00dcdv\u00f6z\u00f6lj\u00fck az \u00faj PariPes\u00e1 banmobil sportfogad\u00e1si alkalmaz\u00e1s! \ud83c\udf89<\/span><\/h1>\n<p><span style=\"font-weight: 400;\">Felhaszn\u00e1l\u00f3bar\u00e1t \u00e9s innovat\u00edv alkalmaz\u00e1sunknak k\u00f6sz\u00f6nhet\u0151en most m\u00e1r k\u00f6zvetlen\u00fcl okostelefonodon vagy t\u00e1blag\u00e9p\u00e9n \u00e9lvezheti kedvenc Paripesa kaszin\u00f3 j\u00e1t\u00e9kait, b\u00e1rhol is van!<\/span><\/p>\n<h2><span style=\"font-weight: 400;\">\u00cdme n\u00e9h\u00e1ny el\u0151ny a PariPesa alkalmaz\u00e1s haszn\u00e1lat\u00e1b\u00f3l:<\/span><\/h2>\n<ul>\n<li style=\"font-weight: 400;\" aria-level=\"1\"><span style=\"font-weight: 400;\">\ud83c\udfb0 V\u00e1ltozatos j\u00e1t\u00e9kok: A <\/span><b>szerencsej\u00e1t\u00e9k fogad\u00e1si alkalmaz\u00e1s<\/b><span style=\"font-weight: 400;\"> t\u00f6bb sz\u00e1z izgalmas j\u00e1t\u00e9k k\u00f6z\u00fcl v\u00e1laszthat, bele\u00e9rtve a nyer\u0151g\u00e9peket, a rulett, a black jack, a p\u00f3kert \u00e9s m\u00e9g sok m\u00e1st.<\/span><\/li>\n<li style=\"font-weight: 400;\" aria-level=\"1\"><span style=\"font-weight: 400;\">\ud83d\udcb0 Biztons\u00e1g \u00e9s k\u00e9nyelem: Alkalmaz\u00e1sunk biztos\u00edtja az \u00d6n biztons\u00e1g\u00e1t \u00e9s mag\u00e1n\u00e9let\u00e9t, \u00edgy gond n\u00e9lk\u00fcl \u00e9lvezheti a j\u00e1t\u00e9kot.<\/span><\/li>\n<li style=\"font-weight: 400;\" aria-level=\"1\"><span style=\"font-weight: 400;\">\ud83d\udcc8 Halad\u00e1s \u00e9s nyerem\u00e9nyek: k\u00f6vesse nyomon a fejl\u0151d\u00e9st, \u00e9s ellen\u0151rizze nyerem\u00e9ny\u00e9t val\u00f3s id\u0151ben, hogy mindig a j\u00e1t\u00e9k \u00e9l\u00e9n legyen.<\/span><\/li>\n<li style=\"font-weight: 400;\" aria-level=\"1\"><span style=\"font-weight: 400;\">\ud83d\udd25 Exkluz\u00edv aj\u00e1nlatok: Szerezzen hozz\u00e1f\u00e9r\u00e9st kiz\u00e1r\u00f3lag az alkalmaz\u00e1sokon kereszt\u00fcl el\u00e9rhet\u0151 exkluz\u00edv prom\u00f3ci\u00f3khoz \u00e9s prom\u00f3ci\u00f3s k\u00f3dokhoz, hogy m\u00e9g t\u00f6bb es\u00e9lyt adjon mag\u00e1nak a nyer\u00e9sre.<\/span><\/li>\n<\/ul>\n<p><span style=\"font-weight: 400;\">Ne hagyja ki a lehet\u0151s\u00e9get, hogy felejthetetlen j\u00e1t\u00e9k\u00e9lm\u00e9nyben \u00e9s hatalmas nyerem\u00e9nyben r\u00e9szes\u00fclj\u00f6n k\u00f6zvetlen\u00fcl mobileszk\u00f6z\u00e9n! T\u00f6ltse le a PariPes\u00e1 t <\/span><b>online fogad\u00e1si sport alkalmaz\u00e1s<\/b> <span style=\"font-weight: 400;\">m\u00e9g ma, \u00e9s csatlakozzon izgalmas j\u00e1t\u00e9k k\u00f6z\u00f6ss\u00e9g\u00fcnkh\u00f6z!<\/span><\/p>\n<\/div><\/div><div class=\"w-separator size_custom\" style=\"height:30px\"><\/div><div class=\"w-btn-wrapper align_center\"><a class=\"w-btn us-btn-style_1\" href=\"https:\/\/combodef.com\/L?tag=d_4824699m_147506c_&amp;site=4824699&amp;ad=147506\"><span class=\"w-btn-label\">CSATLAKOZZ MOST<\/span><\/a><\/div><div class=\"w-separator size_custom\" style=\"height:30px\"><\/div><h2 class=\"w-text us_custom_d01ea1f6 has_text_color\"><span url class=\"w-text-h\"><span class=\"w-text-value\">LEGGYAKORIBB K\u00c9RD\u00c9SEK<\/span><\/span><\/h2><div class=\"w-separator size_custom\" style=\"height:30px\"><\/div><div class=\"w-tabs us_custom_3fbb5980 has_text_color style_default switch_click accordion has_scrolling\" style=\"--sections-title-size:22px\"><div class=\"w-tabs-sections titles-align_none icon_chevron cpos_right\"><div class=\"w-tabs-section\" id=\"ofb4\"><button class=\"w-tabs-section-header\" aria-controls=\"content-ofb4\" aria-expanded=\"false\"><div class=\"w-tabs-section-title\">LEHET-E VAL\u00d3S P\u00c9NZES T\u00c9TELEKET K\u00d6TETENI A MOBIL HASZN\u00c1LAT\u00c1VAL?<\/div><div class=\"w-tabs-section-control\"><\/div><\/button><div  class=\"w-tabs-section-content\" id=\"content-ofb4\"><div class=\"w-tabs-section-content-h i-cf\"><div class=\"wpb_text_column us_custom_dcb976c1 has_text_color\"><div class=\"wpb_wrapper\"><p>Igen, minden befizet\u00e9si m\u00f3dot haszn\u00e1lhat, \u00e9s val\u00f3di p\u00e9nzben fogadhat.<\/p>\n<\/div><\/div><\/div><\/div><\/div><div class=\"w-tabs-section\" id=\"a136\"><button class=\"w-tabs-section-header\" aria-controls=\"content-a136\" aria-expanded=\"false\"><div class=\"w-tabs-section-title\">KAPHATOK \u00dcDV\u00d6ZL\u0150 B\u00d3NUSZT A PariPesa ALKALMAZ\u00c1SBAN?<\/div><div class=\"w-tabs-section-control\"><\/div><\/button><div  class=\"w-tabs-section-content\" id=\"content-a136\"><div class=\"w-tabs-section-content-h i-cf\"><div class=\"wpb_text_column us_custom_dcb976c1 has_text_color\"><div class=\"wpb_wrapper\"><p>Igen, mindenki, aki mobileszk\u00f6z\u00e9vel regisztr\u00e1l, \u00fcdv\u00f6zl\u0151 b\u00f3nuszt kaphat befizet\u00e9s ut\u00e1n.<\/p>\n<\/div><\/div><\/div><\/div><\/div><div class=\"w-tabs-section\" id=\"b2ab\"><button class=\"w-tabs-section-header\" aria-controls=\"content-b2ab\" aria-expanded=\"false\"><div class=\"w-tabs-section-title\">VISSZAVONHATOK NYEREM\u00c9NYEMET A BOOKMAKER MOBILALKALMAZ\u00c1SSAL?<\/div><div class=\"w-tabs-section-control\"><\/div><\/button><div  class=\"w-tabs-section-content\" id=\"content-b2ab\"><div class=\"w-tabs-section-content-h i-cf\"><div class=\"wpb_text_column us_custom_dcb976c1 has_text_color\"><div class=\"wpb_wrapper\"><p>Igen, sz\u00e1mos kifizet\u00e9si m\u00f3d k\u00f6z\u00fcl v\u00e1laszthat a nyerem\u00e9ny megszerz\u00e9s\u00e9hez.<\/p>\n<\/div><\/div><\/div><\/div><\/div><div class=\"w-tabs-section\" id=\"s483\"><button class=\"w-tabs-section-header\" aria-controls=\"content-s483\" aria-expanded=\"false\"><div class=\"w-tabs-section-title\">LET\u00d6LTHETEK EGY ALKALMAZ\u00c1ST OKOSTELEFONOMRA?<\/div><div class=\"w-tabs-section-control\"><\/div><\/button><div  class=\"w-tabs-section-content\" id=\"content-s483\"><div class=\"w-tabs-section-content-h i-cf\"><div class=\"wpb_text_column us_custom_dcb976c1 has_text_color\"><div class=\"wpb_wrapper\"><p>Igen, let\u00f6ltheti az Apple Store, a Google Play vagy a PariPesa webhelyr\u0151l.<\/p>\n<\/div><\/div><\/div><\/div><\/div><\/div><\/div><div class=\"w-separator size_custom\" style=\"height:30px\"><\/div><\/div><\/div><\/div><\/div><\/section>\n","protected":false},"excerpt":{"rendered":"Kezd\u0151lapOldalak\ud83d\udcf1 \u00dcdv\u00f6z\u00f6lj\u00fck az \u00faj PariPes\u00e1 banmobil sportfogad\u00e1si alkalmaz\u00e1s! \ud83c\udf89 Felhaszn\u00e1l\u00f3bar\u00e1t \u00e9s innovat\u00edv alkalmaz\u00e1sunknak k\u00f6sz\u00f6nhet\u0151en most m\u00e1r k\u00f6zvetlen\u00fcl okostelefonodon vagy t\u00e1blag\u00e9p\u00e9n \u00e9lvezheti kedvenc Paripesa kaszin\u00f3 j\u00e1t\u00e9kait, b\u00e1rhol is van! \u00cdme n\u00e9h\u00e1ny el\u0151ny a PariPesa alkalmaz\u00e1s haszn\u00e1lat\u00e1b\u00f3l: \ud83c\udfb0 V\u00e1ltozatos j\u00e1t\u00e9kok: A szerencsej\u00e1t\u00e9k fogad\u00e1si alkalmaz\u00e1s t\u00f6bb sz\u00e1z izgalmas j\u00e1t\u00e9k k\u00f6z\u00fcl v\u00e1laszthat, bele\u00e9rtve a nyer\u0151g\u00e9peket, a rulett, a black...","protected":false},"author":1,"featured_media":2764,"parent":0,"menu_order":0,"comment_status":"closed","ping_status":"closed","template":"","meta":{"footnotes":""},"class_list":["post-1789","page","type-page","status-publish","has-post-thumbnail","hentry"],"_links":{"self":[{"href":"https:\/\/paripesa.partners\/hu\/wp-json\/wp\/v2\/pages\/1789","targetHints":{"allow":["GET"]}}],"collection":[{"href":"https:\/\/paripesa.partners\/hu\/wp-json\/wp\/v2\/pages"}],"about":[{"href":"https:\/\/paripesa.partners\/hu\/wp-json\/wp\/v2\/types\/page"}],"author":[{"embeddable":true,"href":"https:\/\/paripesa.partners\/hu\/wp-json\/wp\/v2\/users\/1"}],"replies":[{"embeddable":true,"href":"https:\/\/paripesa.partners\/hu\/wp-json\/wp\/v2\/comments?post=1789"}],"version-history":[{"count":2,"href":"https:\/\/paripesa.partners\/hu\/wp-json\/wp\/v2\/pages\/1789\/revisions"}],"predecessor-version":[{"id":3519,"href":"https:\/\/paripesa.partners\/hu\/wp-json\/wp\/v2\/pages\/1789\/revisions\/3519"}],"wp:featuredmedia":[{"embeddable":true,"href":"https:\/\/paripesa.partners\/hu\/wp-json\/wp\/v2\/media\/2764"}],"wp:attachment":[{"href":"https:\/\/paripesa.partners\/hu\/wp-json\/wp\/v2\/media?parent=1789"}],"curies":[{"name":"wp","href":"https:\/\/api.w.org\/{rel}","templated":true}]}}