{"id":1788,"date":"2023-08-30T09:17:46","date_gmt":"2023-08-30T06:17:46","guid":{"rendered":"https:\/\/paripesa.partners\/home\/"},"modified":"2025-06-11T14:03:04","modified_gmt":"2025-06-11T11:03:04","slug":"home","status":"publish","type":"page","link":"https:\/\/paripesa.partners\/hu\/","title":{"rendered":"PariPesa PARTNERS \u2013 A LEGJOBB KASZIN\u00d3 PARTNERPROGRAM"},"content":{"rendered":"<section class=\"l-section wpb_row height_auto width_custom\" style=\"--site-content-width:1100px;\"><div class=\"l-section-h i-cf\"><div class=\"g-cols vc_row via_grid cols_1 laptops-cols_inherit tablets-cols_inherit mobiles-cols_1 valign_top type_default stacking_default\"><div class=\"wpb_column vc_column_container\"><div class=\"vc_column-inner\"><div class=\"w-separator size_custom\" style=\"height:30px\"><\/div><div class=\"wpb_text_column\"><div class=\"wpb_wrapper\"><h1><b>Hogyan lehet a PariPesa Partnerprogram tagja?<\/b><\/h1>\n<p><span style=\"font-weight: 400;\">Kezd\u0151 l\u00e9p\u00e9sek a <\/span><span style=\"font-weight: 400;\">PariPesa t\u00e1rsult program<\/span><span style=\"font-weight: 400;\"> hihetetlen\u00fcl egyszer\u0171 minden sportfogad\u00f3 sz\u00e1m\u00e1ra. Az utaz\u00e1s megkezd\u00e9s\u00e9hez a <\/span><span style=\"font-weight: 400;\">online fogad\u00f3iroda PariPesa<\/span><span style=\"font-weight: 400;\"> weboldalon, el\u0151sz\u00f6r egy gyors regisztr\u00e1ci\u00f3s folyamaton kell keresztul menni. \u00cdgy v\u00e1lhat le\u00e1nyv\u00e1llalatt\u00e1:<\/span><\/p>\n<ol>\n<li><span style=\"font-weight: 400;\"> Regisztr\u00e1ljon a PariPesa weboldal\u00e1n. T\u00f6ltse ki az \u0171rlapot, \u00e9s adja meg a sz\u00fcks\u00e9ges inform\u00e1ci\u00f3kat, p\u00e9ld\u00e1ul felhaszn\u00e1l\u00f3nev\u00e9t, jelszav\u00e1t, nyelv\u00e9t, szem\u00e9lyes adatait, fizet\u00e9si m\u00f3dj\u00e1t stb. A folytat\u00e1shoz fejezze be a regisztr\u00e1ci\u00f3t.<\/span><\/li>\n<li><span style=\"font-weight: 400;\"> V\u00e1lassza ki a kereseti modellt <\/span><span style=\"font-weight: 400;\">PariPesa le\u00e1nyv\u00e1llalata<\/span><span style=\"font-weight: 400;\"> program. \u00c9rt\u00e9kelje a rendelkez\u00e9sre \u00e1ll\u00f3 h\u00e1rom kereseti modellt, \u00e9s v\u00e1lassza ki az \u00d6nnek legmegfelel\u0151bbet.<\/span><\/li>\n<li><span style=\"font-weight: 400;\"> Fogadja el a <\/span><span style=\"font-weight: 400;\">PariPesa partnerek <\/span><span style=\"font-weight: 400;\">program. Miel\u0151tt elfogadn\u00e1 a webhely felt\u00e9teleit, felt\u00e9tlen\u00fcl olvassa el figyelmesen az \u00f6sszes szab\u00e1lyt.<\/span><\/li>\n<\/ol>\n<p><span style=\"font-weight: 400;\">Ha k\u00f6veti ezt a h\u00e1rom egyszer\u0171 l\u00e9p\u00e9st, azonnal elkezdhet\u0151 p\u00e9nzt keresni a t\u00e1rsult programmal.<\/span><\/p>\n<h2><b>Hogyan szerezz\u00fcnk be egy \u00fcgyfelet a fogad\u00e1si affiliate programok?<\/b><\/h2>\n<p><span style=\"font-weight: 400;\">A saj\u00e1t <\/span><span style=\"font-weight: 400;\">PariPesa le\u00e1nyv\u00e1llalata<\/span><span style=\"font-weight: 400;\"> utaz\u00e1s sor\u00e1n \u00faj felhaszn\u00e1l\u00f3kat kell tal\u00e1lnia, hogy csatlakozzanak a webhelyhez, \u00e9s elkezdjenek fogadni. Ezt \u00fagy teheti meg, hogy az aj\u00e1nl\u00f3 linken kereszt\u00fcl \u00faj \u00fcgyfeleket vonz, \u00e9s prom\u00f3ci\u00f3s k\u00f3dokat aj\u00e1nl fel nekik. Ha ismeri a c\u00e9lk\u00f6z\u00f6ns\u00e9g\u00e9t, akkor tudni fogja, hogy a sportfogad\u00f3k \u00e9s a kaszin\u00f3 szerencsej\u00e1t\u00e9kosok szeretik a prom\u00f3ci\u00f3s aj\u00e1nlatokat. \u00cdgy vonzhat \u00faj felhaszn\u00e1l\u00f3kat egy prom\u00f3ci\u00f3s k\u00f3ddal:<\/span><\/p>\n<ul>\n<li><span style=\"font-weight: 400;\"> Hozzon l\u00e9tre egy prom\u00f3ci\u00f3s k\u00f3dot k\u00f6zvetlen\u00fcl a fi\u00f3kj\u00e1ban.<\/span><\/li>\n<li><span style=\"font-weight: 400;\"> K\u00edn\u00e1ljon fel egy kuponk\u00f3dot az \u00faj felhaszn\u00e1l\u00f3knak, \u00e9s az \u00d6nh\u00f6z csatolja a j\u00e1t\u00e9kost, amellyel aj\u00e1nl\u00f3 p\u00e9nzt kereshet.<\/span><\/li>\n<li><span style=\"font-weight: 400;\"> Haszn\u00e1ljon prom\u00f3ci\u00f3s k\u00f3dokat, hogy min\u00e9l t\u00f6bb b\u00f3nusz aj\u00e1nlatot gy\u0171jts\u00f6n \u00f6ssze, hogy az aj\u00e1nlat m\u00e9g cs\u00e1b\u00edt\u00f3bb legyen az \u00faj fogad\u00f3k sz\u00e1m\u00e1ra.<\/span><\/li>\n<\/ul>\n<p><span style=\"font-weight: 400;\">PariPesa az egyik <\/span><span style=\"font-weight: 400;\">legjobb sportfogad\u00e1si t\u00e1rsult programok<\/span><span style=\"font-weight: 400;\"> a l\u00e1togat\u00f3knak k\u00edn\u00e1lt j\u00f6vedelmez\u0151 b\u00f3nuszoknak k\u00f6sz\u00f6nhet\u0151en.<\/span><\/p>\n<h2><b>Hivatkoz\u00f3 linkek<\/b><\/h2>\n<p><span style=\"font-weight: 400;\">A hivatkoz\u00e1si hivatkoz\u00e1sokkal val\u00f3 munka egyszer\u0171. Egyedi hivatkoz\u00e1sokat hozhat l\u00e9tre a sportfogad\u00e1shoz \u00e9s a <\/span><span style=\"font-weight: 400;\">kaszin\u00f3 online affiliate program<\/span><span style=\"font-weight: 400;\"> fi\u00f3kj\u00e1ban, \u00e9s terjesztheti azokat online. A linkeket az \u00d6n fi\u00f3kj\u00e1ban is nyomon k\u00f6vetj\u00fck, hogy megtekinthesse az \u00f6sszes interakci\u00f3t \u00e9s a rajtuk kereszt\u00fcl csatlakoz\u00f3 \u00faj felhaszn\u00e1l\u00f3kat.<\/span><\/p>\n<h2><b>Honnan tudja, hogy mi az \u00fcgyf\u00e9l \u00fcdv\u00f6zl\u00e9se?<\/b><\/h2>\n<p><span style=\"font-weight: 400;\">K\u00fcl\u00f6nf\u00e9le fajt\u00e1i vannak <\/span><span style=\"font-weight: 400;\">sportfogad\u00e1si t\u00e1rsult programok<\/span><span style=\"font-weight: 400;\">, \u00e9s a bev\u00e9teleihez v\u00e1lasztott t\u00edpus alapj\u00e1n megkapja a konkr\u00e9t jutalmakat. Ha CPA-programot v\u00e1laszt (akviz\u00edci\u00f3nk\u00e9nti k\u00f6lts\u00e9g), akkor minden alkalommal fizet\u00e9st kap, amikor egy \u00faj el\u0151fizet\u0151 az \u00d6n linkj\u00e9t haszn\u00e1lja fi\u00f3k l\u00e9trehoz\u00e1s\u00e1hoz. Ugyanez vonatkozik m\u00e1s t\u00e1rsul\u00e1si tervekre is.<\/span><\/p>\n<h2><b>Hogyan vonhatja ki bev\u00e9teleit a PariPesa partner\u00e9t\u0151l?<\/b><\/h2>\n<p><span style=\"font-weight: 400;\">PariPesa az egyik<\/span><span style=\"font-weight: 400;\">l egjobban fizet\u0151 kaszin\u00f3 t\u00e1rsult programok,<\/span><span style=\"font-weight: 400;\"> \u00e9s fontos, hogy k\u00f6nnyen kiveheted a bev\u00e9teleidet. A minim\u00e1lis kifizet\u00e9si \u00f6sszeg 30 doll\u00e1r, \u00e9s el\u0151sz\u00f6r ezt az \u00f6sszeget kell felhalmozni, miel\u0151tt megkaphatja a kifizet\u00e9st. Rengeteg fizet\u00e9si m\u00f3d \u00e1ll rendelkez\u00e9sre, amelyek mindenkinek megfelelnek \u2013 az elektronikus p\u00e9nzt\u00e1rc\u00e1t\u00f3l a kriptovaluta megold\u00e1sokig. P\u00e9nzt kaphat t\u0151le <\/span><span style=\"font-weight: 400;\">fogad\u00e1si affiliate programok<\/span><span style=\"font-weight: 400;\"> Neteller, Ecopayz, banki \u00e1tutal\u00e1sok \u00e9s egy\u00e9b m\u00f3dszerek seg\u00edts\u00e9g\u00e9vel.<\/span><\/p>\n<h2><b>A d\u00edjaz\u00e1s form\u00e1ja \u00e9s \u00f6sszege a kaszin\u00f3 t\u00e1rsult programj\u00e1ban<\/b><\/h2>\n<p style=\"text-align: left;\"><span style=\"font-weight: 400;\">A <\/span><span style=\"font-weight: 400;\">PariPesa partnerek<\/span><span style=\"font-weight: 400;\"> A program sportfogad\u00f3k \u00e9s kaszin\u00f3j\u00e1t\u00e9kosok sz\u00e1m\u00e1ra egyar\u00e1nt m\u0171k\u00f6dik. Ez az egyik viszonylag \u00faj<\/span><span style=\"font-weight: 400;\"> kaszin\u00f3 t\u00e1rsult programok<\/span><span style=\"font-weight: 400;\"> 2019-ben alap\u00edtott\u00e1k. Az affiliate program r\u00e9sztvev\u0151i val\u00f3di p\u00e9nzt kapnak a fogad\u00e1si webhely n\u00e9pszer\u0171s\u00edt\u00e9s\u00e9\u00e9rt \u00e9s \u00faj felhaszn\u00e1l\u00f3k bevonz\u00e1s\u00e1\u00e9rt.<\/span><\/p>\n<\/div><\/div><div class=\"w-separator size_custom\" style=\"height:50px\"><\/div><div class=\"w-hwrapper valign_top stack_on_mobiles align_center\" style=\"--hwrapper-gap:20px\"><div class=\"w-btn-wrapper align_center\"><a class=\"w-btn us-btn-style_3 us_custom_d5c74bc1\" href=\"https:\/\/combodef.com\/L?tag=d_4824699m_147506c_&amp;site=4824699&amp;ad=147506\"><span class=\"w-btn-label\">REGISZTR\u00c1LJ<\/span><\/a><\/div><div class=\"w-btn-wrapper align_center\"><a class=\"w-btn us-btn-style_1 us_custom_d5c74bc1\" href=\"https:\/\/combodef.com\/L?tag=d_4824699m_147506c_&amp;site=4824699&amp;ad=147506\"><span class=\"w-btn-label\">REGISZTR\u00c1LJ<\/span><\/a><\/div><\/div><div class=\"w-separator size_custom\" style=\"height:50px\"><\/div><div class=\"g-cols wpb_row us_custom_b6b7bf55 via_grid cols_3 laptops-cols_inherit tablets-cols_inherit mobiles-cols_1 valign_middle type_default stacking_default\"><div class=\"wpb_column vc_column_container\"><div class=\"vc_column-inner\"><div class=\"w-image align_center\"><div url class=\"w-image-h\"><img loading=\"lazy\" decoding=\"async\" width=\"53\" height=\"49\" src=\"https:\/\/paripesa.partners\/wp-content\/uploads\/2023\/09\/steps-icon-1-2.png\" class=\"attachment-full size-full\" alt=\"PariPesa PARTNERS \u2013 A LEGJOBB KASZIN\u00d3 PARTNERPROGRAM\" title=\"PariPesa PARTNERS \u2013 A LEGJOBB KASZIN\u00d3 PARTNERPROGRAM\" \/><\/div><\/div><div class=\"w-separator size_custom\" style=\"height:20px\"><\/div><div class=\"w-text us_custom_9371a4c5 has_text_color\"><span url class=\"w-text-h\"><span class=\"w-text-value\">PariPesa t\u00e1rsult program<\/span><\/span><\/div><\/div><\/div><div class=\"wpb_column vc_column_container\"><div class=\"vc_column-inner\"><div class=\"w-image align_center\"><div url class=\"w-image-h\"><img loading=\"lazy\" decoding=\"async\" width=\"49\" height=\"49\" src=\"https:\/\/paripesa.partners\/wp-content\/uploads\/2023\/09\/steps-icon-2-2.png\" class=\"attachment-full size-full\" alt=\"PariPesa PARTNERS \u2013 A LEGJOBB KASZIN\u00d3 PARTNERPROGRAM\" title=\"PariPesa PARTNERS \u2013 A LEGJOBB KASZIN\u00d3 PARTNERPROGRAM\" \/><\/div><\/div><div class=\"w-separator size_custom\" style=\"height:20px\"><\/div><div class=\"w-text us_custom_9371a4c5 has_text_color\"><span url class=\"w-text-h\"><span class=\"w-text-value\">PariPesa t\u00e1rsult program<\/span><\/span><\/div><\/div><\/div><div class=\"wpb_column vc_column_container\"><div class=\"vc_column-inner\"><div class=\"w-image align_center\"><div url class=\"w-image-h\"><img loading=\"lazy\" decoding=\"async\" width=\"92\" height=\"49\" src=\"https:\/\/paripesa.partners\/wp-content\/uploads\/2023\/09\/steps-icon-3-1.png\" class=\"attachment-full size-full\" alt=\"PariPesa PARTNERS \u2013 A LEGJOBB KASZIN\u00d3 PARTNERPROGRAM\" title=\"PariPesa PARTNERS \u2013 A LEGJOBB KASZIN\u00d3 PARTNERPROGRAM\" \/><\/div><\/div><div class=\"w-separator size_custom\" style=\"height:20px\"><\/div><div class=\"w-text us_custom_9371a4c5 has_text_color\"><span url class=\"w-text-h\"><span class=\"w-text-value\">PariPesa t\u00e1rsult program<\/span><\/span><\/div><\/div><\/div><\/div><div class=\"w-separator size_custom\" style=\"height:50px\"><\/div><\/div><\/div><\/div><\/div><\/section><section class=\"l-section wpb_row us_custom_45afd6fa height_auto\"><div class=\"l-section-overlay\" style=\"background:rgba(0,7,86,0.50)\"><\/div><div class=\"l-section-h i-cf\"><div class=\"g-cols vc_row via_grid cols_1 laptops-cols_inherit tablets-cols_inherit mobiles-cols_1 valign_top type_default stacking_default\"><div class=\"wpb_column vc_column_container\"><div class=\"vc_column-inner\"><div class=\"w-separator size_custom\" style=\"height:50px\"><\/div><div class=\"g-cols wpb_row via_grid cols_1 laptops-cols_inherit tablets-cols_inherit mobiles-cols_1 valign_top type_default stacking_default\"><div class=\"wpb_column vc_column_container\"><div class=\"vc_column-inner\"><div class=\"wpb_text_column us_custom_81aa4fc5 has_text_color\"><div class=\"wpb_wrapper\"><p style=\"text-align: center;\"><span style=\"font-weight: 400;\">PariPesa partnerek<\/span><\/p>\n<\/div><\/div><div class=\"w-separator size_custom\" style=\"height:30px\"><\/div><div class=\"w-btn-wrapper align_center\"><a class=\"w-btn us-btn-style_1 us_custom_d5c74bc1\" href=\"https:\/\/combodef.com\/L?tag=d_4824699m_147506c_&amp;site=4824699&amp;ad=147506\"><span class=\"w-btn-label\">CSATLAKOZZ MOST<\/span><\/a><\/div><\/div><\/div><\/div><div class=\"w-separator size_custom\" style=\"height:50px\"><\/div><\/div><\/div><\/div><\/div><\/section><section class=\"l-section wpb_row us_custom_ed6495de height_auto width_custom\" style=\"--site-content-width:1100px;\"><div class=\"l-section-h i-cf\"><div class=\"g-cols vc_row via_grid cols_1 laptops-cols_inherit tablets-cols_inherit mobiles-cols_1 valign_top type_default stacking_default\"><div class=\"wpb_column vc_column_container\"><div class=\"vc_column-inner\"><div class=\"w-separator size_custom\" style=\"height:50px\"><\/div><div class=\"wpb_text_column us_custom_6df4bc3a has_text_color\"><div class=\"wpb_wrapper\"><\/div><\/div><div class=\"w-separator size_custom\" style=\"height:30px\"><\/div><h2 class=\"w-text us_custom_ae916b83 has_text_color\"><span url class=\"w-text-h\"><span class=\"w-text-value\">GYAKRAN ISM\u00c9TELT K\u00c9RD\u00c9S<\/span><\/span><\/h2><div class=\"w-separator size_custom\" style=\"height:30px\"><\/div><div class=\"w-tabs us_custom_3fbb5980 has_text_color style_default switch_click accordion has_scrolling\" style=\"--sections-title-size:22px\"><div class=\"w-tabs-sections titles-align_none icon_chevron cpos_right\"><div class=\"w-tabs-section\" id=\"h77e\"><button class=\"w-tabs-section-header\" aria-controls=\"content-h77e\" aria-expanded=\"false\"><div class=\"w-tabs-section-title\">Mi az a t\u00e1rsult program?<\/div><div class=\"w-tabs-section-control\"><\/div><\/button><div  class=\"w-tabs-section-content\" id=\"content-h77e\"><div class=\"w-tabs-section-content-h i-cf\"><div class=\"wpb_text_column us_custom_dcb976c1 has_text_color\"><div class=\"wpb_wrapper\"><p><span style=\"font-weight: 400;\">A <\/span><span style=\"font-weight: 400;\">fogad\u00e1si oldal le\u00e1nyv\u00e1llalata<\/span><span style=\"font-weight: 400;\"> A program lehet\u0151v\u00e9 teszi a felhaszn\u00e1l\u00f3k sz\u00e1m\u00e1ra, hogy p\u00e9nzt keressenek term\u00e9keik vagy szolg\u00e1ltat\u00e1saik m\u00e1sok sz\u00e1m\u00e1ra t\u00f6rt\u00e9n\u0151 marketingj\u00e9vel. P\u00e9ld\u00e1ul a PariPesa program jutal\u00e9kot biztos\u00edt a partnerek sz\u00e1m\u00e1ra, ha \u00faj felhaszn\u00e1l\u00f3kat ir\u00e1ny\u00edtanak az oldalra.<\/span><\/p>\n<\/div><\/div><\/div><\/div><\/div><div class=\"w-tabs-section\" id=\"b8a4\"><button class=\"w-tabs-section-header\" aria-controls=\"content-b8a4\" aria-expanded=\"false\"><div class=\"w-tabs-section-title\">Hogyan v\u00e1lasszuk ki a legjobb sportfogad\u00e1si t\u00e1rsult programokat?<\/div><div class=\"w-tabs-section-control\"><\/div><\/button><div  class=\"w-tabs-section-content\" id=\"content-b8a4\"><div class=\"w-tabs-section-content-h i-cf\"><div class=\"wpb_text_column us_custom_dcb976c1 has_text_color\"><div class=\"wpb_wrapper\"><p><span style=\"font-weight: 400;\">Kiv\u00e1laszt\u00e1s <\/span><span style=\"font-weight: 400;\">fogad\u00e1si affiliate programok<\/span><span style=\"font-weight: 400;\"> hasonl\u00f3 a fogad\u00e1si oldalak kiv\u00e1laszt\u00e1s\u00e1hoz. Fontos, hogy el\u0151sz\u00f6r \u00e9rt\u00e9kelje a fogad\u00e1si szolg\u00e1ltat\u00f3t. Kezdje azzal, hogy megismerje a szolg\u00e1ltat\u00e1sok min\u0151s\u00e9g\u00e9t \u00e9s a m\u00e1rka h\u00edrnev\u00e9t. Pr\u00f3b\u00e1lja mag\u00e1t a programot \u00e9rt\u00e9kelni, miut\u00e1n megb\u00edzhat\u00f3 szolg\u00e1ltat\u00f3t tal\u00e1lt. Tekintse meg a jutal\u00e9kok \u00f6sszeg\u00e9t, \u00e9s ellen\u0151rizze, hogy vannak-e k\u00e9nyelmes kifizet\u00e9si m\u00f3dok.<\/span><\/p>\n<\/div><\/div><\/div><\/div><\/div><div class=\"w-tabs-section\" id=\"k9af\"><button class=\"w-tabs-section-header\" aria-controls=\"content-k9af\" aria-expanded=\"false\"><div class=\"w-tabs-section-title\">Melyek a t\u00e1rsult programok t\u00edpusai?<\/div><div class=\"w-tabs-section-control\"><\/div><\/button><div  class=\"w-tabs-section-content\" id=\"content-k9af\"><div class=\"w-tabs-section-content-h i-cf\"><div class=\"wpb_text_column us_custom_dcb976c1 has_text_color\"><div class=\"wpb_wrapper\"><p><span style=\"font-weight: 400;\">K\u00fcl\u00f6nb\u00f6z\u0151 t\u00edpus\u00fa fogad\u00e1si affiliate programok l\u00e9teznek az alapj\u00e1n <\/span><span style=\"font-weight: 400;\">fogad\u00e1si le\u00e1nyv\u00e1llalatok bev\u00e9telei<\/span><span style=\"font-weight: 400;\"> megold\u00e1sokat. Az egyik t\u00edpus p\u00e9nzt k\u00edn\u00e1l minden \u00faj j\u00e1t\u00e9kos ut\u00e1n, aki a weboldalra hivatkozik. A m\u00e1sodik t\u00edpus a hivatkozott felhaszn\u00e1l\u00f3k bev\u00e9tele alapj\u00e1n biztos\u00edt jutal\u00e9kot. A harmadik t\u00edpus pedig k\u00e9t ilyen t\u00e1rsult programt\u00edpus kombin\u00e1ci\u00f3ja.<\/span><\/p>\n<\/div><\/div><\/div><\/div><\/div><div class=\"w-tabs-section\" id=\"racd\"><button class=\"w-tabs-section-header\" aria-controls=\"content-racd\" aria-expanded=\"false\"><div class=\"w-tabs-section-title\">Milyen t\u00edpus\u00fa fogad\u00e1si oldalak vannak a kapcsolt v\u00e1llalkoz\u00e1sban?<\/div><div class=\"w-tabs-section-control\"><\/div><\/button><div  class=\"w-tabs-section-content\" id=\"content-racd\"><div class=\"w-tabs-section-content-h i-cf\"><div class=\"wpb_text_column us_custom_dcb976c1 has_text_color\"><div class=\"wpb_wrapper\"><p><span style=\"font-weight: 400;\">Ahogy vannak k\u00fcl\u00f6nb\u00f6z\u0151ek <\/span><span style=\"font-weight: 400;\">fogad\u00e1si affiliate programok<\/span><span style=\"font-weight: 400;\">, a felhaszn\u00e1l\u00f3k k\u00fcl\u00f6nf\u00e9le fogad\u00e1si webhelyeket is felfedezhetnek. A fogad\u00e1si oldalak k\u00fcl\u00f6nb\u00f6z\u0151 jellemz\u0151k alapj\u00e1n k\u00fcl\u00f6nb\u00f6z\u0151 kateg\u00f3ri\u00e1kra oszthat\u00f3k. L\u00e9teznek p\u00e9ld\u00e1ul sportfogad\u00e1si webhelyek bizonyos sport\u00e1gakra, p\u00e9ld\u00e1ul focira, futballra, kos\u00e1rlabd\u00e1ra, teniszre stb. Alternat\u00edv megold\u00e1sk\u00e9nt a sportfogad\u00e1si platformok k\u00fcl\u00f6nf\u00e9le szolg\u00e1ltat\u00e1sokat k\u00edn\u00e1lhatnak, p\u00e9ld\u00e1ul n\u00e9h\u00e1nyat <\/span><span style=\"font-weight: 400;\">legjobb kaszin\u00f3 t\u00e1rsult programok<\/span><span style=\"font-weight: 400;\">, fogad\u00e1s digit\u00e1lis sportokra, vagy ak\u00e1r nem sportesem\u00e9nyekre.<\/span><\/p>\n<\/div><\/div><\/div><\/div><\/div><\/div><\/div><div class=\"w-separator size_custom\" style=\"height:30px\"><\/div><\/div><\/div><\/div><\/div><\/section>\n","protected":false},"excerpt":{"rendered":"Hogyan lehet a PariPesa Partnerprogram tagja? Kezd\u0151 l\u00e9p\u00e9sek a PariPesa t\u00e1rsult program hihetetlen\u00fcl egyszer\u0171 minden sportfogad\u00f3 sz\u00e1m\u00e1ra. Az utaz\u00e1s megkezd\u00e9s\u00e9hez a online fogad\u00f3iroda PariPesa weboldalon, el\u0151sz\u00f6r egy gyors regisztr\u00e1ci\u00f3s folyamaton kell keresztul menni. \u00cdgy v\u00e1lhat le\u00e1nyv\u00e1llalatt\u00e1: Regisztr\u00e1ljon a PariPesa weboldal\u00e1n. T\u00f6ltse ki az \u0171rlapot, \u00e9s adja meg a sz\u00fcks\u00e9ges inform\u00e1ci\u00f3kat, p\u00e9ld\u00e1ul felhaszn\u00e1l\u00f3nev\u00e9t, jelszav\u00e1t, nyelv\u00e9t, szem\u00e9lyes...","protected":false},"author":1,"featured_media":2826,"parent":0,"menu_order":0,"comment_status":"closed","ping_status":"closed","template":"","meta":{"footnotes":""},"class_list":["post-1788","page","type-page","status-publish","has-post-thumbnail","hentry"],"_links":{"self":[{"href":"https:\/\/paripesa.partners\/hu\/wp-json\/wp\/v2\/pages\/1788","targetHints":{"allow":["GET"]}}],"collection":[{"href":"https:\/\/paripesa.partners\/hu\/wp-json\/wp\/v2\/pages"}],"about":[{"href":"https:\/\/paripesa.partners\/hu\/wp-json\/wp\/v2\/types\/page"}],"author":[{"embeddable":true,"href":"https:\/\/paripesa.partners\/hu\/wp-json\/wp\/v2\/users\/1"}],"replies":[{"embeddable":true,"href":"https:\/\/paripesa.partners\/hu\/wp-json\/wp\/v2\/comments?post=1788"}],"version-history":[{"count":2,"href":"https:\/\/paripesa.partners\/hu\/wp-json\/wp\/v2\/pages\/1788\/revisions"}],"predecessor-version":[{"id":12656,"href":"https:\/\/paripesa.partners\/hu\/wp-json\/wp\/v2\/pages\/1788\/revisions\/12656"}],"wp:featuredmedia":[{"embeddable":true,"href":"https:\/\/paripesa.partners\/hu\/wp-json\/wp\/v2\/media\/2826"}],"wp:attachment":[{"href":"https:\/\/paripesa.partners\/hu\/wp-json\/wp\/v2\/media?parent=1788"}],"curies":[{"name":"wp","href":"https:\/\/api.w.org\/{rel}","templated":true}]}}