{"id":1665,"date":"2023-08-30T13:53:51","date_gmt":"2023-08-30T10:53:51","guid":{"rendered":"https:\/\/paripesa.partners\/app\/"},"modified":"2024-05-02T18:17:26","modified_gmt":"2024-05-02T15:17:26","slug":"app","status":"publish","type":"page","link":"https:\/\/paripesa.partners\/hr\/app\/","title":{"rendered":"PariPesa APP: PREUZMITE APLIKACIJU U HRVATSKOJ"},"content":{"rendered":"<section class=\"l-section wpb_row us_custom_ed6495de height_auto width_custom\" style=\"--site-content-width:1100px;\"><div class=\"l-section-h i-cf\"><div class=\"g-cols vc_row via_grid cols_1 laptops-cols_inherit tablets-cols_inherit mobiles-cols_1 valign_top type_default stacking_default\"><div class=\"wpb_column vc_column_container\"><div class=\"vc_column-inner\"><div class=\"w-separator size_custom\" style=\"height:30px\"><\/div><ol class=\"g-breadcrumbs separator_icon align_none\" role=\"navigation\" itemscope itemtype=\"http:\/\/schema.org\/BreadcrumbList\"><li class=\"g-breadcrumbs-item\" itemscope itemprop=\"itemListElement\" itemtype=\"http:\/\/schema.org\/ListItem\"><a itemprop=\"item\" href=\"https:\/\/paripesa.partners\/hr\/\"><span itemprop=\"name\">Po\u010detna<\/span><\/a><meta itemprop=\"position\" content=\"1\"\/><\/li><li class=\"g-breadcrumbs-separator\"><i class=\"far fa-angle-right\"><\/i><\/li><li class=\"g-breadcrumbs-item\">Stranice<\/li><\/ol><div class=\"w-separator size_custom\" style=\"height:30px\"><\/div><div class=\"wpb_text_column\"><div class=\"wpb_wrapper\"><h1><span style=\"font-weight: 400;\">\ud83d\udcf1 Dobrodo\u0161li u novu PariPesa mobilna aplikacija za sportsko kla\u0111enje! \ud83c\udf89<\/span><\/h1>\n<p><span style=\"font-weight: 400;\">Zahvaljuju\u0107i na\u0161oj inovativnoj aplikaciji koja je jednostavna za kori\u0161tenje, sada mo\u017eete u\u017eivati \u200b\u200bu svojim omiljenim Paripesa casino igrama izravno na svom pametnom telefonu ili tabletu, gdje god se nalazili!<\/span><\/p>\n<h2><span style=\"font-weight: 400;\">Evo nekih od prednosti kori\u0161tenja aplikacije PariPesa:<\/span><\/h2>\n<ul>\n<li style=\"font-weight: 400;\" aria-level=\"1\"><span style=\"font-weight: 400;\">\ud83c\udfb0 Razne igre: s <\/span><b>aplikacija za kla\u0111enje na kockanje<\/b><span style=\"font-weight: 400;\"> mo\u017eete birati izme\u0111u stotina uzbudljivih igara uklju\u010duju\u0107i automate, rulet, blackjack, poker i mnoge druge.<\/span><\/li>\n<li style=\"font-weight: 400;\" aria-level=\"1\"><span style=\"font-weight: 400;\">\ud83d\udcb0 Sigurnost i prakti\u010dnost: Na\u0161a aplikacija osigurava va\u0161u sigurnost i privatnost, omogu\u0107uju\u0107i vam da bezbri\u017eno u\u017eivate u igri.<\/span><\/li>\n<li style=\"font-weight: 400;\" aria-level=\"1\"><span style=\"font-weight: 400;\">\ud83d\udcc8 Napredak i dobici: pratite svoj napredak i provjerite svoje dobitke u stvarnom vremenu kako biste uvijek bili u toku.<\/span><\/li>\n<li style=\"font-weight: 400;\" aria-level=\"1\"><span style=\"font-weight: 400;\">\ud83d\udd25 Ekskluzivne ponude: Ostvarite pristup ekskluzivnim promocijama i promotivnim kodovima dostupnim samo putem na\u0161e aplikacije kako biste sebi dali jo\u0161 vi\u0161e prilika za pobjedu.<\/span><\/li>\n<\/ul>\n<p><span style=\"font-weight: 400;\">Ne propustite priliku za nezaboravno iskustvo igranja i velike dobitke izravno na svom mobilnom ure\u0111aju! Preuzmite PariPesa <\/span><b>sportska aplikacija za online kla\u0111enje<\/b> <span style=\"font-weight: 400;\">danas i pridru\u017eite se na\u0161oj uzbudljivoj zajednici igra\u010da!<\/span><\/p>\n<\/div><\/div><div class=\"w-separator size_custom\" style=\"height:30px\"><\/div><div class=\"w-btn-wrapper align_center\"><a class=\"w-btn us-btn-style_1\" href=\"https:\/\/combodef.com\/L?tag=d_4824699m_147506c_&amp;site=4824699&amp;ad=147506\"><span class=\"w-btn-label\">PRIDRU\u017dITE SE SADA<\/span><\/a><\/div><div class=\"w-separator size_custom\" style=\"height:30px\"><\/div><h2 class=\"w-text us_custom_d01ea1f6 has_text_color\"><span url class=\"w-text-h\"><span class=\"w-text-value\">NAJ\u010cE\u0160\u0106A PITANJA<\/span><\/span><\/h2><div class=\"w-separator size_custom\" style=\"height:30px\"><\/div><div class=\"w-tabs us_custom_3fbb5980 has_text_color style_default switch_click accordion has_scrolling\" style=\"--sections-title-size:22px\"><div class=\"w-tabs-sections titles-align_none icon_chevron cpos_right\"><div class=\"w-tabs-section\" id=\"t151\"><button class=\"w-tabs-section-header\" aria-controls=\"content-t151\" aria-expanded=\"false\"><div class=\"w-tabs-section-title\">MOGU LI SE KLADITI ZA PRAVI NOVAC POMO\u0106U MOBITELA?<\/div><div class=\"w-tabs-section-control\"><\/div><\/button><div  class=\"w-tabs-section-content\" id=\"content-t151\"><div class=\"w-tabs-section-content-h i-cf\"><div class=\"wpb_text_column us_custom_dcb976c1 has_text_color\"><div class=\"wpb_wrapper\"><p>Da, mo\u017eete koristiti sve metode uplate i kladiti se pravim novcem.<\/p>\n<\/div><\/div><\/div><\/div><\/div><div class=\"w-tabs-section\" id=\"i285\"><button class=\"w-tabs-section-header\" aria-controls=\"content-i285\" aria-expanded=\"false\"><div class=\"w-tabs-section-title\">MOGU LI DOBITI BONUS DOBRODO\u0160LICE U APLIKACIJI PariPesa?<\/div><div class=\"w-tabs-section-control\"><\/div><\/button><div  class=\"w-tabs-section-content\" id=\"content-i285\"><div class=\"w-tabs-section-content-h i-cf\"><div class=\"wpb_text_column us_custom_dcb976c1 has_text_color\"><div class=\"wpb_wrapper\"><p>Da, svatko tko se prijavi putem svog mobilnog ure\u0111aja mo\u017ee dobiti bonus dobrodo\u0161lice nakon uplate.<\/p>\n<\/div><\/div><\/div><\/div><\/div><div class=\"w-tabs-section\" id=\"k3b1\"><button class=\"w-tabs-section-header\" aria-controls=\"content-k3b1\" aria-expanded=\"false\"><div class=\"w-tabs-section-title\">MOGU LI POVU\u0106I SVOJE DOBITKE POMO\u0106U MOBILNE APLIKACIJE BOOKMAKER?<\/div><div class=\"w-tabs-section-control\"><\/div><\/button><div  class=\"w-tabs-section-content\" id=\"content-k3b1\"><div class=\"w-tabs-section-content-h i-cf\"><div class=\"wpb_text_column us_custom_dcb976c1 has_text_color\"><div class=\"wpb_wrapper\"><p>Da, mo\u017eete birati izme\u0111u mnogih metoda isplate kako biste dobili svoje dobitke.<\/p>\n<\/div><\/div><\/div><\/div><\/div><div class=\"w-tabs-section\" id=\"v4ce\"><button class=\"w-tabs-section-header\" aria-controls=\"content-v4ce\" aria-expanded=\"false\"><div class=\"w-tabs-section-title\">MOGU LI PREUZETI APLIKACIJU NA SVOJ PAMETNI TELEFON?<\/div><div class=\"w-tabs-section-control\"><\/div><\/button><div  class=\"w-tabs-section-content\" id=\"content-v4ce\"><div class=\"w-tabs-section-content-h i-cf\"><div class=\"wpb_text_column us_custom_dcb976c1 has_text_color\"><div class=\"wpb_wrapper\"><p>Da, mo\u017eete ga preuzeti s Apple Storea, Google Playa ili web stranice PariPesa.<\/p>\n<\/div><\/div><\/div><\/div><\/div><\/div><\/div><div class=\"w-separator size_custom\" style=\"height:30px\"><\/div><\/div><\/div><\/div><\/div><\/section>\n","protected":false},"excerpt":{"rendered":"Po\u010detnaStranice\ud83d\udcf1 Dobrodo\u0161li u novu PariPesa mobilna aplikacija za sportsko kla\u0111enje! \ud83c\udf89 Zahvaljuju\u0107i na\u0161oj inovativnoj aplikaciji koja je jednostavna za kori\u0161tenje, sada mo\u017eete u\u017eivati \u200b\u200bu svojim omiljenim Paripesa casino igrama izravno na svom pametnom telefonu ili tabletu, gdje god se nalazili! Evo nekih od prednosti kori\u0161tenja aplikacije PariPesa: \ud83c\udfb0 Razne igre: s aplikacija za kla\u0111enje na...","protected":false},"author":1,"featured_media":2756,"parent":0,"menu_order":0,"comment_status":"closed","ping_status":"closed","template":"","meta":{"footnotes":""},"class_list":["post-1665","page","type-page","status-publish","has-post-thumbnail","hentry"],"_links":{"self":[{"href":"https:\/\/paripesa.partners\/hr\/wp-json\/wp\/v2\/pages\/1665","targetHints":{"allow":["GET"]}}],"collection":[{"href":"https:\/\/paripesa.partners\/hr\/wp-json\/wp\/v2\/pages"}],"about":[{"href":"https:\/\/paripesa.partners\/hr\/wp-json\/wp\/v2\/types\/page"}],"author":[{"embeddable":true,"href":"https:\/\/paripesa.partners\/hr\/wp-json\/wp\/v2\/users\/1"}],"replies":[{"embeddable":true,"href":"https:\/\/paripesa.partners\/hr\/wp-json\/wp\/v2\/comments?post=1665"}],"version-history":[{"count":2,"href":"https:\/\/paripesa.partners\/hr\/wp-json\/wp\/v2\/pages\/1665\/revisions"}],"predecessor-version":[{"id":3503,"href":"https:\/\/paripesa.partners\/hr\/wp-json\/wp\/v2\/pages\/1665\/revisions\/3503"}],"wp:featuredmedia":[{"embeddable":true,"href":"https:\/\/paripesa.partners\/hr\/wp-json\/wp\/v2\/media\/2756"}],"wp:attachment":[{"href":"https:\/\/paripesa.partners\/hr\/wp-json\/wp\/v2\/media?parent=1665"}],"curies":[{"name":"wp","href":"https:\/\/api.w.org\/{rel}","templated":true}]}}