{"id":1664,"date":"2023-08-30T09:17:46","date_gmt":"2023-08-30T06:17:46","guid":{"rendered":"https:\/\/paripesa.partners\/home\/"},"modified":"2025-06-11T13:58:09","modified_gmt":"2025-06-11T10:58:09","slug":"home","status":"publish","type":"page","link":"https:\/\/paripesa.partners\/hr\/","title":{"rendered":"PariPesa PARTNERS \u2013 PARTNERSKI PROGRAM U HRVATSKOJ"},"content":{"rendered":"<section class=\"l-section wpb_row height_auto width_custom\" style=\"--site-content-width:1100px;\"><div class=\"l-section-h i-cf\"><div class=\"g-cols vc_row via_grid cols_1 laptops-cols_inherit tablets-cols_inherit mobiles-cols_1 valign_top type_default stacking_default\"><div class=\"wpb_column vc_column_container\"><div class=\"vc_column-inner\"><div class=\"w-separator size_custom\" style=\"height:30px\"><\/div><div class=\"wpb_text_column\"><div class=\"wpb_wrapper\"><h1><b>Kako postati \u010dlan PariPesa Affiliate programa?<\/b><\/h1>\n<p><span style=\"font-weight: 400;\">Po\u010detak rada s <\/span><span style=\"font-weight: 400;\">PariPesa affiliate program<\/span><span style=\"font-weight: 400;\"> je nevjerojatno jednostavan za svakog kladioni\u010dara. Da biste zapo\u010deli svoje putovanje na <\/span><span style=\"font-weight: 400;\">online kladionica PariPesa<\/span><span style=\"font-weight: 400;\"> web stranici, potrebno je prvo pro\u0107i brzi proces registracije. Evo kako postati suradnik:<\/span><\/p>\n<ol>\n<li><span style=\"font-weight: 400;\"> Registrirajte se na web stranici PariPesa. Ispunite obrazac s potrebnim podacima, kao \u0161to su korisni\u010dko ime, lozinka, jezik, osobni podaci, na\u010din pla\u0107anja itd. Dovr\u0161ite registraciju za nastavak.<\/span><\/li>\n<li><span style=\"font-weight: 400;\"> Odaberite model zarade za svoj <\/span><span style=\"font-weight: 400;\">PariPesa podru\u017enica<\/span><span style=\"font-weight: 400;\"> program. Procijenite tri dostupna modela zarade i odaberite onaj koji vam najvi\u0161e odgovara.<\/span><\/li>\n<li><span style=\"font-weight: 400;\"> Prihvatite odredbe i uvjete <\/span><span style=\"font-weight: 400;\">PariPesa partneri<\/span><span style=\"font-weight: 400;\">program. Obavezno pa\u017eljivo pro\u010ditajte sva pravila prije nego \u0161to prihvatite uvjete i odredbe web stranice.<\/span><\/li>\n<\/ol>\n<p><span style=\"font-weight: 400;\">Slijede\u0107i ova tri jednostavna koraka, mo\u017eete odmah po\u010deti zara\u0111ivati \u200b\u200bnovac s affiliate programom.<\/span><\/p>\n<h2><b>Kako dobiti klijenta u partnerskim programima kla\u0111enja?<\/b><\/h2>\n<p><span style=\"font-weight: 400;\">Za po\u010detak svog <\/span><span style=\"font-weight: 400;\">PariPesa podru\u017enica<\/span><span style=\"font-weight: 400;\"> putovanje, morat \u0107ete prona\u0107i nove korisnike da se pridru\u017ee web stranici i po\u010dnu kladiti. To se mo\u017ee u\u010diniti privla\u010denjem novih klijenata putem va\u0161ih referentnih veza i ponudom promotivnih kodova. Ako poznajete svoju ciljanu publiku, znat \u0107ete da kladioni\u010dari na sport i kockari vole promotivne ponude. Evo kako privu\u0107i nove korisnike promotivnim kodom:<\/span><\/p>\n<ul>\n<li><span style=\"font-weight: 400;\"> Izradite promotivni kod izravno na svom ra\u010dunu.<\/span><\/li>\n<li><span style=\"font-weight: 400;\"> Ponudite kod kupona novim korisnicima i on \u0107e vam pridru\u017eiti igra\u010da za zara\u0111ivanje novca za preporuke.<\/span><\/li>\n<li><span style=\"font-weight: 400;\"> Upotrijebite promotivne kodove kako biste prikupili \u0161to vi\u0161e bonus ponuda kako biste ponudu u\u010dinili jo\u0161 primamljivom za nove kladionice.<\/span><\/li>\n<\/ul>\n<p><span style=\"font-weight: 400;\">PariPesa je jedan od najbolji<\/span><span style=\"font-weight: 400;\"> affiliate programi za sportsko kla\u0111enje<\/span><span style=\"font-weight: 400;\"> zahvaljuju\u0107i unosnim bonusima koje nudi posjetiteljima.<\/span><\/p>\n<h2><b>Preporu\u010deni linkovi<\/b><\/h2>\n<p><span style=\"font-weight: 400;\">Rad s referalnim vezama je jednostavan. Mo\u017eete stvoriti jedinstvene veze na sportsku kladionicu casino<\/span><span style=\"font-weight: 400;\"> online affiliate program<\/span><span style=\"font-weight: 400;\"> na svom ra\u010dunu i distribuirati ih online. Veze \u0107e se pratiti i na va\u0161em ra\u010dunu kako biste vidjeli sve interakcije i nove korisnike koji se pridru\u017euju preko njih.<\/span><\/p>\n<h2><b>Kako znate koji je pozdrav va\u0161eg kupca?<\/b><\/h2>\n<p><span style=\"font-weight: 400;\">Postoje razli\u010dite vrste partnerski<\/span><span style=\"font-weight: 400;\"> programi sportskog kla\u0111enja<\/span><span style=\"font-weight: 400;\">, a na temelju vrste koju odaberete za svoju zaradu, primit \u0107ete svoje posebne nagrade. Ako odaberete CPA program (cijena po akviziciji), bit \u0107ete pla\u0107eni svaki put kada novi pretplatnik upotrijebi va\u0161u vezu za kreiranje ra\u010duna. Isto vrijedi i za druge planove pridru\u017eivanja.<\/span><\/p>\n<h2><b>Kako povu\u0107i svoju zaradu od PariPesa partnera?<\/b><\/h2>\n<p><span style=\"font-weight: 400;\">PariPesa je jedan od partnerski<\/span><span style=\"font-weight: 400;\"> programi kasina koji najvi\u0161e pla\u0107aju,<\/span><span style=\"font-weight: 400;\"> i va\u017eno je da mo\u017eete lako podi\u0107i svoju zaradu. Minimalni iznos za povla\u010denje je 30 dolara, a morate skupiti taj iznos prije nego \u0161to dobijete isplatu. Dostupno je mno\u0161tvo na\u010dina pla\u0107anja koji odgovaraju svima \u2014 od elektroni\u010dkih nov\u010danika do rje\u0161enja za kriptovalute. Mo\u017eete dobiti svoj novac od partnerski<\/span><span style=\"font-weight: 400;\"> programi za kla\u0111enje<\/span><span style=\"font-weight: 400;\"> koriste\u0107i Neteller, Ecopayz, bankovne transfere i druge metode.<\/span><\/p>\n<h2><b>Oblik i visina naknade u casino affiliate programu<\/b><\/h2>\n<p style=\"text-align: left;\"><span style=\"font-weight: 400;\">PariPesa partneri<\/span><span style=\"font-weight: 400;\"> program radi i za sportske kladioni\u010dare i za igra\u010de kasina. To je jedan od relativno novi<\/span><span style=\"font-weight: 400;\"> casino affiliate programi<\/span><span style=\"font-weight: 400;\"> jer je osnovan 2019. Sudionici affiliate programa dobivaju pravi novac za promicanje web stranice za kla\u0111enje i privla\u010denje novih korisnika.<\/span><\/p>\n<\/div><\/div><div class=\"w-separator size_custom\" style=\"height:50px\"><\/div><div class=\"w-hwrapper valign_top stack_on_mobiles align_center\" style=\"--hwrapper-gap:20px\"><div class=\"w-btn-wrapper align_center\"><a class=\"w-btn us-btn-style_3 us_custom_d5c74bc1\" href=\"https:\/\/combodef.com\/L?tag=d_4824699m_147506c_&amp;site=4824699&amp;ad=147506\"><span class=\"w-btn-label\">PRIJAVITE SE<\/span><\/a><\/div><div class=\"w-btn-wrapper align_center\"><a class=\"w-btn us-btn-style_1 us_custom_d5c74bc1\" href=\"https:\/\/combodef.com\/L?tag=d_4824699m_147506c_&amp;site=4824699&amp;ad=147506\"><span class=\"w-btn-label\">PRIJAVITE SE<\/span><\/a><\/div><\/div><div class=\"w-separator size_custom\" style=\"height:50px\"><\/div><div class=\"g-cols wpb_row us_custom_b6b7bf55 via_grid cols_3 laptops-cols_inherit tablets-cols_inherit mobiles-cols_1 valign_middle type_default stacking_default\"><div class=\"wpb_column vc_column_container\"><div class=\"vc_column-inner\"><div class=\"w-image align_center\"><div url class=\"w-image-h\"><img loading=\"lazy\" decoding=\"async\" width=\"53\" height=\"49\" src=\"https:\/\/paripesa.partners\/wp-content\/uploads\/2023\/09\/steps-icon-1-2.png\" class=\"attachment-full size-full\" alt=\"PariPesa PARTNERS \u2013 PARTNERSKI PROGRAM U HRVATSKOJ\" title=\"PariPesa PARTNERS \u2013 PARTNERSKI PROGRAM U HRVATSKOJ\" \/><\/div><\/div><div class=\"w-separator size_custom\" style=\"height:20px\"><\/div><div class=\"w-text us_custom_9371a4c5 has_text_color\"><span url class=\"w-text-h\"><span class=\"w-text-value\">PariPesa affiliate program<\/span><\/span><\/div><\/div><\/div><div class=\"wpb_column vc_column_container\"><div class=\"vc_column-inner\"><div class=\"w-image align_center\"><div url class=\"w-image-h\"><img loading=\"lazy\" decoding=\"async\" width=\"49\" height=\"49\" src=\"https:\/\/paripesa.partners\/wp-content\/uploads\/2023\/09\/steps-icon-2-2.png\" class=\"attachment-full size-full\" alt=\"PariPesa PARTNERS \u2013 PARTNERSKI PROGRAM U HRVATSKOJ\" title=\"PariPesa PARTNERS \u2013 PARTNERSKI PROGRAM U HRVATSKOJ\" \/><\/div><\/div><div class=\"w-separator size_custom\" style=\"height:20px\"><\/div><div class=\"w-text us_custom_9371a4c5 has_text_color\"><span url class=\"w-text-h\"><span class=\"w-text-value\">PariPesa affiliate program<\/span><\/span><\/div><\/div><\/div><div class=\"wpb_column vc_column_container\"><div class=\"vc_column-inner\"><div class=\"w-image align_center\"><div url class=\"w-image-h\"><img loading=\"lazy\" decoding=\"async\" width=\"92\" height=\"49\" src=\"https:\/\/paripesa.partners\/wp-content\/uploads\/2023\/09\/steps-icon-3-1.png\" class=\"attachment-full size-full\" alt=\"PariPesa PARTNERS \u2013 PARTNERSKI PROGRAM U HRVATSKOJ\" title=\"PariPesa PARTNERS \u2013 PARTNERSKI PROGRAM U HRVATSKOJ\" \/><\/div><\/div><div class=\"w-separator size_custom\" style=\"height:20px\"><\/div><div class=\"w-text us_custom_9371a4c5 has_text_color\"><span url class=\"w-text-h\"><span class=\"w-text-value\">PariPesa affiliate program<\/span><\/span><\/div><\/div><\/div><\/div><div class=\"w-separator size_custom\" style=\"height:50px\"><\/div><\/div><\/div><\/div><\/div><\/section><section class=\"l-section wpb_row us_custom_45afd6fa height_auto\"><div class=\"l-section-overlay\" style=\"background:rgba(0,7,86,0.50)\"><\/div><div class=\"l-section-h i-cf\"><div class=\"g-cols vc_row via_grid cols_1 laptops-cols_inherit tablets-cols_inherit mobiles-cols_1 valign_top type_default stacking_default\"><div class=\"wpb_column vc_column_container\"><div class=\"vc_column-inner\"><div class=\"w-separator size_custom\" style=\"height:50px\"><\/div><div class=\"g-cols wpb_row via_grid cols_1 laptops-cols_inherit tablets-cols_inherit mobiles-cols_1 valign_top type_default stacking_default\"><div class=\"wpb_column vc_column_container\"><div class=\"vc_column-inner\"><div class=\"wpb_text_column us_custom_81aa4fc5 has_text_color\"><div class=\"wpb_wrapper\"><p style=\"text-align: center;\"><span style=\"font-weight: 400;\">PariPesa podru\u017enica<\/span><\/p>\n<\/div><\/div><div class=\"w-separator size_custom\" style=\"height:30px\"><\/div><div class=\"w-btn-wrapper align_center\"><a class=\"w-btn us-btn-style_1 us_custom_d5c74bc1\" href=\"https:\/\/combodef.com\/L?tag=d_4824699m_147506c_&amp;site=4824699&amp;ad=147506\"><span class=\"w-btn-label\">PRIDRU\u017dITE SE SADA<\/span><\/a><\/div><\/div><\/div><\/div><div class=\"w-separator size_custom\" style=\"height:50px\"><\/div><\/div><\/div><\/div><\/div><\/section><section class=\"l-section wpb_row us_custom_ed6495de height_auto width_custom\" style=\"--site-content-width:1100px;\"><div class=\"l-section-h i-cf\"><div class=\"g-cols vc_row via_grid cols_1 laptops-cols_inherit tablets-cols_inherit mobiles-cols_1 valign_top type_default stacking_default\"><div class=\"wpb_column vc_column_container\"><div class=\"vc_column-inner\"><div class=\"w-separator size_custom\" style=\"height:50px\"><\/div><div class=\"wpb_text_column us_custom_6df4bc3a has_text_color\"><div class=\"wpb_wrapper\"><\/div><\/div><div class=\"w-separator size_custom\" style=\"height:30px\"><\/div><h2 class=\"w-text us_custom_ae916b83 has_text_color\"><span url class=\"w-text-h\"><span class=\"w-text-value\">\u010cESTO POSTAVLJENA PITANJA<\/span><\/span><\/h2><div class=\"w-separator size_custom\" style=\"height:30px\"><\/div><div class=\"w-tabs us_custom_3fbb5980 has_text_color style_default switch_click accordion has_scrolling\" style=\"--sections-title-size:22px\"><div class=\"w-tabs-sections titles-align_none icon_chevron cpos_right\"><div class=\"w-tabs-section\" id=\"d0ae\"><button class=\"w-tabs-section-header\" aria-controls=\"content-d0ae\" aria-expanded=\"false\"><div class=\"w-tabs-section-title\">\u0160to je affiliate program?<\/div><div class=\"w-tabs-section-control\"><\/div><\/button><div  class=\"w-tabs-section-content\" id=\"content-d0ae\"><div class=\"w-tabs-section-content-h i-cf\"><div class=\"wpb_text_column us_custom_dcb976c1 has_text_color\"><div class=\"wpb_wrapper\"><p><span style=\"font-weight: 400;\">A <\/span><span style=\"font-weight: 400;\">partner kladioni\u010darskog mjesta<\/span><span style=\"font-weight: 400;\"> program omogu\u0107uje korisnicima zaradu za marketing svojih proizvoda ili usluga drugim ljudima. Na primjer, program PariPesa osigurava provizije za partnere za upu\u0107ivanje novih korisnika na stranicu.<\/span><\/p>\n<\/div><\/div><\/div><\/div><\/div><div class=\"w-tabs-section\" id=\"g219\"><button class=\"w-tabs-section-header\" aria-controls=\"content-g219\" aria-expanded=\"false\"><div class=\"w-tabs-section-title\">Kako odabrati najbolje affiliate programe za sportsko kla\u0111enje?<\/div><div class=\"w-tabs-section-control\"><\/div><\/button><div  class=\"w-tabs-section-content\" id=\"content-g219\"><div class=\"w-tabs-section-content-h i-cf\"><div class=\"wpb_text_column us_custom_dcb976c1 has_text_color\"><div class=\"wpb_wrapper\"><p><span style=\"font-weight: 400;\">Biranje Partnerski<\/span><span style=\"font-weight: 400;\"> programi za kla\u0111enje<\/span><span style=\"font-weight: 400;\"> sli\u010dno je biranju mjesta za kla\u0111enje. Va\u017eno je prvo procijeniti kladioni\u010dara. Zapo\u010dnite s u\u010denjem o kvaliteti usluga i ugledu marke. Poku\u0161ajte procijeniti sam program nakon \u0161to prona\u0111ete pouzdanog pru\u017eatelja usluga. Pogledajte iznos provizija i provjerite postoje li prikladni na\u010dini isplate.<\/span><\/p>\n<\/div><\/div><\/div><\/div><\/div><div class=\"w-tabs-section\" id=\"h3b5\"><button class=\"w-tabs-section-header\" aria-controls=\"content-h3b5\" aria-expanded=\"false\"><div class=\"w-tabs-section-title\">Koje su vrste affiliate programa?<\/div><div class=\"w-tabs-section-control\"><\/div><\/button><div  class=\"w-tabs-section-content\" id=\"content-h3b5\"><div class=\"w-tabs-section-content-h i-cf\"><div class=\"wpb_text_column us_custom_dcb976c1 has_text_color\"><div class=\"wpb_wrapper\"><p><span style=\"font-weight: 400;\">Postoje razli\u010dite vrste partnerskih programa za kla\u0111enje na temelju zarada<\/span><span style=\"font-weight: 400;\"> kladioni\u010darskih podru\u017enica<\/span><span style=\"font-weight: 400;\"> rje\u0161enja. Jedna vrsta nudi novac za svakog novog igra\u010da upu\u0107enog na web mjesto. Drugi tip daje provizije na temelju zarade preporu\u010denih korisnika. A tre\u0107i tip je kombinacija dviju vrsta affiliate programa.<\/span><\/p>\n<\/div><\/div><\/div><\/div><\/div><div class=\"w-tabs-section\" id=\"q561\"><button class=\"w-tabs-section-header\" aria-controls=\"content-q561\" aria-expanded=\"false\"><div class=\"w-tabs-section-title\">Koje su vrste pridru\u017eenih stranica za kla\u0111enje?<\/div><div class=\"w-tabs-section-control\"><\/div><\/button><div  class=\"w-tabs-section-content\" id=\"content-q561\"><div class=\"w-tabs-section-content-h i-cf\"><div class=\"wpb_text_column us_custom_dcb976c1 has_text_color\"><div class=\"wpb_wrapper\"><p><span style=\"font-weight: 400;\">Kao \u0161to postoje razli\u010diti partnerski<\/span><span style=\"font-weight: 400;\"> programi za kla\u0111enje<\/span><span style=\"font-weight: 400;\">, korisnici tako\u0111er mogu otkriti razne web stranice za kla\u0111enje. Mjesta za kla\u0111enje mogu se podijeliti u razli\u010dite kategorije na temelju razli\u010ditih karakteristika. Na primjer, postoje web stranice za sportsko kla\u0111enje posve\u0107ene odre\u0111enim vrstama sportova, kao \u0161to su nogomet, nogomet, ko\u0161arka, tenis itd. Alternativno, platforme za sportsko kla\u0111enje mogu ponuditi razli\u010dite usluge, kao \u0161to su neke od najbolji<\/span><span style=\"font-weight: 400;\"> casino affiliate programi<\/span><span style=\"font-weight: 400;\">, kla\u0111enje na digitalne sportove ili \u010dak kla\u0111enje na sportske doga\u0111aje.<\/span><\/p>\n<\/div><\/div><\/div><\/div><\/div><\/div><\/div><div class=\"w-separator size_custom\" style=\"height:30px\"><\/div><\/div><\/div><\/div><\/div><\/section>\n","protected":false},"excerpt":{"rendered":"Kako postati \u010dlan PariPesa Affiliate programa? Po\u010detak rada s PariPesa affiliate program je nevjerojatno jednostavan za svakog kladioni\u010dara. Da biste zapo\u010deli svoje putovanje na online kladionica PariPesa web stranici, potrebno je prvo pro\u0107i brzi proces registracije. Evo kako postati suradnik: Registrirajte se na web stranici PariPesa. Ispunite obrazac s potrebnim podacima, kao \u0161to su korisni\u010dko...","protected":false},"author":1,"featured_media":2819,"parent":0,"menu_order":0,"comment_status":"closed","ping_status":"closed","template":"","meta":{"footnotes":""},"class_list":["post-1664","page","type-page","status-publish","has-post-thumbnail","hentry"],"_links":{"self":[{"href":"https:\/\/paripesa.partners\/hr\/wp-json\/wp\/v2\/pages\/1664","targetHints":{"allow":["GET"]}}],"collection":[{"href":"https:\/\/paripesa.partners\/hr\/wp-json\/wp\/v2\/pages"}],"about":[{"href":"https:\/\/paripesa.partners\/hr\/wp-json\/wp\/v2\/types\/page"}],"author":[{"embeddable":true,"href":"https:\/\/paripesa.partners\/hr\/wp-json\/wp\/v2\/users\/1"}],"replies":[{"embeddable":true,"href":"https:\/\/paripesa.partners\/hr\/wp-json\/wp\/v2\/comments?post=1664"}],"version-history":[{"count":2,"href":"https:\/\/paripesa.partners\/hr\/wp-json\/wp\/v2\/pages\/1664\/revisions"}],"predecessor-version":[{"id":12651,"href":"https:\/\/paripesa.partners\/hr\/wp-json\/wp\/v2\/pages\/1664\/revisions\/12651"}],"wp:featuredmedia":[{"embeddable":true,"href":"https:\/\/paripesa.partners\/hr\/wp-json\/wp\/v2\/media\/2819"}],"wp:attachment":[{"href":"https:\/\/paripesa.partners\/hr\/wp-json\/wp\/v2\/media?parent=1664"}],"curies":[{"name":"wp","href":"https:\/\/api.w.org\/{rel}","templated":true}]}}