{"id":1804,"date":"2023-08-30T13:53:51","date_gmt":"2023-08-30T10:53:51","guid":{"rendered":"https:\/\/paripesa.partners\/app\/"},"modified":"2024-05-02T18:31:24","modified_gmt":"2024-05-02T15:31:24","slug":"app","status":"publish","type":"page","link":"https:\/\/paripesa.partners\/fi\/app\/","title":{"rendered":"PariPesa APP SUOMI: LATAA SOVELLUS SUOMESSA"},"content":{"rendered":"<section class=\"l-section wpb_row us_custom_ed6495de height_auto width_custom\" style=\"--site-content-width:1100px;\"><div class=\"l-section-h i-cf\"><div class=\"g-cols vc_row via_grid cols_1 laptops-cols_inherit tablets-cols_inherit mobiles-cols_1 valign_top type_default stacking_default\"><div class=\"wpb_column vc_column_container\"><div class=\"vc_column-inner\"><div class=\"w-separator size_custom\" style=\"height:30px\"><\/div><ol class=\"g-breadcrumbs separator_icon align_none\" role=\"navigation\" itemscope itemtype=\"http:\/\/schema.org\/BreadcrumbList\"><li class=\"g-breadcrumbs-item\" itemscope itemprop=\"itemListElement\" itemtype=\"http:\/\/schema.org\/ListItem\"><a itemprop=\"item\" href=\"https:\/\/paripesa.partners\/fi\/\"><span itemprop=\"name\">Etusivu<\/span><\/a><meta itemprop=\"position\" content=\"1\"\/><\/li><li class=\"g-breadcrumbs-separator\"><i class=\"far fa-angle-right\"><\/i><\/li><li class=\"g-breadcrumbs-item\">Sivut<\/li><\/ol><div class=\"w-separator size_custom\" style=\"height:30px\"><\/div><div class=\"wpb_text_column\"><div class=\"wpb_wrapper\"><h1><span style=\"font-weight: 400;\">\ud83d\udcf1 Tervetuloa uuteen PariPesaanmobiili urheiluvedonly\u00f6nti sovellus! \ud83c\udf89<\/span><\/h1>\n<p><span style=\"font-weight: 400;\">K\u00e4ytt\u00e4j\u00e4yst\u00e4v\u00e4llisen ja innovatiivisen sovelluksemme ansiosta voit nyt nauttia suosikki Paripesa-kasinopeleist\u00e4 suoraan \u00e4lypuhelimellasi tai tablet-laitteellasi, miss\u00e4 ikin\u00e4 oletkin!<\/span><\/p>\n<h2><span style=\"font-weight: 400;\">T\u00e4ss\u00e4 on joitain PariPesa-sovelluksen k\u00e4yt\u00f6n etuja:<\/span><\/h2>\n<ul>\n<li style=\"font-weight: 400;\" aria-level=\"1\"><span style=\"font-weight: 400;\">\ud83c\udfb0 Erilaisia \u200b\u200bpelej\u00e4: kanssa <\/span><b>uhkapeli vedonly\u00f6nti sovellus<\/b><span style=\"font-weight: 400;\"> voit valita sadoista j\u00e4nnitt\u00e4vist\u00e4 peleist\u00e4, mukaan lukien kolikkopelit, ruletti, blackjack, pokeri ja monet muut.<\/span><\/li>\n<li style=\"font-weight: 400;\" aria-level=\"1\"><span style=\"font-weight: 400;\">\ud83d\udcb0 Turvallisuus ja k\u00e4ytt\u00f6mukavuus: Sovelluksemme varmistaa turvallisuutesi ja yksityisyytesi, jolloin voit nauttia pelist\u00e4 ilman huolia.<\/span><\/li>\n<li style=\"font-weight: 400;\" aria-level=\"1\"><span style=\"font-weight: 400;\">\ud83d\udcc8 Edistyminen ja voitot: seuraa edistymist\u00e4 ja tarkista voittosi reaaliajassa, jotta olet aina pelisi k\u00e4rjess\u00e4.<\/span><\/li>\n<li style=\"font-weight: 400;\" aria-level=\"1\"><span style=\"font-weight: 400;\">\ud83d\udd25 Eksklusiiviset tarjoukset: Saat k\u00e4ytt\u00f6\u00f6si eksklusiivisia tarjouksia ja promokoodeja, jotka ovat saatavilla vain sovelluksemme kautta, jotta saat viel\u00e4 enemm\u00e4n mahdollisuuksia voittaa.<\/span><\/li>\n<\/ul>\n<p><span style=\"font-weight: 400;\">\u00c4l\u00e4 missaa mahdollisuutta saada unohtumaton pelikokemus ja valtavia voittoja suoraan mobiililaitteellasi! Lataa PariPesa <\/span><b>online-vedonly\u00f6nti urheilusovellus<\/b> <span style=\"font-weight: 400;\">t\u00e4n\u00e4\u00e4n ja liity j\u00e4nnitt\u00e4v\u00e4\u00e4n peli yhteis\u00f6\u00f6mme!<\/span><\/p>\n<\/div><\/div><div class=\"w-separator size_custom\" style=\"height:30px\"><\/div><div class=\"w-btn-wrapper align_center\"><a class=\"w-btn us-btn-style_1\" href=\"https:\/\/combodef.com\/L?tag=d_4824699m_147506c_&amp;site=4824699&amp;ad=147506\"><span class=\"w-btn-label\">LIITY NYT<\/span><\/a><\/div><div class=\"w-separator size_custom\" style=\"height:30px\"><\/div><div class=\"w-text us_custom_d01ea1f6 has_text_color\"><span url class=\"w-text-h\"><span class=\"w-text-value\">YLEISImpi\u00e4 KYSYMYKSI\u00c4<\/span><\/span><\/div><div class=\"w-separator size_custom\" style=\"height:30px\"><\/div><div class=\"w-tabs us_custom_3fbb5980 has_text_color style_default switch_click accordion has_scrolling\" style=\"--sections-title-size:22px\"><div class=\"w-tabs-sections titles-align_none icon_chevron cpos_right\"><div class=\"w-tabs-section\" id=\"k5e2\"><button class=\"w-tabs-section-header\" aria-controls=\"content-k5e2\" aria-expanded=\"false\"><div class=\"w-tabs-section-title\">VOIKO LAITTAA OIKEALLA RAHASTA VETOJA K\u00c4YTT\u00c4M\u00c4LL\u00c4 MOBIILILLANI?<\/div><div class=\"w-tabs-section-control\"><\/div><\/button><div  class=\"w-tabs-section-content\" id=\"content-k5e2\"><div class=\"w-tabs-section-content-h i-cf\"><div class=\"wpb_text_column us_custom_dcb976c1 has_text_color\"><div class=\"wpb_wrapper\"><p>Kyll\u00e4, voit k\u00e4ytt\u00e4\u00e4 kaikkia talletusmenetelmi\u00e4 ja asettaa oikean rahan vetoja.<\/p>\n<\/div><\/div><\/div><\/div><\/div><div class=\"w-tabs-section\" id=\"t734\"><button class=\"w-tabs-section-header\" aria-controls=\"content-t734\" aria-expanded=\"false\"><div class=\"w-tabs-section-title\">VOIKO SAADA TERVETULOSPONUKSEN PariPesa-SOVELLUKSESTA?<\/div><div class=\"w-tabs-section-control\"><\/div><\/button><div  class=\"w-tabs-section-content\" id=\"content-t734\"><div class=\"w-tabs-section-content-h i-cf\"><div class=\"wpb_text_column us_custom_dcb976c1 has_text_color\"><div class=\"wpb_wrapper\"><p>Kyll\u00e4, jokainen, joka rekister\u00f6ityy mobiililaitteellaan, voi saada tervetuliaisbonuksen talletuksen j\u00e4lkeen.<\/p>\n<\/div><\/div><\/div><\/div><\/div><div class=\"w-tabs-section\" id=\"p861\"><button class=\"w-tabs-section-header\" aria-controls=\"content-p861\" aria-expanded=\"false\"><div class=\"w-tabs-section-title\">VOIKO POISTAA VOITONI BOOKMAKER MOBIILISOVELLUKSELLA?<\/div><div class=\"w-tabs-section-control\"><\/div><\/button><div  class=\"w-tabs-section-content\" id=\"content-p861\"><div class=\"w-tabs-section-content-h i-cf\"><div class=\"wpb_text_column us_custom_dcb976c1 has_text_color\"><div class=\"wpb_wrapper\"><p>Kyll\u00e4, voit valita useista kotiutustavoista voittaaksesi voittosi.<\/p>\n<\/div><\/div><\/div><\/div><\/div><div class=\"w-tabs-section\" id=\"n99f\"><button class=\"w-tabs-section-header\" aria-controls=\"content-n99f\" aria-expanded=\"false\"><div class=\"w-tabs-section-title\">VOIKO LADATA SOVELLUKSEN \u00c4LYPUHELIMEENI?<\/div><div class=\"w-tabs-section-control\"><\/div><\/button><div  class=\"w-tabs-section-content\" id=\"content-n99f\"><div class=\"w-tabs-section-content-h i-cf\"><div class=\"wpb_text_column us_custom_dcb976c1 has_text_color\"><div class=\"wpb_wrapper\"><p>Kyll\u00e4, voit ladata sen Apple Storesta, Google Playsta tai PariPesa-verkkosivustolta.<\/p>\n<\/div><\/div><\/div><\/div><\/div><\/div><\/div><div class=\"w-separator size_custom\" style=\"height:30px\"><\/div><\/div><\/div><\/div><\/div><\/section>\n","protected":false},"excerpt":{"rendered":"EtusivuSivut\ud83d\udcf1 Tervetuloa uuteen PariPesaanmobiili urheiluvedonly\u00f6nti sovellus! \ud83c\udf89 K\u00e4ytt\u00e4j\u00e4yst\u00e4v\u00e4llisen ja innovatiivisen sovelluksemme ansiosta voit nyt nauttia suosikki Paripesa-kasinopeleist\u00e4 suoraan \u00e4lypuhelimellasi tai tablet-laitteellasi, miss\u00e4 ikin\u00e4 oletkin! T\u00e4ss\u00e4 on joitain PariPesa-sovelluksen k\u00e4yt\u00f6n etuja: \ud83c\udfb0 Erilaisia \u200b\u200bpelej\u00e4: kanssa uhkapeli vedonly\u00f6nti sovellus voit valita sadoista j\u00e4nnitt\u00e4vist\u00e4 peleist\u00e4, mukaan lukien kolikkopelit, ruletti, blackjack, pokeri ja monet muut. \ud83d\udcb0 Turvallisuus ja k\u00e4ytt\u00f6mukavuus:...","protected":false},"author":1,"featured_media":2759,"parent":0,"menu_order":0,"comment_status":"closed","ping_status":"closed","template":"","meta":{"footnotes":""},"class_list":["post-1804","page","type-page","status-publish","has-post-thumbnail","hentry"],"_links":{"self":[{"href":"https:\/\/paripesa.partners\/fi\/wp-json\/wp\/v2\/pages\/1804","targetHints":{"allow":["GET"]}}],"collection":[{"href":"https:\/\/paripesa.partners\/fi\/wp-json\/wp\/v2\/pages"}],"about":[{"href":"https:\/\/paripesa.partners\/fi\/wp-json\/wp\/v2\/types\/page"}],"author":[{"embeddable":true,"href":"https:\/\/paripesa.partners\/fi\/wp-json\/wp\/v2\/users\/1"}],"replies":[{"embeddable":true,"href":"https:\/\/paripesa.partners\/fi\/wp-json\/wp\/v2\/comments?post=1804"}],"version-history":[{"count":2,"href":"https:\/\/paripesa.partners\/fi\/wp-json\/wp\/v2\/pages\/1804\/revisions"}],"predecessor-version":[{"id":3523,"href":"https:\/\/paripesa.partners\/fi\/wp-json\/wp\/v2\/pages\/1804\/revisions\/3523"}],"wp:featuredmedia":[{"embeddable":true,"href":"https:\/\/paripesa.partners\/fi\/wp-json\/wp\/v2\/media\/2759"}],"wp:attachment":[{"href":"https:\/\/paripesa.partners\/fi\/wp-json\/wp\/v2\/media?parent=1804"}],"curies":[{"name":"wp","href":"https:\/\/api.w.org\/{rel}","templated":true}]}}