{"id":2122,"date":"2023-08-30T13:53:51","date_gmt":"2023-08-30T10:53:51","guid":{"rendered":"https:\/\/paripesa.partners\/app\/"},"modified":"2024-05-03T12:42:40","modified_gmt":"2024-05-03T09:42:40","slug":"app","status":"publish","type":"page","link":"https:\/\/paripesa.partners\/cs\/app\/","title":{"rendered":"PariPesa APP: ST\u00c1HN\u011aTE SI APLIKACI V \u010cESK\u00c9 REPUBLICE"},"content":{"rendered":"<section class=\"l-section wpb_row us_custom_ed6495de height_auto width_custom\" style=\"--site-content-width:1100px;\"><div class=\"l-section-h i-cf\"><div class=\"g-cols vc_row via_grid cols_1 laptops-cols_inherit tablets-cols_inherit mobiles-cols_1 valign_top type_default stacking_default\"><div class=\"wpb_column vc_column_container\"><div class=\"vc_column-inner\"><div class=\"w-separator size_custom\" style=\"height:30px\"><\/div><ol class=\"g-breadcrumbs separator_icon align_none\" role=\"navigation\" itemscope itemtype=\"http:\/\/schema.org\/BreadcrumbList\"><li class=\"g-breadcrumbs-item\" itemscope itemprop=\"itemListElement\" itemtype=\"http:\/\/schema.org\/ListItem\"><a itemprop=\"item\" href=\"https:\/\/paripesa.partners\/cs\/\"><span itemprop=\"name\">\u00davodn\u00ed str\u00e1nka<\/span><\/a><meta itemprop=\"position\" content=\"1\"\/><\/li><li class=\"g-breadcrumbs-separator\"><i class=\"far fa-angle-right\"><\/i><\/li><li class=\"g-breadcrumbs-item\">Str\u00e1nky<\/li><\/ol><div class=\"w-separator size_custom\" style=\"height:30px\"><\/div><div class=\"wpb_text_column\"><div class=\"wpb_wrapper\"><h1><span style=\"font-weight: 400;\">\ud83d\udcf1 V\u00edtejte v nov\u00e9m PariPesa mobiln\u00ed aplikace pro sportovn\u00ed s\u00e1zen\u00ed! \ud83c\udf89<\/span><\/h1>\n<p><span style=\"font-weight: 400;\">D\u00edky na\u0161\u00ed u\u017eivatelsky p\u0159\u00edv\u011btiv\u00e9 a inovativn\u00ed aplikaci si nyn\u00ed m\u016f\u017eete u\u017e\u00edvat sv\u00e9 obl\u00edben\u00e9 kasinov\u00e9 hry Paripesa p\u0159\u00edmo na va\u0161em smartphonu nebo tabletu, a\u0165 jste kdekoli!<\/span><\/p>\n<h2><span style=\"font-weight: 400;\">Zde jsou n\u011bkter\u00e9 z v\u00fdhod pou\u017e\u00edv\u00e1n\u00ed aplikace PariPesa:<\/span><\/h2>\n<ul>\n<li style=\"font-weight: 400;\" aria-level=\"1\"><span style=\"font-weight: 400;\">\ud83c\udfb0 R\u016fzn\u00e9 hry: S <\/span><b>aplikace pro hazardn\u00ed s\u00e1zen\u00ed<\/b><span style=\"font-weight: 400;\"> m\u016f\u017eete si vybrat ze stovek zaj\u00edmav\u00fdch her v\u010detn\u011b automat\u016f, rulety, blackjacku, pokeru a mnoha dal\u0161\u00edch.<\/span><\/li>\n<li style=\"font-weight: 400;\" aria-level=\"1\"><span style=\"font-weight: 400;\">\ud83d\udcb0 Bezpe\u010dnost a pohodl\u00ed: Na\u0161e aplikace zaji\u0161\u0165uje va\u0161i bezpe\u010dnost a soukrom\u00ed a umo\u017e\u0148uje v\u00e1m u\u017e\u00edvat si hru bez jak\u00fdchkoliv starost\u00ed.<\/span><\/li>\n<li style=\"font-weight: 400;\" aria-level=\"1\"><span style=\"font-weight: 400;\">\ud83d\udcc8 Pokrok a v\u00fdhry: sledujte sv\u016fj postup a kontrolujte sv\u00e9 v\u00fdhry v re\u00e1ln\u00e9m \u010dase, abyste byli v\u017edy na vrcholu sv\u00e9 hry.<\/span><\/li>\n<li style=\"font-weight: 400;\" aria-level=\"1\"><span style=\"font-weight: 400;\">\ud83d\udd25 Exkluzivn\u00ed nab\u00eddky: Z\u00edskejte p\u0159\u00edstup k exkluzivn\u00edm akc\u00edm a propaga\u010dn\u00edm k\u00f3d\u016fm dostupn\u00fdm pouze prost\u0159ednictv\u00edm na\u0161\u00ed aplikace, abyste m\u011bli je\u0161t\u011b v\u00edce \u0161anc\u00ed na v\u00fdhru.<\/span><\/li>\n<\/ul>\n<p><span style=\"font-weight: 400;\">Nenechte si uj\u00edt svou \u0161anci z\u00edskat nezapomenuteln\u00fd hern\u00ed z\u00e1\u017eitek a obrovsk\u00e9 v\u00fdhry p\u0159\u00edmo na va\u0161em mobiln\u00edm za\u0159\u00edzen\u00ed! St\u00e1hn\u011bte si PariPesa <\/span><b>online s\u00e1zen\u00ed sportovn\u00ed aplikace<\/b> <span style=\"font-weight: 400;\">dnes a p\u0159ipojte se k na\u0161\u00ed vzru\u0161uj\u00edc\u00ed hern\u00ed komunit\u011b!<\/span><\/p>\n<\/div><\/div><div class=\"w-separator size_custom\" style=\"height:30px\"><\/div><div class=\"w-btn-wrapper align_center\"><a class=\"w-btn us-btn-style_1\" href=\"https:\/\/combodef.com\/L?tag=d_4824699m_147506c_&amp;site=4824699&amp;ad=147506\"><span class=\"w-btn-label\">P\u0158IDEJ SE TE\u010e<\/span><\/a><\/div><div class=\"w-separator size_custom\" style=\"height:30px\"><\/div><h2 class=\"w-text us_custom_d01ea1f6 has_text_color\"><span url class=\"w-text-h\"><span class=\"w-text-value\">NEJ\u010cAST\u011aJ\u0160\u00cd OT\u00c1ZKY<\/span><\/span><\/h2><div class=\"w-separator size_custom\" style=\"height:30px\"><\/div><div class=\"w-tabs us_custom_3fbb5980 has_text_color style_default switch_click accordion has_scrolling\" style=\"--sections-title-size:22px\"><div class=\"w-tabs-sections titles-align_none icon_chevron cpos_right\"><div class=\"w-tabs-section\" id=\"j7b5\"><button class=\"w-tabs-section-header\" aria-controls=\"content-j7b5\" aria-expanded=\"false\"><div class=\"w-tabs-section-title\">MOHU POD\u00c1VAT S\u00c1ZKY O SKUTE\u010cN\u00c9 PEN\u00cdZE POMOC\u00cd SV\u00c9HO MOBILU?<\/div><div class=\"w-tabs-section-control\"><\/div><\/button><div  class=\"w-tabs-section-content\" id=\"content-j7b5\"><div class=\"w-tabs-section-content-h i-cf\"><div class=\"wpb_text_column us_custom_dcb976c1 has_text_color\"><div class=\"wpb_wrapper\"><p>Ano, m\u016f\u017eete pou\u017e\u00edt v\u0161echny zp\u016fsoby vkladu a s\u00e1zet skute\u010dn\u00e9 pen\u00edze.<\/p>\n<\/div><\/div><\/div><\/div><\/div><div class=\"w-tabs-section\" id=\"r8aa\"><button class=\"w-tabs-section-header\" aria-controls=\"content-r8aa\" aria-expanded=\"false\"><div class=\"w-tabs-section-title\">MOHU Z\u00cdSKAT UV\u00cdTAC\u00cd BONUS V APLIKACI PariPesa?<\/div><div class=\"w-tabs-section-control\"><\/div><\/button><div  class=\"w-tabs-section-content\" id=\"content-r8aa\"><div class=\"w-tabs-section-content-h i-cf\"><div class=\"wpb_text_column us_custom_dcb976c1 has_text_color\"><div class=\"wpb_wrapper\"><p>Ano, ka\u017ed\u00fd, kdo se zaregistruje pomoc\u00ed sv\u00e9ho mobiln\u00edho za\u0159\u00edzen\u00ed, m\u016f\u017ee po proveden\u00ed vkladu z\u00edskat uv\u00edtac\u00ed bonus.<\/p>\n<\/div><\/div><\/div><\/div><\/div><div class=\"w-tabs-section\" id=\"s98e\"><button class=\"w-tabs-section-header\" aria-controls=\"content-s98e\" aria-expanded=\"false\"><div class=\"w-tabs-section-title\">MOHU VYBRAT SV\u00c9 V\u00ddHRY POMOC\u00cd MOBILN\u00cd APLIKACE BOOKMAKER?<\/div><div class=\"w-tabs-section-control\"><\/div><\/button><div  class=\"w-tabs-section-content\" id=\"content-s98e\"><div class=\"w-tabs-section-content-h i-cf\"><div class=\"wpb_text_column us_custom_dcb976c1 has_text_color\"><div class=\"wpb_wrapper\"><p>Ano, m\u016f\u017eete si vybrat z mnoha zp\u016fsob\u016f v\u00fdb\u011bru, abyste z\u00edskali sv\u00e9 v\u00fdhry.<\/p>\n<\/div><\/div><\/div><\/div><\/div><div class=\"w-tabs-section\" id=\"aaa1\"><button class=\"w-tabs-section-header\" aria-controls=\"content-aaa1\" aria-expanded=\"false\"><div class=\"w-tabs-section-title\">MOHU SI ST\u00c1HNOUT APLIKACI DO SMARTPHONU?<\/div><div class=\"w-tabs-section-control\"><\/div><\/button><div  class=\"w-tabs-section-content\" id=\"content-aaa1\"><div class=\"w-tabs-section-content-h i-cf\"><div class=\"wpb_text_column us_custom_dcb976c1 has_text_color\"><div class=\"wpb_wrapper\"><p>Ano, m\u016f\u017eete si jej st\u00e1hnout z Apple Store, Google Play nebo webu PariPesa.<\/p>\n<\/div><\/div><\/div><\/div><\/div><\/div><\/div><div class=\"w-separator size_custom\" style=\"height:30px\"><\/div><\/div><\/div><\/div><\/div><\/section>\n","protected":false},"excerpt":{"rendered":"\u00davodn\u00ed str\u00e1nkaStr\u00e1nky\ud83d\udcf1 V\u00edtejte v nov\u00e9m PariPesa mobiln\u00ed aplikace pro sportovn\u00ed s\u00e1zen\u00ed! \ud83c\udf89 D\u00edky na\u0161\u00ed u\u017eivatelsky p\u0159\u00edv\u011btiv\u00e9 a inovativn\u00ed aplikaci si nyn\u00ed m\u016f\u017eete u\u017e\u00edvat sv\u00e9 obl\u00edben\u00e9 kasinov\u00e9 hry Paripesa p\u0159\u00edmo na va\u0161em smartphonu nebo tabletu, a\u0165 jste kdekoli! Zde jsou n\u011bkter\u00e9 z v\u00fdhod pou\u017e\u00edv\u00e1n\u00ed aplikace PariPesa: \ud83c\udfb0 R\u016fzn\u00e9 hry: S aplikace pro hazardn\u00ed s\u00e1zen\u00ed m\u016f\u017eete si...","protected":false},"author":1,"featured_media":2757,"parent":0,"menu_order":0,"comment_status":"closed","ping_status":"closed","template":"","meta":{"footnotes":""},"class_list":["post-2122","page","type-page","status-publish","has-post-thumbnail","hentry"],"_links":{"self":[{"href":"https:\/\/paripesa.partners\/cs\/wp-json\/wp\/v2\/pages\/2122","targetHints":{"allow":["GET"]}}],"collection":[{"href":"https:\/\/paripesa.partners\/cs\/wp-json\/wp\/v2\/pages"}],"about":[{"href":"https:\/\/paripesa.partners\/cs\/wp-json\/wp\/v2\/types\/page"}],"author":[{"embeddable":true,"href":"https:\/\/paripesa.partners\/cs\/wp-json\/wp\/v2\/users\/1"}],"replies":[{"embeddable":true,"href":"https:\/\/paripesa.partners\/cs\/wp-json\/wp\/v2\/comments?post=2122"}],"version-history":[{"count":2,"href":"https:\/\/paripesa.partners\/cs\/wp-json\/wp\/v2\/pages\/2122\/revisions"}],"predecessor-version":[{"id":3572,"href":"https:\/\/paripesa.partners\/cs\/wp-json\/wp\/v2\/pages\/2122\/revisions\/3572"}],"wp:featuredmedia":[{"embeddable":true,"href":"https:\/\/paripesa.partners\/cs\/wp-json\/wp\/v2\/media\/2757"}],"wp:attachment":[{"href":"https:\/\/paripesa.partners\/cs\/wp-json\/wp\/v2\/media?parent=2122"}],"curies":[{"name":"wp","href":"https:\/\/api.w.org\/{rel}","templated":true}]}}