{"id":2120,"date":"2023-08-30T09:17:46","date_gmt":"2023-08-30T06:17:46","guid":{"rendered":"https:\/\/paripesa.partners\/home\/"},"modified":"2025-06-11T13:58:30","modified_gmt":"2025-06-11T10:58:30","slug":"home","status":"publish","type":"page","link":"https:\/\/paripesa.partners\/cs\/","title":{"rendered":"PariPesa PARTNE\u0158I \u2013 TOP CASINO PARTNERSK\u00dd PROGRAM"},"content":{"rendered":"<section class=\"l-section wpb_row height_auto width_custom\" style=\"--site-content-width:1100px;\"><div class=\"l-section-h i-cf\"><div class=\"g-cols vc_row via_grid cols_1 laptops-cols_inherit tablets-cols_inherit mobiles-cols_1 valign_top type_default stacking_default\"><div class=\"wpb_column vc_column_container\"><div class=\"vc_column-inner\"><div class=\"w-separator size_custom\" style=\"height:30px\"><\/div><div class=\"wpb_text_column\"><div class=\"wpb_wrapper\"><h1><b>Jak se st\u00e1t \u010dlenem affiliate programu PariPesa?<\/b><\/h1>\n<p><span style=\"font-weight: 400;\">Za\u010d\u00edn\u00e1me s <\/span><span style=\"font-weight: 400;\">Partnersk\u00fd program PariPesa<\/span><span style=\"font-weight: 400;\"> je neuv\u011b\u0159iteln\u011b jednoduch\u00fd pro ka\u017ed\u00e9ho sportovn\u00edho s\u00e1zka\u0159e. Chcete-li za\u010d\u00edt svou cestu na <\/span><span style=\"font-weight: 400;\">online s\u00e1zkov\u00e1 kancel\u00e1\u0159 PariPesa<\/span><span style=\"font-weight: 400;\"> webov\u00e9 str\u00e1nky, je nutn\u00e9 nejprve proj\u00edt rychl\u00fdm registra\u010dn\u00edm procesem. Zde je n\u00e1vod, jak se st\u00e1t p\u0159idru\u017een\u00fdm podnikem:<\/span><\/p>\n<ol>\n<li><span style=\"font-weight: 400;\"> Zaregistrujte se na webu PariPesa. Vypl\u0148te formul\u00e1\u0159 a uve\u010fte pot\u0159ebn\u00e9 informace, jako je va\u0161e u\u017eivatelsk\u00e9 jm\u00e9no, heslo, jazyk, osobn\u00ed \u00fadaje, zp\u016fsob platby atd. Dokon\u010dete registraci a pokra\u010dujte.<\/span><\/li>\n<li><span style=\"font-weight: 400;\"> Vyberte si model v\u00fdd\u011blku <\/span><span style=\"font-weight: 400;\">Pobo\u010dka PariPesa<\/span><span style=\"font-weight: 400;\"> program. Vyhodno\u0165te t\u0159i dostupn\u00e9 modely v\u00fdd\u011blku a vyberte si ten, kter\u00fd v\u00e1m nejv\u00edce vyhovuje.<\/span><\/li>\n<li><span style=\"font-weight: 400;\"> P\u0159ijm\u011bte smluvn\u00ed podm\u00ednky spole\u010dnosti <\/span><span style=\"font-weight: 400;\">Partne\u0159i PariPesa <\/span><span style=\"font-weight: 400;\">program. Ne\u017e odsouhlas\u00edte podm\u00ednky webu, p\u0159e\u010dt\u011bte si pozorn\u011b v\u0161echna pravidla.<\/span><\/li>\n<\/ol>\n<p><span style=\"font-weight: 400;\">Dodr\u017een\u00edm t\u011bchto t\u0159\u00ed jednoduch\u00fdch krok\u016f m\u016f\u017eete za\u010d\u00edt vyd\u011bl\u00e1vat pen\u00edze s affiliate programem hned.<\/span><\/p>\n<h2><b>Jak z\u00edskat klienta v s\u00e1zkov\u00fdch affiliate programech?<\/b><\/h2>\n<p><span style=\"font-weight: 400;\">Chcete-li za\u010d\u00edt sv\u016fj <\/span><span style=\"font-weight: 400;\">Pobo\u010dka PariPesa<\/span><span style=\"font-weight: 400;\"> cestu, budete muset naj\u00edt nov\u00e9 u\u017eivatele, abyste se mohli p\u0159ipojit k webu a za\u010d\u00edt s\u00e1zet. Toho lze dos\u00e1hnout p\u0159il\u00e1k\u00e1n\u00edm nov\u00fdch klient\u016f prost\u0159ednictv\u00edm va\u0161ich doporu\u010duj\u00edc\u00edch odkaz\u016f a nab\u00eddkou promo k\u00f3d\u016f. Pokud zn\u00e1te svou c\u00edlovou skupinu, budete v\u011bd\u011bt, \u017ee sportovn\u00ed s\u00e1zka\u0159i a hr\u00e1\u010di v kasinech miluj\u00ed propaga\u010dn\u00ed nab\u00eddky. Zde je n\u00e1vod, jak p\u0159il\u00e1kat nov\u00e9 u\u017eivatele pomoc\u00ed propaga\u010dn\u00edho k\u00f3du:<\/span><\/p>\n<ul>\n<li><span style=\"font-weight: 400;\"> Vytvo\u0159te si propaga\u010dn\u00ed k\u00f3d p\u0159\u00edmo ve sv\u00e9m \u00fa\u010dtu.<\/span><\/li>\n<li><span style=\"font-weight: 400;\"> Nab\u00eddn\u011bte k\u00f3d kup\u00f3nu nov\u00fdm u\u017eivatel\u016fm a p\u0159ipoj\u00ed hr\u00e1\u010de k v\u00e1m, abyste mohli vyd\u011bl\u00e1vat pen\u00edze za doporu\u010den\u00ed.<\/span><\/li>\n<li><span style=\"font-weight: 400;\"> Pou\u017eijte propaga\u010dn\u00ed k\u00f3dy k z\u00edsk\u00e1n\u00ed co nejv\u011bt\u0161\u00edho po\u010dtu bonusov\u00fdch nab\u00eddek, aby byla nab\u00eddka pro nov\u00e9 s\u00e1zka\u0159e je\u0161t\u011b l\u00e1kav\u011bj\u0161\u00ed.<\/span><\/li>\n<\/ul>\n<p><span style=\"font-weight: 400;\">PariPesa je jedn\u00edm z <\/span><span style=\"font-weight: 400;\">nejlep\u0161\u00ed affiliate programy pro sportovn\u00ed s\u00e1zen\u00ed<\/span><span style=\"font-weight: 400;\"> d\u00edky lukrativn\u00edm bonus\u016fm, kter\u00e9 n\u00e1v\u0161t\u011bvn\u00edk\u016fm nab\u00edz\u00ed.<\/span><\/p>\n<h2><b>Odkazy na doporu\u010den\u00ed<\/b><\/h2>\n<p><span style=\"font-weight: 400;\">Pr\u00e1ce s doporu\u010duj\u00edc\u00edmi odkazy je jednoduch\u00e1. M\u016f\u017eete vytvo\u0159it jedine\u010dn\u00e9 odkazy na s\u00e1zkovou kancel\u00e1\u0159 a <\/span><span style=\"font-weight: 400;\">online affiliate program kasina<\/span><span style=\"font-weight: 400;\"> ve sv\u00e9m \u00fa\u010dtu a distribuovat je online. Odkazy budou sledov\u00e1ny tak\u00e9 ve va\u0161em \u00fa\u010dtu, abyste vid\u011bli v\u0161echny interakce a nov\u00e9 u\u017eivatele, kte\u0159\u00ed se p\u0159es n\u011b p\u0159ipojuj\u00ed.<\/span><\/p>\n<h2><b>Jak v\u00edte, jak\u00fd je pozdrav va\u0161eho z\u00e1kazn\u00edka?<\/b><\/h2>\n<p><span style=\"font-weight: 400;\">Existuj\u00ed r\u016fzn\u00e9 typy <\/span><span style=\"font-weight: 400;\">affiliate programy pro sportovn\u00ed s\u00e1zen\u00ed<\/span><span style=\"font-weight: 400;\">a na z\u00e1klad\u011b typu, kter\u00fd si zvol\u00edte pro sv\u00e9 v\u00fdd\u011blky, obdr\u017e\u00edte sv\u00e9 konkr\u00e9tn\u00ed odm\u011bny. Pokud si vyberete program CPA (cena za akvizici), dostanete zaplaceno poka\u017ed\u00e9, kdy\u017e nov\u00fd p\u0159edplatitel pou\u017eije v\u00e1\u0161 odkaz k vytvo\u0159en\u00ed \u00fa\u010dtu. Tot\u00e9\u017e plat\u00ed pro dal\u0161\u00ed afilia\u010dn\u00ed pl\u00e1ny.<\/span><\/p>\n<h2><b>Jak vybrat sv\u00e9 v\u00fdd\u011blky od partner\u016f PariPesa?<\/b><\/h2>\n<p><span style=\"font-weight: 400;\">PariPesa je jedn\u00edm z <\/span><span style=\"font-weight: 400;\">nejl\u00e9pe plat\u00edc\u00ed affiliate programy kasina,<\/span><span style=\"font-weight: 400;\"> a je d\u016fle\u017eit\u00e9, abyste mohli sv\u00e9 v\u00fdd\u011blky snadno vybrat. Minim\u00e1ln\u00ed \u010d\u00e1stka pro v\u00fdb\u011br je 30 dolar\u016f a tuto \u010d\u00e1stku mus\u00edte nejprve nashrom\u00e1\u017edit, ne\u017e budete moci z\u00edskat v\u00fdplatu. Existuje spousta platebn\u00edch metod, kter\u00e9 vyhovuj\u00ed v\u0161em \u2013 od elektronick\u00fdch pen\u011b\u017eenek a\u017e po \u0159e\u0161en\u00ed kryptom\u011bn. M\u016f\u017eete dostat sv\u00e9 pen\u00edze od <\/span><span style=\"font-weight: 400;\">s\u00e1zkov\u00e9 affiliate programy<\/span><span style=\"font-weight: 400;\"> pomoc\u00ed Neteller, Ecopayz, bankovn\u00edch p\u0159evod\u016f a dal\u0161\u00edch metod.<\/span><\/p>\n<h2><b>Forma a v\u00fd\u0161e odm\u011bny v affiliate programu kasina<\/b><\/h2>\n<p style=\"text-align: left;\"><span style=\"font-weight: 400;\">Partne\u0159i PariPesa<\/span><span style=\"font-weight: 400;\"> program funguje jak pro sportovn\u00ed s\u00e1zka\u0159e, tak pro hr\u00e1\u010de kasin. Pat\u0159\u00ed mezi relativn\u011b <\/span><span style=\"font-weight: 400;\">nov\u00e9 affiliate programy kasina<\/span><span style=\"font-weight: 400;\"> jak byla zalo\u017eena v roce 2019. \u00da\u010dastn\u00edci affiliate programu dost\u00e1vaj\u00ed skute\u010dn\u00e9 pen\u00edze za propagaci s\u00e1zka\u0159sk\u00e9ho webu a p\u0159il\u00e1k\u00e1n\u00ed nov\u00fdch u\u017eivatel\u016f.<\/span><\/p>\n<\/div><\/div><div class=\"w-separator size_custom\" style=\"height:50px\"><\/div><div class=\"w-hwrapper valign_top stack_on_mobiles align_center\" style=\"--hwrapper-gap:20px\"><div class=\"w-btn-wrapper align_center\"><a class=\"w-btn us-btn-style_3 us_custom_d5c74bc1\" href=\"https:\/\/combodef.com\/L?tag=d_4824699m_147506c_&amp;site=4824699&amp;ad=147506\"><span class=\"w-btn-label\">P\u0158IHL\u00c1SIT SE<\/span><\/a><\/div><div class=\"w-btn-wrapper align_center\"><a class=\"w-btn us-btn-style_1 us_custom_d5c74bc1\" href=\"https:\/\/combodef.com\/L?tag=d_4824699m_147506c_&amp;site=4824699&amp;ad=147506\"><span class=\"w-btn-label\">P\u0158IHL\u00c1SIT SE<\/span><\/a><\/div><\/div><div class=\"w-separator size_custom\" style=\"height:50px\"><\/div><div class=\"g-cols wpb_row us_custom_b6b7bf55 via_grid cols_3 laptops-cols_inherit tablets-cols_inherit mobiles-cols_1 valign_middle type_default stacking_default\"><div class=\"wpb_column vc_column_container\"><div class=\"vc_column-inner\"><div class=\"w-image align_center\"><div url class=\"w-image-h\"><img loading=\"lazy\" decoding=\"async\" width=\"53\" height=\"49\" src=\"https:\/\/paripesa.partners\/wp-content\/uploads\/2023\/09\/steps-icon-1-2.png\" class=\"attachment-full size-full\" alt=\"PariPesa PARTNE\u0158I \u2013 TOP CASINO PARTNERSK\u00dd PROGRAM\" title=\"PariPesa PARTNE\u0158I \u2013 TOP CASINO PARTNERSK\u00dd PROGRAM\" \/><\/div><\/div><div class=\"w-separator size_custom\" style=\"height:20px\"><\/div><div class=\"w-text us_custom_9371a4c5 has_text_color\"><span url class=\"w-text-h\"><span class=\"w-text-value\">Partnersk\u00fd program PariPesa<\/span><\/span><\/div><\/div><\/div><div class=\"wpb_column vc_column_container\"><div class=\"vc_column-inner\"><div class=\"w-image align_center\"><div url class=\"w-image-h\"><img loading=\"lazy\" decoding=\"async\" width=\"49\" height=\"49\" src=\"https:\/\/paripesa.partners\/wp-content\/uploads\/2023\/09\/steps-icon-2-2.png\" class=\"attachment-full size-full\" alt=\"PariPesa PARTNE\u0158I \u2013 TOP CASINO PARTNERSK\u00dd PROGRAM\" title=\"PariPesa PARTNE\u0158I \u2013 TOP CASINO PARTNERSK\u00dd PROGRAM\" \/><\/div><\/div><div class=\"w-separator size_custom\" style=\"height:20px\"><\/div><div class=\"w-text us_custom_9371a4c5 has_text_color\"><span url class=\"w-text-h\"><span class=\"w-text-value\">Partnersk\u00fd program PariPesa<\/span><\/span><\/div><\/div><\/div><div class=\"wpb_column vc_column_container\"><div class=\"vc_column-inner\"><div class=\"w-image align_center\"><div url class=\"w-image-h\"><img loading=\"lazy\" decoding=\"async\" width=\"92\" height=\"49\" src=\"https:\/\/paripesa.partners\/wp-content\/uploads\/2023\/09\/steps-icon-3-1.png\" class=\"attachment-full size-full\" alt=\"PariPesa PARTNE\u0158I \u2013 TOP CASINO PARTNERSK\u00dd PROGRAM\" title=\"PariPesa PARTNE\u0158I \u2013 TOP CASINO PARTNERSK\u00dd PROGRAM\" \/><\/div><\/div><div class=\"w-separator size_custom\" style=\"height:20px\"><\/div><div class=\"w-text us_custom_9371a4c5 has_text_color\"><span url class=\"w-text-h\"><span class=\"w-text-value\">Partnersk\u00fd program PariPesa<\/span><\/span><\/div><\/div><\/div><\/div><div class=\"w-separator size_custom\" style=\"height:50px\"><\/div><\/div><\/div><\/div><\/div><\/section><section class=\"l-section wpb_row us_custom_45afd6fa height_auto\"><div class=\"l-section-overlay\" style=\"background:rgba(0,7,86,0.50)\"><\/div><div class=\"l-section-h i-cf\"><div class=\"g-cols vc_row via_grid cols_1 laptops-cols_inherit tablets-cols_inherit mobiles-cols_1 valign_top type_default stacking_default\"><div class=\"wpb_column vc_column_container\"><div class=\"vc_column-inner\"><div class=\"w-separator size_custom\" style=\"height:50px\"><\/div><div class=\"g-cols wpb_row via_grid cols_1 laptops-cols_inherit tablets-cols_inherit mobiles-cols_1 valign_top type_default stacking_default\"><div class=\"wpb_column vc_column_container\"><div class=\"vc_column-inner\"><div class=\"wpb_text_column us_custom_81aa4fc5 has_text_color\"><div class=\"wpb_wrapper\"><p style=\"text-align: center;\"><span style=\"font-weight: 400;\">Pobo\u010dka PariPesa<\/span><\/p>\n<\/div><\/div><div class=\"w-separator size_custom\" style=\"height:30px\"><\/div><div class=\"w-btn-wrapper align_center\"><a class=\"w-btn us-btn-style_1 us_custom_d5c74bc1\" href=\"https:\/\/combodef.com\/L?tag=d_4824699m_147506c_&amp;site=4824699&amp;ad=147506\"><span class=\"w-btn-label\">P\u0158IDEJ SE TE\u010e<\/span><\/a><\/div><\/div><\/div><\/div><div class=\"w-separator size_custom\" style=\"height:50px\"><\/div><\/div><\/div><\/div><\/div><\/section><section class=\"l-section wpb_row us_custom_ed6495de height_auto width_custom\" style=\"--site-content-width:1100px;\"><div class=\"l-section-h i-cf\"><div class=\"g-cols vc_row via_grid cols_1 laptops-cols_inherit tablets-cols_inherit mobiles-cols_1 valign_top type_default stacking_default\"><div class=\"wpb_column vc_column_container\"><div class=\"vc_column-inner\"><div class=\"w-separator size_custom\" style=\"height:50px\"><\/div><div class=\"wpb_text_column us_custom_6df4bc3a has_text_color\"><div class=\"wpb_wrapper\"><\/div><\/div><div class=\"w-separator size_custom\" style=\"height:30px\"><\/div><h2 class=\"w-text us_custom_ae916b83 has_text_color\"><span url class=\"w-text-h\"><span class=\"w-text-value\">\u010cASTO KLADEN\u00c9 DOTAZY<\/span><\/span><\/h2><div class=\"w-separator size_custom\" style=\"height:30px\"><\/div><div class=\"w-tabs us_custom_3fbb5980 has_text_color style_default switch_click accordion has_scrolling\" style=\"--sections-title-size:22px\"><div class=\"w-tabs-sections titles-align_none icon_chevron cpos_right\"><div class=\"w-tabs-section\" id=\"i4c5\"><button class=\"w-tabs-section-header\" aria-controls=\"content-i4c5\" aria-expanded=\"false\"><div class=\"w-tabs-section-title\">Co je to affiliate program?<\/div><div class=\"w-tabs-section-control\"><\/div><\/button><div  class=\"w-tabs-section-content\" id=\"content-i4c5\"><div class=\"w-tabs-section-content-h i-cf\"><div class=\"wpb_text_column us_custom_dcb976c1 has_text_color\"><div class=\"wpb_wrapper\"><p><span style=\"font-weight: 400;\">A <\/span><span style=\"font-weight: 400;\">affiliate s\u00e1zkov\u00e9 str\u00e1nky<\/span><span style=\"font-weight: 400;\"> program umo\u017e\u0148uje u\u017eivatel\u016fm vyd\u011bl\u00e1vat pen\u00edze za marketing sv\u00fdch produkt\u016f nebo slu\u017eeb jin\u00fdm lidem. Nap\u0159\u00edklad program PariPesa poskytuje provize partner\u016fm za doporu\u010den\u00ed nov\u00fdch u\u017eivatel\u016f na str\u00e1nku.<\/span><\/p>\n<\/div><\/div><\/div><\/div><\/div><div class=\"w-tabs-section\" id=\"w67d\"><button class=\"w-tabs-section-header\" aria-controls=\"content-w67d\" aria-expanded=\"false\"><div class=\"w-tabs-section-title\">Jak si vybrat nejlep\u0161\u00ed affiliate programy pro sportovn\u00ed s\u00e1zen\u00ed?<\/div><div class=\"w-tabs-section-control\"><\/div><\/button><div  class=\"w-tabs-section-content\" id=\"content-w67d\"><div class=\"w-tabs-section-content-h i-cf\"><div class=\"wpb_text_column us_custom_dcb976c1 has_text_color\"><div class=\"wpb_wrapper\"><p><span style=\"font-weight: 400;\">V\u00fdb\u011br <\/span><span style=\"font-weight: 400;\">s\u00e1zkov\u00e9 affiliate programy<\/span><span style=\"font-weight: 400;\"> je podobn\u00fd v\u00fdb\u011bru s\u00e1zkov\u00fdch str\u00e1nek. Je d\u016fle\u017eit\u00e9 nejprve vyhodnotit poskytovatele s\u00e1zek. Za\u010dn\u011bte t\u00edm, \u017ee se dozv\u00edte o kvalit\u011b slu\u017eeb a pov\u011bsti zna\u010dky. Po nalezen\u00ed spolehliv\u00e9ho poskytovatele zkuste zhodnotit samotn\u00fd program. Pod\u00edvejte se na v\u00fd\u0161i proviz\u00ed a zkontrolujte, zda existuj\u00ed n\u011bjak\u00e9 vhodn\u00e9 zp\u016fsoby <\/span><\/p>\n<\/div><\/div><\/div><\/div><\/div><div class=\"w-tabs-section\" id=\"c818\"><button class=\"w-tabs-section-header\" aria-controls=\"content-c818\" aria-expanded=\"false\"><div class=\"w-tabs-section-title\">Jak\u00e9 jsou typy affiliate program\u016f?<\/div><div class=\"w-tabs-section-control\"><\/div><\/button><div  class=\"w-tabs-section-content\" id=\"content-c818\"><div class=\"w-tabs-section-content-h i-cf\"><div class=\"wpb_text_column us_custom_dcb976c1 has_text_color\"><div class=\"wpb_wrapper\"><p><span style=\"font-weight: 400;\">Existuj\u00ed r\u016fzn\u00e9 typy s\u00e1zkov\u00fdch affiliate program\u016f zalo\u017een\u00fdch na <\/span><span style=\"font-weight: 400;\">v\u00fdd\u011blky s\u00e1zkov\u00fdch pobo\u010dek<\/span><span style=\"font-weight: 400;\"> \u0159e\u0161en\u00ed. Jeden typ nab\u00edz\u00ed pen\u00edze za ka\u017ed\u00e9ho nov\u00e9ho hr\u00e1\u010de odkazovan\u00e9ho na web. Druh\u00fd typ poskytuje provize na z\u00e1klad\u011b v\u00fdd\u011blk\u016f doporu\u010den\u00fdch u\u017eivatel\u016f. A t\u0159et\u00ed typ je kombinac\u00ed dvou t\u011bchto druh\u016f affiliate program\u016f.<\/span><\/p>\n<\/div><\/div><\/div><\/div><\/div><div class=\"w-tabs-section\" id=\"a9f3\"><button class=\"w-tabs-section-header\" aria-controls=\"content-a9f3\" aria-expanded=\"false\"><div class=\"w-tabs-section-title\">Jak\u00e9 jsou typy p\u0159idru\u017een\u00fdch s\u00e1zkov\u00fdch str\u00e1nek?<\/div><div class=\"w-tabs-section-control\"><\/div><\/button><div  class=\"w-tabs-section-content\" id=\"content-a9f3\"><div class=\"w-tabs-section-content-h i-cf\"><div class=\"wpb_text_column us_custom_dcb976c1 has_text_color\"><div class=\"wpb_wrapper\"><p><span style=\"font-weight: 400;\">Jako tam jsou r\u016fzn\u00e9 <\/span><span style=\"font-weight: 400;\">s\u00e1zkov\u00e9 affiliate programy<\/span><span style=\"font-weight: 400;\">, mohou u\u017eivatel\u00e9 tak\u00e9 objevit r\u016fzn\u00e9 s\u00e1zka\u0159sk\u00e9 weby. S\u00e1zkov\u00e9 str\u00e1nky lze rozd\u011blit do r\u016fzn\u00fdch kategori\u00ed na z\u00e1klad\u011b r\u016fzn\u00fdch charakteristik. Existuj\u00ed nap\u0159\u00edklad webov\u00e9 str\u00e1nky pro sportovn\u00ed s\u00e1zen\u00ed v\u011bnovan\u00e9 konkr\u00e9tn\u00edm druh\u016fm sport\u016f, jako je fotbal, fotbal, basketbal, tenis a dal\u0161\u00ed. Alternativn\u011b mohou platformy pro sportovn\u00ed s\u00e1zen\u00ed nab\u00edzet r\u016fzn\u00e9 slu\u017eby, nap\u0159\u00edklad n\u011bkter\u00e9 z nich <\/span><span style=\"font-weight: 400;\">nejlep\u0161\u00ed affiliate programy kasina<\/span><span style=\"font-weight: 400;\">, s\u00e1zen\u00ed na digit\u00e1ln\u00ed sporty, nebo i s\u00e1zen\u00ed na nesportovn\u00ed ud\u00e1losti.<\/span><\/p>\n<\/div><\/div><\/div><\/div><\/div><\/div><\/div><div class=\"w-separator size_custom\" style=\"height:30px\"><\/div><\/div><\/div><\/div><\/div><\/section>\n","protected":false},"excerpt":{"rendered":"Jak se st\u00e1t \u010dlenem affiliate programu PariPesa? Za\u010d\u00edn\u00e1me s Partnersk\u00fd program PariPesa je neuv\u011b\u0159iteln\u011b jednoduch\u00fd pro ka\u017ed\u00e9ho sportovn\u00edho s\u00e1zka\u0159e. Chcete-li za\u010d\u00edt svou cestu na online s\u00e1zkov\u00e1 kancel\u00e1\u0159 PariPesa webov\u00e9 str\u00e1nky, je nutn\u00e9 nejprve proj\u00edt rychl\u00fdm registra\u010dn\u00edm procesem. Zde je n\u00e1vod, jak se st\u00e1t p\u0159idru\u017een\u00fdm podnikem: Zaregistrujte se na webu PariPesa. Vypl\u0148te formul\u00e1\u0159 a uve\u010fte pot\u0159ebn\u00e9...","protected":false},"author":1,"featured_media":2820,"parent":0,"menu_order":0,"comment_status":"closed","ping_status":"closed","template":"","meta":{"footnotes":""},"class_list":["post-2120","page","type-page","status-publish","has-post-thumbnail","hentry"],"_links":{"self":[{"href":"https:\/\/paripesa.partners\/cs\/wp-json\/wp\/v2\/pages\/2120","targetHints":{"allow":["GET"]}}],"collection":[{"href":"https:\/\/paripesa.partners\/cs\/wp-json\/wp\/v2\/pages"}],"about":[{"href":"https:\/\/paripesa.partners\/cs\/wp-json\/wp\/v2\/types\/page"}],"author":[{"embeddable":true,"href":"https:\/\/paripesa.partners\/cs\/wp-json\/wp\/v2\/users\/1"}],"replies":[{"embeddable":true,"href":"https:\/\/paripesa.partners\/cs\/wp-json\/wp\/v2\/comments?post=2120"}],"version-history":[{"count":2,"href":"https:\/\/paripesa.partners\/cs\/wp-json\/wp\/v2\/pages\/2120\/revisions"}],"predecessor-version":[{"id":12652,"href":"https:\/\/paripesa.partners\/cs\/wp-json\/wp\/v2\/pages\/2120\/revisions\/12652"}],"wp:featuredmedia":[{"embeddable":true,"href":"https:\/\/paripesa.partners\/cs\/wp-json\/wp\/v2\/media\/2820"}],"wp:attachment":[{"href":"https:\/\/paripesa.partners\/cs\/wp-json\/wp\/v2\/media?parent=2120"}],"curies":[{"name":"wp","href":"https:\/\/api.w.org\/{rel}","templated":true}]}}