{"id":2098,"date":"2023-08-30T13:53:51","date_gmt":"2023-08-30T10:53:51","guid":{"rendered":"https:\/\/paripesa.partners\/app\/"},"modified":"2024-05-03T12:51:47","modified_gmt":"2024-05-03T09:51:47","slug":"app","status":"publish","type":"page","link":"https:\/\/paripesa.partners\/az\/app\/","title":{"rendered":"PariPesa PROQRAMI: PROQRAMI AZ\u018fRBAYCANDA END\u0130R\u0130N"},"content":{"rendered":"<section class=\"l-section wpb_row us_custom_ed6495de height_auto width_custom\" style=\"--site-content-width:1100px;\"><div class=\"l-section-h i-cf\"><div class=\"g-cols vc_row via_grid cols_1 laptops-cols_inherit tablets-cols_inherit mobiles-cols_1 valign_top type_default stacking_default\"><div class=\"wpb_column vc_column_container\"><div class=\"vc_column-inner\"><div class=\"w-separator size_custom\" style=\"height:30px\"><\/div><ol class=\"g-breadcrumbs separator_icon align_none\" role=\"navigation\" itemscope itemtype=\"http:\/\/schema.org\/BreadcrumbList\"><li class=\"g-breadcrumbs-item\" itemscope itemprop=\"itemListElement\" itemtype=\"http:\/\/schema.org\/ListItem\"><a itemprop=\"item\" href=\"https:\/\/paripesa.partners\/az\/\"><span itemprop=\"name\">\u018fsas s\u0259hif\u0259<\/span><\/a><meta itemprop=\"position\" content=\"1\"\/><\/li><li class=\"g-breadcrumbs-separator\"><i class=\"far fa-angle-right\"><\/i><\/li><li class=\"g-breadcrumbs-item\">S\u0259hif\u0259l\u0259r<\/li><\/ol><div class=\"w-separator size_custom\" style=\"height:30px\"><\/div><div class=\"wpb_text_column\"><div class=\"wpb_wrapper\"><h1><span style=\"font-weight: 400;\">\ud83d\udcf1 Yeni PariPesaya xo\u015f g\u0259lmisinizmobil idman bahis proqram\u0131! \ud83c\udf89<\/span><\/h1>\n<p><span style=\"font-weight: 400;\">Bizim istifad\u0259\u00e7i dostu v\u0259 innovativ proqram\u0131m\u0131z say\u0259sind\u0259 indi harada olursunuzsa olun, smartfon v\u0259 ya plan\u015fetinizd\u0259 sevimli Paripesa kazino oyunlar\u0131ndan h\u0259zz ala bil\u0259rsiniz!<\/span><\/p>\n<h2><span style=\"font-weight: 400;\">PariPesa t\u0259tbiqind\u0259n istifad\u0259 etm\u0259yin b\u0259zi \u00fcst\u00fcnl\u00fckl\u0259ri bunlard\u0131r:<\/span><\/h2>\n<ul>\n<li style=\"font-weight: 400;\" aria-level=\"1\"><span style=\"font-weight: 400;\">\ud83c\udfb0 M\u00fcxt\u0259lif oyunlar: il\u0259<\/span><b>qumar m\u0259rc proqram\u0131<\/b><span style=\"font-weight: 400;\"> slot, rulet, blackjack, poker v\u0259 daha \u00e7ox daxil olmaqla y\u00fczl\u0259rl\u0259 maraql\u0131 oyun aras\u0131ndan se\u00e7im ed\u0259 bil\u0259rsiniz.<\/span><\/li>\n<li style=\"font-weight: 400;\" aria-level=\"1\"><span style=\"font-weight: 400;\">\ud83d\udcb0 T\u0259hl\u00fck\u0259sizlik v\u0259 Rahatl\u0131q: T\u0259tbiqimiz t\u0259hl\u00fck\u0259sizliyinizi v\u0259 m\u0259xfiliyinizi t\u0259min ed\u0259r\u0259k, he\u00e7 bir narahat\u00e7\u0131l\u0131q olmadan oyundan h\u0259zz alma\u011fa imkan verir.<\/span><\/li>\n<li style=\"font-weight: 400;\" aria-level=\"1\"><span style=\"font-weight: 400;\">\ud83d\udcc8 T\u0259r\u0259qqi v\u0259 udu\u015flar: t\u0259r\u0259qqinizi izl\u0259yin v\u0259 h\u0259mi\u015f\u0259 oyununuzun ba\u015f\u0131nda olmaq \u00fc\u00e7\u00fcn real vaxtda udu\u015flar\u0131n\u0131z\u0131 yoxlay\u0131n.<\/span><\/li>\n<li style=\"font-weight: 400;\" aria-level=\"1\"><span style=\"font-weight: 400;\">\ud83d\udd25 Ekskl\u00fcziv t\u0259klifl\u0259r: \u00d6z\u00fcn\u00fcz\u0259 qazanmaq \u00fc\u00e7\u00fcn daha \u00e7ox \u015fans verm\u0259k \u00fc\u00e7\u00fcn yaln\u0131z t\u0259tbiqimiz vasit\u0259sil\u0259 m\u00f6vcud olan ekskl\u00fcziv promosyonlara v\u0259 promo kodlara giri\u015f \u0259ld\u0259 edin.<\/span><\/li>\n<\/ul>\n<p><span style=\"font-weight: 400;\">Do\u011frudan mobil cihaz\u0131n\u0131zda unudulmaz oyun t\u0259cr\u00fcb\u0259si v\u0259 b\u00f6y\u00fck udu\u015flar \u0259ld\u0259 etm\u0259k \u015fans\u0131n\u0131z\u0131 qa\u00e7\u0131rmay\u0131n! PariPesan\u0131 y\u00fckl\u0259yin<\/span><b>onlayn m\u0259rc idman proqram\u0131<\/b> <span style=\"font-weight: 400;\">bu g\u00fcn v\u0259 bizim maraql\u0131 oyun c\u0259miyy\u0259timiz\u0259 qo\u015fulun!<\/span><\/p>\n<\/div><\/div><div class=\"w-separator size_custom\" style=\"height:30px\"><\/div><div class=\"w-btn-wrapper align_center\"><a class=\"w-btn us-btn-style_1\" href=\"https:\/\/combodef.com\/L?tag=d_4824699m_147506c_&amp;site=4824699&amp;ad=147506\"><span class=\"w-btn-label\">\u0130ND\u0130 QO\u015eUL<\/span><\/a><\/div><div class=\"w-separator size_custom\" style=\"height:30px\"><\/div><h2 class=\"w-text us_custom_d01ea1f6 has_text_color\"><span url class=\"w-text-h\"><span class=\"w-text-value\">\u018fN \u00dcST\u00dcN SUALLAR<\/span><\/span><\/h2><div class=\"w-separator size_custom\" style=\"height:30px\"><\/div><div class=\"w-tabs us_custom_3fbb5980 has_text_color style_default switch_click accordion has_scrolling\" style=\"--sections-title-size:22px\"><div class=\"w-tabs-sections titles-align_none icon_chevron cpos_right\"><div class=\"w-tabs-section\" id=\"ce04\"><button class=\"w-tabs-section-header\" aria-controls=\"content-ce04\" aria-expanded=\"false\"><div class=\"w-tabs-section-title\">M\u018fN MOB\u0130L\u0130MD\u018fN \u0130ST\u0130FAD\u018f OLARAQ REAL PULLARA M\u018fC\u018fR OLARMI?<\/div><div class=\"w-tabs-section-control\"><\/div><\/button><div  class=\"w-tabs-section-content\" id=\"content-ce04\"><div class=\"w-tabs-section-content-h i-cf\"><div class=\"wpb_text_column us_custom_dcb976c1 has_text_color\"><div class=\"wpb_wrapper\"><p>B\u0259li, siz b\u00fct\u00fcn depozit \u00fcsullar\u0131ndan istifad\u0259 ed\u0259 v\u0259 real pul m\u0259rcl\u0259ri ed\u0259 bil\u0259rsiniz.<\/p>\n<\/div><\/div><\/div><\/div><\/div><div class=\"w-tabs-section\" id=\"mf2f\"><button class=\"w-tabs-section-header\" aria-controls=\"content-mf2f\" aria-expanded=\"false\"><div class=\"w-tabs-section-title\">M\u0259n PariPesa T\u018fTB\u0130Q\u0130ND\u018f XO\u015e G\u018fLM\u018f BONUSU ALA B\u0130L\u018fR\u018fM?<\/div><div class=\"w-tabs-section-control\"><\/div><\/button><div  class=\"w-tabs-section-content\" id=\"content-mf2f\"><div class=\"w-tabs-section-content-h i-cf\"><div class=\"wpb_text_column us_custom_dcb976c1 has_text_color\"><div class=\"wpb_wrapper\"><p>B\u0259li, mobil cihaz\u0131ndan istifad\u0259 ed\u0259r\u0259k qeydiyyatdan ke\u00e7\u0259n h\u0259r k\u0259s depozit qoyduqdan sonra xo\u015f g\u0259lmisiniz bonusu \u0259ld\u0259 ed\u0259 bil\u0259r.<\/p>\n<\/div><\/div><\/div><\/div><\/div><div class=\"w-tabs-section\" id=\"z02a\"><button class=\"w-tabs-section-header\" aria-controls=\"content-z02a\" aria-expanded=\"false\"><div class=\"w-tabs-section-title\">M\u018fN BUKMEYKER MOB\u0130L T\u018fTB\u0130Q\u0130ND\u018fN \u0130ST\u0130FAD\u018f ED\u0130L\u018fK udu\u015flar\u0131m\u0131 geri g\u00f6t\u00fcr\u0259 bil\u0259r\u0259mmi?<\/div><div class=\"w-tabs-section-control\"><\/div><\/button><div  class=\"w-tabs-section-content\" id=\"content-z02a\"><div class=\"w-tabs-section-content-h i-cf\"><div class=\"wpb_text_column us_custom_dcb976c1 has_text_color\"><div class=\"wpb_wrapper\"><p>B\u0259li, udu\u015flar\u0131n\u0131z\u0131 \u0259ld\u0259 etm\u0259k \u00fc\u00e7\u00fcn bir \u00e7ox pul \u00e7\u0131xarma \u00fcsullar\u0131 aras\u0131ndan se\u00e7im ed\u0259 bil\u0259rsiniz.<\/p>\n<\/div><\/div><\/div><\/div><\/div><div class=\"w-tabs-section\" id=\"o105\"><button class=\"w-tabs-section-header\" aria-controls=\"content-o105\" aria-expanded=\"false\"><div class=\"w-tabs-section-title\">MEN Smartfonuma T\u018fTB\u0130Q Y\u00dcKL\u018fM\u018f OLAR?<\/div><div class=\"w-tabs-section-control\"><\/div><\/button><div  class=\"w-tabs-section-content\" id=\"content-o105\"><div class=\"w-tabs-section-content-h i-cf\"><div class=\"wpb_text_column us_custom_dcb976c1 has_text_color\"><div class=\"wpb_wrapper\"><p>B\u0259li, siz onu Apple Store, Google Play v\u0259 ya PariPesa sayt\u0131ndan y\u00fckl\u0259y\u0259 bil\u0259rsiniz.<\/p>\n<\/div><\/div><\/div><\/div><\/div><\/div><\/div><div class=\"w-separator size_custom\" style=\"height:30px\"><\/div><\/div><\/div><\/div><\/div><\/section>\n","protected":false},"excerpt":{"rendered":"\u018fsas s\u0259hif\u0259S\u0259hif\u0259l\u0259r\ud83d\udcf1 Yeni PariPesaya xo\u015f g\u0259lmisinizmobil idman bahis proqram\u0131! \ud83c\udf89 Bizim istifad\u0259\u00e7i dostu v\u0259 innovativ proqram\u0131m\u0131z say\u0259sind\u0259 indi harada olursunuzsa olun, smartfon v\u0259 ya plan\u015fetinizd\u0259 sevimli Paripesa kazino oyunlar\u0131ndan h\u0259zz ala bil\u0259rsiniz! PariPesa t\u0259tbiqind\u0259n istifad\u0259 etm\u0259yin b\u0259zi \u00fcst\u00fcnl\u00fckl\u0259ri bunlard\u0131r: \ud83c\udfb0 M\u00fcxt\u0259lif oyunlar: il\u0259qumar m\u0259rc proqram\u0131 slot, rulet, blackjack, poker v\u0259 daha \u00e7ox daxil olmaqla y\u00fczl\u0259rl\u0259...","protected":false},"author":1,"featured_media":2753,"parent":0,"menu_order":0,"comment_status":"closed","ping_status":"closed","template":"","meta":{"footnotes":""},"class_list":["post-2098","page","type-page","status-publish","has-post-thumbnail","hentry"],"_links":{"self":[{"href":"https:\/\/paripesa.partners\/az\/wp-json\/wp\/v2\/pages\/2098","targetHints":{"allow":["GET"]}}],"collection":[{"href":"https:\/\/paripesa.partners\/az\/wp-json\/wp\/v2\/pages"}],"about":[{"href":"https:\/\/paripesa.partners\/az\/wp-json\/wp\/v2\/types\/page"}],"author":[{"embeddable":true,"href":"https:\/\/paripesa.partners\/az\/wp-json\/wp\/v2\/users\/1"}],"replies":[{"embeddable":true,"href":"https:\/\/paripesa.partners\/az\/wp-json\/wp\/v2\/comments?post=2098"}],"version-history":[{"count":2,"href":"https:\/\/paripesa.partners\/az\/wp-json\/wp\/v2\/pages\/2098\/revisions"}],"predecessor-version":[{"id":3580,"href":"https:\/\/paripesa.partners\/az\/wp-json\/wp\/v2\/pages\/2098\/revisions\/3580"}],"wp:featuredmedia":[{"embeddable":true,"href":"https:\/\/paripesa.partners\/az\/wp-json\/wp\/v2\/media\/2753"}],"wp:attachment":[{"href":"https:\/\/paripesa.partners\/az\/wp-json\/wp\/v2\/media?parent=2098"}],"curies":[{"name":"wp","href":"https:\/\/api.w.org\/{rel}","templated":true}]}}