{"id":2096,"date":"2023-08-30T09:17:46","date_gmt":"2023-08-30T06:17:46","guid":{"rendered":"https:\/\/paripesa.partners\/home\/"},"modified":"2025-06-11T13:56:40","modified_gmt":"2025-06-11T10:56:40","slug":"home","status":"publish","type":"page","link":"https:\/\/paripesa.partners\/az\/","title":{"rendered":"PariPesa PARTNERS \u2013 \u018fN YAX\u015eI KAZ\u0130NO PARTNYOR PROQRAMI"},"content":{"rendered":"<section class=\"l-section wpb_row height_auto width_custom\" style=\"--site-content-width:1100px;\"><div class=\"l-section-h i-cf\"><div class=\"g-cols vc_row via_grid cols_1 laptops-cols_inherit tablets-cols_inherit mobiles-cols_1 valign_top type_default stacking_default\"><div class=\"wpb_column vc_column_container\"><div class=\"vc_column-inner\"><div class=\"w-separator size_custom\" style=\"height:30px\"><\/div><div class=\"wpb_text_column\"><div class=\"wpb_wrapper\"><h1><b>PariPesa Affiliate Proqram\u0131na nec\u0259 \u00fczv olmaq olar?<\/b><\/h1>\n<p><span style=\"font-weight: 400;\">il\u0259 ba\u015flamaq <\/span><span style=\"font-weight: 400;\">PariPesa ortaq proqram\u0131<\/span><span style=\"font-weight: 400;\"> h\u0259r hans\u0131 bir idman bahis\u00e7isi \u00fc\u00e7\u00fcn inan\u0131lmaz d\u0259r\u0259c\u0259d\u0259 sad\u0259dir. S\u0259yah\u0259tiniz\u0259 ba\u015flamaq \u00fc\u00e7\u00fcn <\/span><span style=\"font-weight: 400;\">PariPesa onlayn bukmeyker kontoru<\/span><span style=\"font-weight: 400;\"> vebsayt \u00fc\u00e7\u00fcn \u0259vv\u0259lc\u0259 s\u00fcr\u0259tli qeydiyyat prosesind\u0259n ke\u00e7m\u0259k laz\u0131md\u0131r. Budur, nec\u0259 filial olursunuz:<\/span><\/p>\n<ol>\n<li><span style=\"font-weight: 400;\"> PariPesa sayt\u0131nda qeydiyyatdan ke\u00e7in. \u0130stifad\u0259\u00e7i ad\u0131n\u0131z, parolunuz, diliniz, \u015f\u0259xsi m\u0259lumat\u0131n\u0131z, \u00f6d\u0259ni\u015f metodunuz v\u0259 s. kimi laz\u0131mi m\u0259lumatlar\u0131 t\u0259qdim ed\u0259n forman\u0131 doldurun. Davam etm\u0259k \u00fc\u00e7\u00fcn qeydiyyat\u0131 tamamlay\u0131n.<\/span><\/li>\n<li><span style=\"font-weight: 400;\"> Sizin \u00fc\u00e7\u00fcn qazanc modelini se\u00e7in <\/span><span style=\"font-weight: 400;\">PariPesa filial\u0131<\/span><span style=\"font-weight: 400;\"> proqram. M\u00f6vcud \u00fc\u00e7 qazanc modelini qiym\u0259tl\u0259ndirin v\u0259 siz\u0259 \u0259n uy\u011fun olan\u0131 se\u00e7in.<\/span><\/li>\n<li><span style=\"font-weight: 400;\"> \u015e\u0259rt v\u0259 \u015f\u0259rtl\u0259ri q\u0259bul edin <\/span><span style=\"font-weight: 400;\">PariPesa t\u0259r\u0259fda\u015flar\u0131 <\/span><span style=\"font-weight: 400;\">proqram. Veb sayt\u0131n \u015f\u0259rtl\u0259ri il\u0259 raz\u0131la\u015fmadan \u0259vv\u0259l b\u00fct\u00fcn qaydalar\u0131 diqq\u0259tl\u0259 oxuma\u011f\u0131n\u0131zdan \u0259min olun.<\/span><\/li>\n<\/ol>\n<p><span style=\"font-weight: 400;\">Bu \u00fc\u00e7 asan add\u0131m\u0131 izl\u0259m\u0259kl\u0259, siz ortaq proqramla d\u0259rhal pul qazanma\u011fa ba\u015flaya bil\u0259rsiniz.<\/span><\/p>\n<h2><b>Bahis ortaq proqramlar\u0131nda m\u00fc\u015ft\u0259rini nec\u0259 \u0259ld\u0259 etm\u0259k olar?<\/b><\/h2>\n<p><span style=\"font-weight: 400;\">Ba\u015flamaq \u00fc\u00e7\u00fcn <\/span><span style=\"font-weight: 400;\">PariPesa filial\u0131<\/span><span style=\"font-weight: 400;\"> s\u0259yah\u0259t, vebsayta qo\u015fulmaq v\u0259 m\u0259rc etm\u0259y\u0259 ba\u015flamaq \u00fc\u00e7\u00fcn yeni istifad\u0259\u00e7il\u0259r tapmal\u0131 olacaqs\u0131n\u0131z. Bu, istinad ba\u011flant\u0131lar\u0131n\u0131z vasit\u0259sil\u0259 yeni m\u00fc\u015ft\u0259ril\u0259r c\u0259lb etm\u0259kl\u0259 v\u0259 onlara promo kodlar t\u0259klif etm\u0259kl\u0259 edil\u0259 bil\u0259r. H\u0259d\u0259f auditoriyan\u0131z\u0131 bilirsinizs\u0259, idman m\u0259rc\u00e7il\u0259ri v\u0259 kazino qumarbazlar\u0131n\u0131n promosyon t\u0259klifl\u0259rini sevdiyini bil\u0259c\u0259ksiniz. Promo kodu il\u0259 yeni istifad\u0259\u00e7il\u0259ri nec\u0259 c\u0259lb edirsiniz:<\/span><\/p>\n<ul>\n<li><span style=\"font-weight: 400;\"> Hesab\u0131n\u0131zda promosyon kodu yarad\u0131n.<\/span><\/li>\n<li><span style=\"font-weight: 400;\"> Yeni istifad\u0259\u00e7il\u0259r\u0259 kupon kodu t\u0259klif edin v\u0259 o, referal pulu qazanmaq \u00fc\u00e7\u00fcn oyun\u00e7unu siz\u0259 \u0259lav\u0259 ed\u0259c\u0259k.<\/span><\/li>\n<li><span style=\"font-weight: 400;\"> T\u0259klifi yeni m\u0259rc ed\u0259nl\u0259r \u00fc\u00e7\u00fcn daha da c\u0259lbedici etm\u0259k \u00fc\u00e7\u00fcn m\u00fcmk\u00fcn q\u0259d\u0259r \u00e7ox bonus s\u00f6vd\u0259l\u0259\u015fm\u0259l\u0259ri toplamaq \u00fc\u00e7\u00fcn promo kodlardan istifad\u0259 edin.<\/span><\/li>\n<\/ul>\n<p><span style=\"font-weight: 400;\">PariPesa biridir <\/span><span style=\"font-weight: 400;\">\u0259n yax\u015f\u0131 idman bahis ortaq proqramlar\u0131<\/span><span style=\"font-weight: 400;\"> ziyar\u0259t\u00e7il\u0259r\u0259 t\u0259klif etdiyi g\u0259lirli bonuslar say\u0259sind\u0259.<\/span><\/p>\n<h2><b>\u0130stinad ba\u011flant\u0131lar\u0131<\/b><\/h2>\n<p><span style=\"font-weight: 400;\">\u0130stinad ba\u011flant\u0131lar\u0131 il\u0259 i\u015fl\u0259m\u0259k sad\u0259dir. Siz idman kitab\u00e7as\u0131na v\u0259 dig\u0259rl\u0259rin\u0259 unikal ba\u011flant\u0131lar yarada bil\u0259rsiniz <\/span><span style=\"font-weight: 400;\">kazino onlayn ortaq proqram\u0131<\/span><span style=\"font-weight: 400;\"> hesab\u0131n\u0131za daxil edin v\u0259 onlar\u0131 onlayn yay\u0131mlay\u0131n. B\u00fct\u00fcn qar\u015f\u0131l\u0131ql\u0131 \u0259laq\u0259l\u0259ri v\u0259 onlar vasit\u0259sil\u0259 qo\u015fulan yeni istifad\u0259\u00e7il\u0259ri g\u00f6rm\u0259k \u00fc\u00e7\u00fcn ba\u011flant\u0131lar hesab\u0131n\u0131zda izl\u0259nil\u0259c\u0259k.<\/span><\/p>\n<h2><b>M\u00fc\u015ft\u0259rinizin salam\u0131n\u0131n n\u0259 oldu\u011funu nec\u0259 bilirsiniz?<\/b><\/h2>\n<p><span style=\"font-weight: 400;\">M\u00fcxt\u0259lif n\u00f6vl\u0259ri var <\/span><span style=\"font-weight: 400;\">idman bahisl\u0259ri ortaq proqramlar\u0131<\/span><span style=\"font-weight: 400;\">, v\u0259 qazanc\u0131n\u0131z \u00fc\u00e7\u00fcn se\u00e7diyiniz n\u00f6v\u0259 \u0259sas\u0259n, x\u00fcsusi m\u00fckafatlar\u0131n\u0131z\u0131 alacaqs\u0131n\u0131z. \u018fg\u0259r siz CPA proqram\u0131n\u0131 se\u00e7s\u0259niz (al\u0131nma \u00fczr\u0259 x\u0259rc), h\u0259r d\u0259f\u0259 yeni abun\u0259\u00e7i hesab yaratmaq \u00fc\u00e7\u00fcn linkinizd\u0259n istifad\u0259 etdikd\u0259 siz \u00f6d\u0259ni\u015f alacaqs\u0131n\u0131z. Eyni \u015fey dig\u0259r birl\u0259\u015fm\u0259 planlar\u0131na da aiddir.<\/span><\/p>\n<h2><b>PariPesa t\u0259r\u0259fda\u015flar\u0131ndan qazanc\u0131n\u0131z\u0131 nec\u0259 \u00e7\u0131xarmaq olar?<\/b><\/h2>\n<p><span style=\"font-weight: 400;\">PariPesa biridir <\/span><span style=\"font-weight: 400;\">\u0259n y\u00fcks\u0259k \u00f6d\u0259ni\u015fli kazino ortaq proqramlar\u0131,<\/span><span style=\"font-weight: 400;\"> v\u0259 qazanc\u0131n\u0131z\u0131 asanl\u0131qla geri ala bilm\u0259k vacibdir. Minimum pul \u00e7\u0131xarma m\u0259bl\u0259\u011fi 30 dollard\u0131r v\u0259 siz \u00f6d\u0259ni\u015finizi \u0259ld\u0259 etm\u0259zd\u0259n \u0259vv\u0259l bu m\u0259bl\u0259\u011fi toplamal\u0131s\u0131n\u0131z. Elektron pul kis\u0259l\u0259rind\u0259n tutmu\u015f kriptovalyuta h\u0259ll\u0259rin\u0259 q\u0259d\u0259r h\u0259r k\u0259s\u0259 uy\u011fun bir \u00e7ox \u00f6d\u0259ni\u015f \u00fcsullar\u0131 m\u00f6vcuddur. Pulunuzu buradan ala bil\u0259rsiniz <\/span><span style=\"font-weight: 400;\">bahis ortaq proqramlar\u0131<\/span><span style=\"font-weight: 400;\"> Neteller, Ecopayz, bank k\u00f6\u00e7\u00fcrm\u0259l\u0259ri v\u0259 dig\u0259r \u00fcsullardan istifad\u0259 etm\u0259kl\u0259.<\/span><\/p>\n<h2><b>Kazino ortaq proqram\u0131nda m\u00fckafat\u0131n formas\u0131 v\u0259 m\u0259bl\u0259\u011fi<\/b><\/h2>\n<p style=\"text-align: center;\"><span style=\"font-weight: 400;\">PariPesa t\u0259r\u0259fda\u015flar\u0131<\/span><span style=\"font-weight: 400;\"> proqram h\u0259m idman bahis\u00e7il\u0259ri, h\u0259m d\u0259 kazino oyun\u00e7ular\u0131 \u00fc\u00e7\u00fcn i\u015fl\u0259yir. Nisb\u0259t\u0259n biridir <\/span><span style=\"font-weight: 400;\">yeni casino ortaq proqramlar\u0131<\/span><span style=\"font-weight: 400;\"> 2019-cu ild\u0259 t\u0259sis edildiyi kimi. Filial proqram\u0131n\u0131n i\u015ftirak\u00e7\u0131lar\u0131 m\u0259rc sayt\u0131n\u0131 tan\u0131tmaq v\u0259 yeni istifad\u0259\u00e7il\u0259ri c\u0259lb etm\u0259k \u00fc\u00e7\u00fcn real pul al\u0131rlar.<\/span><\/p>\n<\/div><\/div><div class=\"w-separator size_custom\" style=\"height:50px\"><\/div><div class=\"w-hwrapper valign_top stack_on_mobiles align_center\" style=\"--hwrapper-gap:20px\"><div class=\"w-btn-wrapper align_center\"><a class=\"w-btn us-btn-style_3 us_custom_d5c74bc1\" href=\"https:\/\/combodef.com\/L?tag=d_4824699m_147506c_&amp;site=4824699&amp;ad=147506\"><span class=\"w-btn-label\">ANMELDEN<\/span><\/a><\/div><div class=\"w-btn-wrapper align_center\"><a class=\"w-btn us-btn-style_1 us_custom_d5c74bc1\" href=\"https:\/\/combodef.com\/L?tag=d_4824699m_147506c_&amp;site=4824699&amp;ad=147506\"><span class=\"w-btn-label\">ANMELDEN<\/span><\/a><\/div><\/div><div class=\"w-separator size_custom\" style=\"height:50px\"><\/div><div class=\"g-cols wpb_row us_custom_b6b7bf55 via_grid cols_3 laptops-cols_inherit tablets-cols_inherit mobiles-cols_1 valign_middle type_default stacking_default\"><div class=\"wpb_column vc_column_container\"><div class=\"vc_column-inner\"><div class=\"w-image align_center\"><div url class=\"w-image-h\"><img loading=\"lazy\" decoding=\"async\" width=\"53\" height=\"49\" src=\"https:\/\/paripesa.partners\/wp-content\/uploads\/2023\/09\/steps-icon-1-2.png\" class=\"attachment-full size-full\" alt=\"PariPesa PARTNERS \u2013 \u018fN YAX\u015eI KAZ\u0130NO PARTNYOR PROQRAMI\" title=\"PariPesa PARTNERS \u2013 \u018fN YAX\u015eI KAZ\u0130NO PARTNYOR PROQRAMI\" \/><\/div><\/div><div class=\"w-separator size_custom\" style=\"height:20px\"><\/div><h3 class=\"w-text us_custom_9371a4c5 has_text_color\"><span url class=\"w-text-h\"><span class=\"w-text-value\">PariPesa ortaq proqram\u0131<\/span><\/span><\/h3><\/div><\/div><div class=\"wpb_column vc_column_container\"><div class=\"vc_column-inner\"><div class=\"w-image align_center\"><div url class=\"w-image-h\"><img loading=\"lazy\" decoding=\"async\" width=\"49\" height=\"49\" src=\"https:\/\/paripesa.partners\/wp-content\/uploads\/2023\/09\/steps-icon-2-2.png\" class=\"attachment-full size-full\" alt=\"PariPesa PARTNERS \u2013 \u018fN YAX\u015eI KAZ\u0130NO PARTNYOR PROQRAMI\" title=\"PariPesa PARTNERS \u2013 \u018fN YAX\u015eI KAZ\u0130NO PARTNYOR PROQRAMI\" \/><\/div><\/div><div class=\"w-separator size_custom\" style=\"height:20px\"><\/div><div class=\"w-text us_custom_9371a4c5 has_text_color\"><span url class=\"w-text-h\"><span class=\"w-text-value\">PariPesa ortaq proqram\u0131<\/span><\/span><\/div><\/div><\/div><div class=\"wpb_column vc_column_container\"><div class=\"vc_column-inner\"><div class=\"w-image align_center\"><div url class=\"w-image-h\"><img loading=\"lazy\" decoding=\"async\" width=\"92\" height=\"49\" src=\"https:\/\/paripesa.partners\/wp-content\/uploads\/2023\/09\/steps-icon-3-1.png\" class=\"attachment-full size-full\" alt=\"PariPesa PARTNERS \u2013 \u018fN YAX\u015eI KAZ\u0130NO PARTNYOR PROQRAMI\" title=\"PariPesa PARTNERS \u2013 \u018fN YAX\u015eI KAZ\u0130NO PARTNYOR PROQRAMI\" \/><\/div><\/div><div class=\"w-separator size_custom\" style=\"height:20px\"><\/div><div class=\"w-text us_custom_9371a4c5 has_text_color\"><span url class=\"w-text-h\"><span class=\"w-text-value\">PariPesa ortaq proqram\u0131<\/span><\/span><\/div><\/div><\/div><\/div><div class=\"w-separator size_custom\" style=\"height:50px\"><\/div><\/div><\/div><\/div><\/div><\/section><section class=\"l-section wpb_row us_custom_45afd6fa height_auto\"><div class=\"l-section-overlay\" style=\"background:rgba(0,7,86,0.50)\"><\/div><div class=\"l-section-h i-cf\"><div class=\"g-cols vc_row via_grid cols_1 laptops-cols_inherit tablets-cols_inherit mobiles-cols_1 valign_top type_default stacking_default\"><div class=\"wpb_column vc_column_container\"><div class=\"vc_column-inner\"><div class=\"w-separator size_custom\" style=\"height:50px\"><\/div><div class=\"g-cols wpb_row via_grid cols_1 laptops-cols_inherit tablets-cols_inherit mobiles-cols_1 valign_top type_default stacking_default\"><div class=\"wpb_column vc_column_container\"><div class=\"vc_column-inner\"><div class=\"wpb_text_column us_custom_81aa4fc5 has_text_color\"><div class=\"wpb_wrapper\"><p style=\"text-align: center;\"><span style=\"font-weight: 400;\">PariPesa filial\u0131<\/span><\/p>\n<\/div><\/div><div class=\"w-separator size_custom\" style=\"height:30px\"><\/div><div class=\"w-btn-wrapper align_center\"><a class=\"w-btn us-btn-style_1 us_custom_d5c74bc1\" href=\"https:\/\/combodef.com\/L?tag=d_4824699m_147506c_&amp;site=4824699&amp;ad=147506\"><span class=\"w-btn-label\">\u0130ND\u0130 QO\u015eUL<\/span><\/a><\/div><\/div><\/div><\/div><div class=\"w-separator size_custom\" style=\"height:50px\"><\/div><\/div><\/div><\/div><\/div><\/section><section class=\"l-section wpb_row us_custom_ed6495de height_auto width_custom\" style=\"--site-content-width:1100px;\"><div class=\"l-section-h i-cf\"><div class=\"g-cols vc_row via_grid cols_1 laptops-cols_inherit tablets-cols_inherit mobiles-cols_1 valign_top type_default stacking_default\"><div class=\"wpb_column vc_column_container\"><div class=\"vc_column-inner\"><div class=\"w-separator size_custom\" style=\"height:50px\"><\/div><div class=\"wpb_text_column us_custom_6df4bc3a has_text_color\"><div class=\"wpb_wrapper\"><\/div><\/div><div class=\"w-separator size_custom\" style=\"height:30px\"><\/div><div class=\"w-text us_custom_ae916b83 has_text_color\"><span url class=\"w-text-h\"><span class=\"w-text-value\">Tez-tez veril\u0259n suallar<\/span><\/span><\/div><div class=\"w-separator size_custom\" style=\"height:30px\"><\/div><div class=\"w-tabs us_custom_3fbb5980 has_text_color style_default switch_click accordion has_scrolling\" style=\"--sections-title-size:22px\"><div class=\"w-tabs-sections titles-align_none icon_chevron cpos_right\"><div class=\"w-tabs-section\" id=\"r956\"><button class=\"w-tabs-section-header\" aria-controls=\"content-r956\" aria-expanded=\"false\"><div class=\"w-tabs-section-title\">T\u0259r\u0259fda\u015fl\u0131q proqram\u0131 n\u0259dir?<\/div><div class=\"w-tabs-section-control\"><\/div><\/button><div  class=\"w-tabs-section-content\" id=\"content-r956\"><div class=\"w-tabs-section-content-h i-cf\"><div class=\"wpb_text_column us_custom_dcb976c1 has_text_color\"><div class=\"wpb_wrapper\"><p><span style=\"font-weight: 400;\">A <\/span><span style=\"font-weight: 400;\">bahis sayt\u0131n\u0131n ortaql\u0131\u011f\u0131<\/span><span style=\"font-weight: 400;\"> proqram istifad\u0259\u00e7il\u0259r\u0259 m\u0259hsul v\u0259 ya xidm\u0259tl\u0259rini ba\u015fqa insanlara satmaq \u00fc\u00e7\u00fcn pul qazanma\u011fa imkan verir. M\u0259s\u0259l\u0259n, PariPesa proqram\u0131 yeni istifad\u0259\u00e7il\u0259ri sayta y\u00f6nl\u0259ndirm\u0259k \u00fc\u00e7\u00fcn t\u0259r\u0259fda\u015flar \u00fc\u00e7\u00fcn komissiyalar t\u0259min edir.<\/span><\/p>\n<\/div><\/div><\/div><\/div><\/div><div class=\"w-tabs-section\" id=\"ia6e\"><button class=\"w-tabs-section-header\" aria-controls=\"content-ia6e\" aria-expanded=\"false\"><div class=\"w-tabs-section-title\">\u018fn yax\u015f\u0131 idman bahis ortaq proqramlar\u0131n\u0131 nec\u0259 se\u00e7m\u0259k olar?<\/div><div class=\"w-tabs-section-control\"><\/div><\/button><div  class=\"w-tabs-section-content\" id=\"content-ia6e\"><div class=\"w-tabs-section-content-h i-cf\"><div class=\"wpb_text_column us_custom_dcb976c1 has_text_color\"><div class=\"wpb_wrapper\"><p><span style=\"font-weight: 400;\">Se\u00e7m\u0259k <\/span><span style=\"font-weight: 400;\">bahis ortaq proqramlar\u0131<\/span><span style=\"font-weight: 400;\"> m\u0259rc saytlar\u0131 se\u00e7m\u0259y\u0259 b\u0259nz\u0259yir. \u018fvv\u0259lc\u0259 m\u0259rc provayderini qiym\u0259tl\u0259ndirm\u0259k vacibdir. Xidm\u0259tl\u0259rin keyfiyy\u0259ti v\u0259 brendin n\u00fcfuzu haqq\u0131nda \u00f6yr\u0259nm\u0259kl\u0259 ba\u015flay\u0131n. Etibarl\u0131 bir provayder tapd\u0131qdan sonra proqram\u0131n \u00f6z\u00fcn\u00fc qiym\u0259tl\u0259ndirm\u0259y\u0259 \u00e7al\u0131\u015f\u0131n. Komissiyalar\u0131n m\u0259bl\u0259\u011fin\u0259 bax\u0131n v\u0259 rahat \u00f6d\u0259m\u0259 \u00fcsullar\u0131n\u0131n olub olmad\u0131\u011f\u0131n\u0131 yoxlay\u0131n.<\/span><\/p>\n<\/div><\/div><\/div><\/div><\/div><div class=\"w-tabs-section\" id=\"rb76\"><button class=\"w-tabs-section-header\" aria-controls=\"content-rb76\" aria-expanded=\"false\"><div class=\"w-tabs-section-title\">Affiliate proqramlar\u0131n\u0131n n\u00f6vl\u0259ri hans\u0131lard\u0131r?<\/div><div class=\"w-tabs-section-control\"><\/div><\/button><div  class=\"w-tabs-section-content\" id=\"content-rb76\"><div class=\"w-tabs-section-content-h i-cf\"><div class=\"wpb_text_column us_custom_dcb976c1 has_text_color\"><div class=\"wpb_wrapper\"><p><span style=\"font-weight: 400;\">\u018fsas\u0259n m\u00fcxt\u0259lif n\u00f6v bahis ortaq proqramlar\u0131 var <\/span><span style=\"font-weight: 400;\">bahis filiallar\u0131n\u0131n qazanc\u0131<\/span><span style=\"font-weight: 400;\"> h\u0259ll\u0259r. Bir n\u00f6v vebsayta istinad edil\u0259n h\u0259r yeni oyun\u00e7u \u00fc\u00e7\u00fcn pul t\u0259klif edir. \u0130kinci n\u00f6v, istinad edil\u0259n istifad\u0259\u00e7il\u0259rin qazanc\u0131 \u0259sas\u0131nda komissiyalar t\u0259min edir. \u00dc\u00e7\u00fcnc\u00fc n\u00f6v is\u0259 bu ortaq proqram n\u00f6vl\u0259rind\u0259n ikisinin birl\u0259\u015fm\u0259sidir.<\/span><\/p>\n<\/div><\/div><\/div><\/div><\/div><div class=\"w-tabs-section\" id=\"bc98\"><button class=\"w-tabs-section-header\" aria-controls=\"content-bc98\" aria-expanded=\"false\"><div class=\"w-tabs-section-title\">Affiliate m\u0259rc saytlar\u0131n\u0131n n\u00f6vl\u0259ri hans\u0131lard\u0131r?<\/div><div class=\"w-tabs-section-control\"><\/div><\/button><div  class=\"w-tabs-section-content\" id=\"content-bc98\"><div class=\"w-tabs-section-content-h i-cf\"><div class=\"wpb_text_column us_custom_dcb976c1 has_text_color\"><div class=\"wpb_wrapper\"><p><span style=\"font-weight: 400;\">F\u0259rqli oldu\u011fu kim i<\/span><span style=\"font-weight: 400;\">bahis ortaq proqramlar\u0131<\/span><span style=\"font-weight: 400;\">, istifad\u0259\u00e7il\u0259r m\u00fcxt\u0259lif m\u0259rc saytlar\u0131 da k\u0259\u015ff ed\u0259 bil\u0259rl\u0259r. Bahis saytlar\u0131 m\u00fcxt\u0259lif x\u00fcsusiyy\u0259tl\u0259r\u0259 g\u00f6r\u0259 m\u00fcxt\u0259lif kateqoriyalara b\u00f6l\u00fcn\u0259 bil\u0259r. M\u0259s\u0259l\u0259n, futbol, \u200b\u200bfutbol, \u200b\u200bbasketbol, \u200b\u200btennis v\u0259 s. kimi x\u00fcsusi idman n\u00f6vl\u0259rin\u0259 h\u0259sr olunmu\u015f idman m\u0259rc saytlar\u0131 var. Alternativ olaraq, idman bahis platformalar\u0131 b\u0259zil\u0259ri kimi m\u00fcxt\u0259lif xidm\u0259tl\u0259r t\u0259klif ed\u0259 bil\u0259 r<\/span><span style=\"font-weight: 400;\">\u0259n yax\u015f\u0131 kazino ortaq proqramlar\u0131<\/span><span style=\"font-weight: 400;\">, r\u0259q\u0259msal idman n\u00f6vl\u0259rin\u0259 m\u0259rc etm\u0259k v\u0259 ya h\u0259tta qeyri-idman yar\u0131\u015flar\u0131na m\u0259rc etm\u0259k.<\/span><\/p>\n<\/div><\/div><\/div><\/div><\/div><\/div><\/div><div class=\"w-separator size_custom\" style=\"height:30px\"><\/div><\/div><\/div><\/div><\/div><\/section>\n","protected":false},"excerpt":{"rendered":"PariPesa Affiliate Proqram\u0131na nec\u0259 \u00fczv olmaq olar? il\u0259 ba\u015flamaq PariPesa ortaq proqram\u0131 h\u0259r hans\u0131 bir idman bahis\u00e7isi \u00fc\u00e7\u00fcn inan\u0131lmaz d\u0259r\u0259c\u0259d\u0259 sad\u0259dir. S\u0259yah\u0259tiniz\u0259 ba\u015flamaq \u00fc\u00e7\u00fcn PariPesa onlayn bukmeyker kontoru vebsayt \u00fc\u00e7\u00fcn \u0259vv\u0259lc\u0259 s\u00fcr\u0259tli qeydiyyat prosesind\u0259n ke\u00e7m\u0259k laz\u0131md\u0131r. Budur, nec\u0259 filial olursunuz: PariPesa sayt\u0131nda qeydiyyatdan ke\u00e7in. \u0130stifad\u0259\u00e7i ad\u0131n\u0131z, parolunuz, diliniz, \u015f\u0259xsi m\u0259lumat\u0131n\u0131z, \u00f6d\u0259ni\u015f metodunuz v\u0259 s. kimi...","protected":false},"author":1,"featured_media":2815,"parent":0,"menu_order":0,"comment_status":"closed","ping_status":"closed","template":"","meta":{"footnotes":""},"class_list":["post-2096","page","type-page","status-publish","has-post-thumbnail","hentry"],"_links":{"self":[{"href":"https:\/\/paripesa.partners\/az\/wp-json\/wp\/v2\/pages\/2096","targetHints":{"allow":["GET"]}}],"collection":[{"href":"https:\/\/paripesa.partners\/az\/wp-json\/wp\/v2\/pages"}],"about":[{"href":"https:\/\/paripesa.partners\/az\/wp-json\/wp\/v2\/types\/page"}],"author":[{"embeddable":true,"href":"https:\/\/paripesa.partners\/az\/wp-json\/wp\/v2\/users\/1"}],"replies":[{"embeddable":true,"href":"https:\/\/paripesa.partners\/az\/wp-json\/wp\/v2\/comments?post=2096"}],"version-history":[{"count":2,"href":"https:\/\/paripesa.partners\/az\/wp-json\/wp\/v2\/pages\/2096\/revisions"}],"predecessor-version":[{"id":12648,"href":"https:\/\/paripesa.partners\/az\/wp-json\/wp\/v2\/pages\/2096\/revisions\/12648"}],"wp:featuredmedia":[{"embeddable":true,"href":"https:\/\/paripesa.partners\/az\/wp-json\/wp\/v2\/media\/2815"}],"wp:attachment":[{"href":"https:\/\/paripesa.partners\/az\/wp-json\/wp\/v2\/media?parent=2096"}],"curies":[{"name":"wp","href":"https:\/\/api.w.org\/{rel}","templated":true}]}}