{"id":1817,"date":"2023-08-30T09:17:46","date_gmt":"2023-08-30T06:17:46","guid":{"rendered":"https:\/\/paripesa.partners\/home\/"},"modified":"2025-06-11T13:55:00","modified_gmt":"2025-06-11T10:55:00","slug":"home","status":"publish","type":"page","link":"https:\/\/paripesa.partners\/aus\/","title":{"rendered":"PariPesa PARTNER \u2013 DAS BESTE CASINO-AFFILIATE-PROGRAMM"},"content":{"rendered":"<section class=\"l-section wpb_row height_auto width_custom\" style=\"--site-content-width:1100px;\"><div class=\"l-section-h i-cf\"><div class=\"g-cols vc_row via_grid cols_1 laptops-cols_inherit tablets-cols_inherit mobiles-cols_1 valign_top type_default stacking_default\"><div class=\"wpb_column vc_column_container\"><div class=\"vc_column-inner\"><div class=\"wpb_text_column\"><div class=\"wpb_wrapper\"><h1><span style=\"font-weight: 400;\">Anleitung zur Teilnahme am PariPesa Partnerprogramm in \u00d6sterreich<\/span><\/h1>\n<p><span style=\"font-weight: 400;\">Der Einstieg in das <\/span><span style=\"font-weight: 400;\">PariPesa Partnerprogramm<\/span><span style=\"font-weight: 400;\"> ist f\u00fcr jeden Sportbegeisterten in \u00d6sterreich m\u00fchelos und unkompliziert. Um Ihr Projekt mit dem gesch\u00e4tzten Online-Buchmacher PariPesa zu starten, m\u00fcssen Sie sich zun\u00e4chst schnell registrieren. Hier erfahren Sie, wie Sie ein Partner werden k\u00f6nnen:<\/span><\/p>\n<ol>\n<li style=\"font-weight: 400;\" aria-level=\"1\"><span style=\"font-weight: 400;\">Melden Sie sich auf der PariPesa-Webseite an: F\u00fcllen Sie das Registrierungsformular aus, indem Sie wichtige Details wie Ihren Benutzernamen, Ihr Passwort, Ihre bevorzugte Sprache, pers\u00f6nliche Informationen und die Zahlungsmethode angeben. Stellen Sie sicher, dass alle Felder korrekt ausgef\u00fcllt sind, um erfolgreich fortzufahren.<\/span><\/li>\n<li style=\"font-weight: 400;\" aria-level=\"1\"><span style=\"font-weight: 400;\">W\u00e4hlen Sie Ihr Verdienstmodell: Pr\u00fcfen Sie die drei verf\u00fcgbaren Verdienstmodelle innerhalb des PariPesa-Partnerprogramms und w\u00e4hlen Sie dasjenige aus, das am besten zu Ihren Pr\u00e4ferenzen und Zielen passt.<\/span><\/li>\n<li style=\"font-weight: 400;\" aria-level=\"1\"><span style=\"font-weight: 400;\">Stimmen Sie den Allgemeinen Gesch\u00e4ftsbedingungen zu: Bevor Sie Ihre Mitgliedschaft abschlie\u00dfen, sollten Sie die Allgemeinen Gesch\u00e4ftsbedingungen des PariPesa Partnerprogramms sorgf\u00e4ltig durchlesen und akzeptieren, um sicherzustellen, dass sie eingehalten und verstanden werden.<\/span><\/li>\n<\/ol>\n<p><span style=\"font-weight: 400;\">Wenn Sie diese drei einfachen Schritte befolgen, werden Sie schnell Geld mit dem Partnerprogramm verdienen.<\/span><\/p>\n<h2><span style=\"font-weight: 400;\">Wie gewinnt man Kunden in Wett Partnerprogrammen in \u00d6sterreich?<\/span><\/h2>\n<p><span style=\"font-weight: 400;\">Um Ihre Reise als <strong>PariPesa-Partner<\/strong> zu beginnen, ist es Ihr Ziel, neue Nutzer f\u00fcr die Plattform zu gewinnen, die an Wett Aktivit\u00e4ten teilnehmen. Dies kann erreicht werden, indem Sie potenzielle Kunden durch Empfehlungslinks und Werbeangebote anlocken. Hier erfahren Sie, wie Sie neue Nutzer mit einem Promo-Code anlocken k\u00f6nnen:<\/span><\/p>\n<ul>\n<li><span style=\"font-weight: 400;\">Erzeugen Sie einen Promo-Code auf Ihrem Konto.<\/span><\/li>\n<li><span style=\"font-weight: 400;\">Bieten Sie den Gutscheincode neuen Nutzern an, indem Sie sie mit Ihrem Konto verkn\u00fcpfen, damit Sie an der Weiterempfehlung verdienen.<\/span><\/li>\n<li><span style=\"font-weight: 400;\">Verwenden Sie Promo-Codes, um Zugang zu verlockenden Bonus Angeboten zu erhalten, und machen Sie das Angebot f\u00fcr potenzielle Wettenden attraktiver.<\/span><\/li>\n<\/ul>\n<p><span style=\"font-weight: 400;\">PariPesa zeichnet sich als eines der besten Sportwetten-Partnerprogramme aus, vor allem wegen der attraktiven Boni, die es seinen Besuchern bietet.<\/span><\/p>\n<h2><span style=\"font-weight: 400;\">Verwendung von Referral Links<\/span><\/h2>\n<p><span style=\"font-weight: 400;\">Die Arbeit mit Referral-Links ist ein unkomplizierter Prozess. Sie k\u00f6nnen in Ihrem Konto eindeutige Links zum Sportwetten- und Casino-Online-Partnerprogramm erstellen und diese online verteilen. Diese Links werden in Ihrem Konto nachverfolgt, so dass Sie die Interaktionen und Anmeldungen neuer Benutzer \u00fcberwachen k\u00f6nnen.<\/span><\/p>\n<h2><span style=\"font-weight: 400;\">Bestimmung der Kunde Belohnungen<\/span><\/h2>\n<p><span style=\"font-weight: 400;\">Die verschiedenen Arten von Sportwetten-Partnerprogrammen bieten je nach dem gew\u00e4hlten Verdienstmodell unterschiedliche Belohnungen. Wenn Sie sich beispielsweise f\u00fcr ein CPA-Programm entscheiden, erhalten Sie jedes Mal eine Zahlung, wenn sich ein neuer Kunde \u00fcber Ihren Empfehlungslink anmeldet. \u00c4hnliche Prinzipien gelten f\u00fcr andere Partnerprogramme.<\/span><\/p>\n<h2><span style=\"font-weight: 400;\">Abheben von Einnahmen von PariPesa-Partnern<\/span><\/h2>\n<p><span style=\"font-weight: 400;\">PariPesa verf\u00fcgt \u00fcber eines der bestbezahlten Casino-Partnerprogramme und unterstreicht damit die Bedeutung reibungsloser Auszahlungsprozesse. Die Mindest Auszahlungsgrenze liegt bei $30, und die Gewinne m\u00fcssen diese Summe erreichen, bevor sie ausgezahlt werden k\u00f6nnen. Es stehen verschiedene Zahlungsmethoden zur Verf\u00fcgung, die den unterschiedlichsten Vorlieben gerecht werden, darunter elektronische Geldb\u00f6rsen, Kryptow\u00e4hrung L\u00f6sungen und Bank\u00fcberweisungen.<\/span><\/p>\n<h2><span style=\"font-weight: 400;\">Struktur und Entlohnung im Casino-Partnerprogramm<\/span><\/h2>\n<p><span style=\"font-weight: 400;\">Das PariPesa-Partnerprogramm richtet sich sowohl an Sportbegeisterte als auch an Casino-Liebhaber. Es wurde 2019 ins Leben gerufen und bietet den Teilnehmern Echtgeldpr\u00e4mien f\u00fcr die Bewerbung der Wettplattform und die Gewinnung neuer Nutzer, was es zu einem vielversprechenden Weg f\u00fcr Affiliate Marketer in \u00d6sterreich macht.<\/span><\/p>\n<\/div><\/div><div class=\"w-separator size_custom\" style=\"height:30px\"><\/div><div class=\"wpb_text_column\"><div class=\"wpb_wrapper\"><\/div><\/div><div class=\"w-separator size_custom\" style=\"height:50px\"><\/div><div class=\"w-hwrapper valign_top stack_on_mobiles align_center\" style=\"--hwrapper-gap:20px\"><div class=\"w-btn-wrapper align_center\"><a class=\"w-btn us-btn-style_3 us_custom_d5c74bc1\" href=\"https:\/\/combodef.com\/L?tag=d_4824699m_147506c_&amp;site=4824699&amp;ad=147506\"><span class=\"w-btn-label\">ANMELDEN<\/span><\/a><\/div><div class=\"w-btn-wrapper align_center\"><a class=\"w-btn us-btn-style_1 us_custom_d5c74bc1\" href=\"https:\/\/combodef.com\/L?tag=d_4824699m_147506c_&amp;site=4824699&amp;ad=147506\"><span class=\"w-btn-label\">ANMELDEN<\/span><\/a><\/div><\/div><div class=\"w-separator size_custom\" style=\"height:50px\"><\/div><div class=\"g-cols wpb_row us_custom_b6b7bf55 via_grid cols_3 laptops-cols_inherit tablets-cols_inherit mobiles-cols_1 valign_middle type_default stacking_default\"><div class=\"wpb_column vc_column_container\"><div class=\"vc_column-inner\"><div class=\"w-image align_center\"><div url class=\"w-image-h\"><img loading=\"lazy\" decoding=\"async\" width=\"53\" height=\"49\" src=\"https:\/\/paripesa.partners\/wp-content\/uploads\/2023\/09\/steps-icon-1-2.png\" class=\"attachment-full size-full\" alt=\"PariPesa PARTNER \u2013 DAS BESTE CASINO-AFFILIATE-PROGRAMM\" title=\"PariPesa PARTNER \u2013 DAS BESTE CASINO-AFFILIATE-PROGRAMM\" \/><\/div><\/div><div class=\"w-separator size_custom\" style=\"height:20px\"><\/div><div class=\"w-text us_custom_9371a4c5 has_text_color\"><span url class=\"w-text-h\"><span class=\"w-text-value\">PariPesa Partnerprogramm<\/span><\/span><\/div><\/div><\/div><div class=\"wpb_column vc_column_container\"><div class=\"vc_column-inner\"><div class=\"w-image align_center\"><div url class=\"w-image-h\"><img loading=\"lazy\" decoding=\"async\" width=\"49\" height=\"49\" src=\"https:\/\/paripesa.partners\/wp-content\/uploads\/2023\/09\/steps-icon-2-2.png\" class=\"attachment-full size-full\" alt=\"PariPesa PARTNER \u2013 DAS BESTE CASINO-AFFILIATE-PROGRAMM\" title=\"PariPesa PARTNER \u2013 DAS BESTE CASINO-AFFILIATE-PROGRAMM\" \/><\/div><\/div><div class=\"w-separator size_custom\" style=\"height:20px\"><\/div><div class=\"w-text us_custom_9371a4c5 has_text_color\"><span url class=\"w-text-h\"><span class=\"w-text-value\">PariPesa Partnerprogramm<\/span><\/span><\/div><\/div><\/div><div class=\"wpb_column vc_column_container\"><div class=\"vc_column-inner\"><div class=\"w-image align_center\"><div url class=\"w-image-h\"><img loading=\"lazy\" decoding=\"async\" width=\"92\" height=\"49\" src=\"https:\/\/paripesa.partners\/wp-content\/uploads\/2023\/09\/steps-icon-3-1.png\" class=\"attachment-full size-full\" alt=\"PariPesa PARTNER \u2013 DAS BESTE CASINO-AFFILIATE-PROGRAMM\" title=\"PariPesa PARTNER \u2013 DAS BESTE CASINO-AFFILIATE-PROGRAMM\" \/><\/div><\/div><div class=\"w-separator size_custom\" style=\"height:20px\"><\/div><div class=\"w-text us_custom_9371a4c5 has_text_color\"><span url class=\"w-text-h\"><span class=\"w-text-value\">PariPesa Partnerprogramm<\/span><\/span><\/div><\/div><\/div><\/div><div class=\"w-separator size_custom\" style=\"height:50px\"><\/div><\/div><\/div><\/div><\/div><\/section><section class=\"l-section wpb_row us_custom_45afd6fa height_auto\"><div class=\"l-section-overlay\" style=\"background:rgba(0,7,86,0.50)\"><\/div><div class=\"l-section-h i-cf\"><div class=\"g-cols vc_row via_grid cols_1 laptops-cols_inherit tablets-cols_inherit mobiles-cols_1 valign_top type_default stacking_default\"><div class=\"wpb_column vc_column_container\"><div class=\"vc_column-inner\"><div class=\"w-separator size_custom\" style=\"height:50px\"><\/div><div class=\"g-cols wpb_row via_grid cols_1 laptops-cols_inherit tablets-cols_inherit mobiles-cols_1 valign_top type_default stacking_default\"><div class=\"wpb_column vc_column_container\"><div class=\"vc_column-inner\"><div class=\"wpb_text_column us_custom_81aa4fc5 has_text_color\"><div class=\"wpb_wrapper\"><p style=\"text-align: center;\">PariPesa-Partner<\/p>\n<\/div><\/div><div class=\"w-separator size_custom\" style=\"height:30px\"><\/div><div class=\"w-btn-wrapper align_center\"><a class=\"w-btn us-btn-style_1 us_custom_d5c74bc1\" href=\"https:\/\/combodef.com\/L?tag=d_4824699m_147506c_&amp;site=4824699&amp;ad=147506\"><span class=\"w-btn-label\">JOIN NOW<\/span><\/a><\/div><\/div><\/div><\/div><div class=\"w-separator size_custom\" style=\"height:50px\"><\/div><\/div><\/div><\/div><\/div><\/section><section class=\"l-section wpb_row us_custom_ed6495de height_auto width_custom\" style=\"--site-content-width:1100px;\"><div class=\"l-section-h i-cf\"><div class=\"g-cols vc_row via_grid cols_1 laptops-cols_inherit tablets-cols_inherit mobiles-cols_1 valign_top type_default stacking_default\"><div class=\"wpb_column vc_column_container\"><div class=\"vc_column-inner\"><div class=\"w-separator size_custom\" style=\"height:50px\"><\/div><div class=\"wpb_text_column us_custom_6df4bc3a has_text_color\"><div class=\"wpb_wrapper\"><\/div><\/div><div class=\"w-separator size_custom\" style=\"height:30px\"><\/div><div class=\"w-text us_custom_ae916b83 has_text_color\"><span url class=\"w-text-h\"><span class=\"w-text-value\">FREQUENTLY ASKED QUESTION<\/span><\/span><\/div><div class=\"w-separator size_custom\" style=\"height:30px\"><\/div><div class=\"w-tabs us_custom_3fbb5980 has_text_color style_default switch_click accordion has_scrolling\" style=\"--sections-title-size:22px\"><div class=\"w-tabs-sections titles-align_none icon_chevron cpos_right\"><div class=\"w-tabs-section\" id=\"g5ee\"><button class=\"w-tabs-section-header\" aria-controls=\"content-g5ee\" aria-expanded=\"false\"><div class=\"w-tabs-section-title\">Was ist ein Partnerprogramm?<\/div><div class=\"w-tabs-section-control\"><\/div><\/button><div  class=\"w-tabs-section-content\" id=\"content-g5ee\"><div class=\"w-tabs-section-content-h i-cf\"><div class=\"wpb_text_column us_custom_dcb976c1 has_text_color\"><div class=\"wpb_wrapper\"><p>Mit einem Partnerprogramm f\u00fcr Wettseiten k\u00f6nnen Benutzer Geld f\u00fcr die Vermarktung ihrer Produkte oder Dienstleistungen an andere Personen verdienen. Das PariPesa-Programm bietet beispielsweise Provisionen f\u00fcr Partner, die neue Nutzer auf die Website verweisen.<\/p>\n<\/div><\/div><\/div><\/div><\/div><div class=\"w-tabs-section\" id=\"o725\"><button class=\"w-tabs-section-header\" aria-controls=\"content-o725\" aria-expanded=\"false\"><div class=\"w-tabs-section-title\">Wie w\u00e4hlt man die besten Partnerprogramme f\u00fcr Sportwetten aus?<\/div><div class=\"w-tabs-section-control\"><\/div><\/button><div  class=\"w-tabs-section-content\" id=\"content-o725\"><div class=\"w-tabs-section-content-h i-cf\"><div class=\"wpb_text_column us_custom_dcb976c1 has_text_color\"><div class=\"wpb_wrapper\"><p>Die Auswahl von Partnerprogrammen f\u00fcr Sportwetten ist \u00e4hnlich wie die Auswahl von Wettseiten. Es ist wichtig, zun\u00e4chst den Wettanbieter zu bewerten. Informieren Sie sich zun\u00e4chst \u00fcber die Qualit\u00e4t der Dienstleistungen und den Ruf der Marke. Nachdem Sie einen zuverl\u00e4ssigen Anbieter gefunden haben, versuchen Sie, das Programm selbst zu bewerten. Sehen Sie sich die H\u00f6he der Provisionen an und pr\u00fcfen Sie, ob es bequeme Auszahlungsmethoden gibt.<\/p>\n<\/div><\/div><\/div><\/div><\/div><div class=\"w-tabs-section\" id=\"n84a\"><button class=\"w-tabs-section-header\" aria-controls=\"content-n84a\" aria-expanded=\"false\"><div class=\"w-tabs-section-title\">Was sind die Arten von Partnerprogrammen?<\/div><div class=\"w-tabs-section-control\"><\/div><\/button><div  class=\"w-tabs-section-content\" id=\"content-n84a\"><div class=\"w-tabs-section-content-h i-cf\"><div class=\"wpb_text_column us_custom_dcb976c1 has_text_color\"><div class=\"wpb_wrapper\"><p>Es gibt verschiedene Arten von Wettpartnerprogrammen, die auf den Verdienstm\u00f6glichkeiten der Wettpartner basieren. Die eine Art bietet Geld f\u00fcr jeden neuen Spieler, der auf die Website verwiesen wird. Die zweite Art bietet Provisionen, die auf den Einnahmen der geworbenen Nutzer basieren. Und der dritte Typ ist eine Kombination aus zwei dieser Partnerprogrammtypen.<\/p>\n<\/div><\/div><\/div><\/div><\/div><div class=\"w-tabs-section\" id=\"w97c\"><button class=\"w-tabs-section-header\" aria-controls=\"content-w97c\" aria-expanded=\"false\"><div class=\"w-tabs-section-title\">Welche Arten von Affiliate-Wettseiten gibt es?<\/div><div class=\"w-tabs-section-control\"><\/div><\/button><div  class=\"w-tabs-section-content\" id=\"content-w97c\"><div class=\"w-tabs-section-content-h i-cf\"><div class=\"wpb_text_column us_custom_dcb976c1 has_text_color\"><div class=\"wpb_wrapper\"><p>o wie es verschiedene Partnerprogramme f\u00fcr Wetten gibt, k\u00f6nnen Nutzer auch verschiedene Wett-Websites entdecken. Wettseiten k\u00f6nnen anhand verschiedener Merkmale in unterschiedliche Kategorien eingeteilt werden. So gibt es zum Beispiel Sportwetten-Websites, die sich auf bestimmte Sportarten wie Fu\u00dfball, Football, Basketball, Tennis und andere spezialisiert haben. Alternativ dazu k\u00f6nnen Sportwettenplattformen verschiedene Dienstleistungen anbieten, wie z. B. einige der besten Casino-Partnerprogramme, Wetten auf digitale Sportarten oder sogar Wetten auf nicht-sportliche Ereignisse.<\/p>\n<\/div><\/div><\/div><\/div><\/div><\/div><\/div><div class=\"w-separator size_custom\" style=\"height:30px\"><\/div><\/div><\/div><\/div><\/div><\/section>\n","protected":false},"excerpt":{"rendered":"Anleitung zur Teilnahme am PariPesa Partnerprogramm in \u00d6sterreich Der Einstieg in das PariPesa Partnerprogramm ist f\u00fcr jeden Sportbegeisterten in \u00d6sterreich m\u00fchelos und unkompliziert. Um Ihr Projekt mit dem gesch\u00e4tzten Online-Buchmacher PariPesa zu starten, m\u00fcssen Sie sich zun\u00e4chst schnell registrieren. Hier erfahren Sie, wie Sie ein Partner werden k\u00f6nnen: Melden Sie sich auf der PariPesa-Webseite an:...","protected":false},"author":1,"featured_media":2814,"parent":0,"menu_order":0,"comment_status":"closed","ping_status":"closed","template":"","meta":{"footnotes":""},"class_list":["post-1817","page","type-page","status-publish","has-post-thumbnail","hentry"],"_links":{"self":[{"href":"https:\/\/paripesa.partners\/aus\/wp-json\/wp\/v2\/pages\/1817","targetHints":{"allow":["GET"]}}],"collection":[{"href":"https:\/\/paripesa.partners\/aus\/wp-json\/wp\/v2\/pages"}],"about":[{"href":"https:\/\/paripesa.partners\/aus\/wp-json\/wp\/v2\/types\/page"}],"author":[{"embeddable":true,"href":"https:\/\/paripesa.partners\/aus\/wp-json\/wp\/v2\/users\/1"}],"replies":[{"embeddable":true,"href":"https:\/\/paripesa.partners\/aus\/wp-json\/wp\/v2\/comments?post=1817"}],"version-history":[{"count":2,"href":"https:\/\/paripesa.partners\/aus\/wp-json\/wp\/v2\/pages\/1817\/revisions"}],"predecessor-version":[{"id":12647,"href":"https:\/\/paripesa.partners\/aus\/wp-json\/wp\/v2\/pages\/1817\/revisions\/12647"}],"wp:featuredmedia":[{"embeddable":true,"href":"https:\/\/paripesa.partners\/aus\/wp-json\/wp\/v2\/media\/2814"}],"wp:attachment":[{"href":"https:\/\/paripesa.partners\/aus\/wp-json\/wp\/v2\/media?parent=1817"}],"curies":[{"name":"wp","href":"https:\/\/api.w.org\/{rel}","templated":true}]}}